{"id":29249,"date":"2025-02-20T22:30:10","date_gmt":"2025-02-20T22:30:10","guid":{"rendered":"http:\/\/olemosaic.com\/producto\/bol-de-coco-mosaico-barcelona\/"},"modified":"2025-07-25T18:47:21","modified_gmt":"2025-07-25T16:47:21","slug":"taca-de-coco-mosaico-barcelona","status":"publish","type":"product","link":"https:\/\/olemosaic.com\/pt-pt\/produto\/taca-de-coco-mosaico-barcelona\/","title":{"rendered":"Ta\u00e7a de coco. Mosaico. Barcelona."},"content":{"rendered":"<p>Esta ta\u00e7a de coco decorada com um mosaico colorido \u00e9 uma aut\u00eantica homenagem \u00e0 vibrante ess\u00eancia de Barcelona. Elaborada com um design artesanal, a ta\u00e7a apresenta uma superf\u00edcie decorada com pe\u00e7as de cer\u00e2mica que exibem tonalidades vibrantes, com predom\u00ednio do rosa, azul e dourado, entrela\u00e7adas num padr\u00e3o art\u00edstico e cativante. No centro da ta\u00e7a sobressai a inscri\u00e7\u00e3o &#8220;Barcelona&#8221;, o que lhe confere um car\u00e1cter distintivo e a torna uma recorda\u00e7\u00e3o inesquec\u00edvel da cidade condal.<\/p>\n<p>Al\u00e9m do seu apelo est\u00e9tico, esta ta\u00e7a \u00e9 ideal como elemento decorativo ou para guardar pequenos objetos, conferindo um toque de frescura e cor a qualquer espa\u00e7o. A escolha cuidada das cores e o trabalho detalhado do mosaico refletem a tradi\u00e7\u00e3o artesanal da regi\u00e3o, ligando os turistas \u00e0 rica heran\u00e7a cultural catal\u00e3. Este artigo n\u00e3o \u00e9 apenas um souvenir de Barcelona, mas tamb\u00e9m uma amostra da modernidade que caracteriza o design da cidade.<\/p>\n<p>Na Ol\u00e9 Mosaic, somos distribuidores de souvenirs aut\u00eanticos e de qualidade, e oferecemos esta ta\u00e7a de coco decorada como uma excelente op\u00e7\u00e3o para lojas de presentes tur\u00edsticos. \u00c9 um produto que se destaca pela sua originalidade e relev\u00e2ncia cultural, tornando-se um imprescind\u00edvel para quem procura souvenirs \u00fanicos e representativos de Barcelona. Como grossistas de souvenirs, garantimos a autenticidade e o design excecional de cada pe\u00e7a.<\/p>\n","protected":false},"excerpt":{"rendered":"<p>Ta\u00e7a de coco decorada com um colorido mosaico inspirado na ess\u00eancia de Barcelona. Esta atraente ta\u00e7a apresenta um design \u00fanico com pe\u00e7as de cer\u00e2mica em tons vibrantes como rosa, azul e dourado, dispostas de forma art\u00edstica. No centro, destaca-se a palavra &#8220;Barcelona&#8221;, que acrescenta um toque distintivo. Ideal para decora\u00e7\u00e3o ou como recipiente para pequenos objetos, esta ta\u00e7a combina a tradi\u00e7\u00e3o artesanal com a modernidade do design catal\u00e3o.<\/p>\n","protected":false},"featured_media":11807,"template":"","meta":{"_acf_changed":false},"product_brand":[],"product_cat":[513],"product_tag":[],"class_list":{"0":"post-29249","1":"product","2":"type-product","3":"status-publish","4":"has-post-thumbnail","6":"product_cat-bols","7":"pa_ciudad-barcelona","8":"pa_motivo-mosaico","9":"pa_pais-espana","11":"first","12":"instock","13":"shipping-taxable","14":"product-type-simple"},"acf":[],"_links":{"self":[{"href":"https:\/\/olemosaic.com\/pt-pt\/wp-json\/wp\/v2\/product\/29249","targetHints":{"allow":["GET"]}}],"collection":[{"href":"https:\/\/olemosaic.com\/pt-pt\/wp-json\/wp\/v2\/product"}],"about":[{"href":"https:\/\/olemosaic.com\/pt-pt\/wp-json\/wp\/v2\/types\/product"}],"wp:featuredmedia":[{"embeddable":true,"href":"https:\/\/olemosaic.com\/pt-pt\/wp-json\/wp\/v2\/media\/11807"}],"wp:attachment":[{"href":"https:\/\/olemosaic.com\/pt-pt\/wp-json\/wp\/v2\/media?parent=29249"}],"wp:term":[{"taxonomy":"product_brand","embeddable":true,"href":"https:\/\/olemosaic.com\/pt-pt\/wp-json\/wp\/v2\/product_brand?post=29249"},{"taxonomy":"product_cat","embeddable":true,"href":"https:\/\/olemosaic.com\/pt-pt\/wp-json\/wp\/v2\/product_cat?post=29249"},{"taxonomy":"product_tag","embeddable":true,"href":"https:\/\/olemosaic.com\/pt-pt\/wp-json\/wp\/v2\/product_tag?post=29249"}],"curies":[{"name":"wp","href":"https:\/\/api.w.org\/{rel}","templated":true}]}}