{"id":29189,"date":"2025-02-20T22:30:08","date_gmt":"2025-02-20T22:30:08","guid":{"rendered":"http:\/\/olemosaic.com\/producto\/bol-de-coco-de-corazones-delfin-barcelona\/"},"modified":"2025-07-25T19:21:03","modified_gmt":"2025-07-25T17:21:03","slug":"taca-de-coco-de-coracoes-golfinho-barcelona","status":"publish","type":"product","link":"https:\/\/olemosaic.com\/pt-pt\/produto\/taca-de-coco-de-coracoes-golfinho-barcelona\/","title":{"rendered":"Ta\u00e7a de coco de cora\u00e7\u00f5es. Golfinho. Barcelona."},"content":{"rendered":"<p>Esta ta\u00e7a de coco, decorada com encantadores cora\u00e7\u00f5es e golfinhos, \u00e9 uma requintada representa\u00e7\u00e3o da vibrante cultura barcelonesa. Elaborada com a destreza artesanal que caracteriza a regi\u00e3o, esta elegante ta\u00e7a destaca-se pelo seu impressionante design, que combina mosaicos de cores em tons suaves de azul, laranja e cru, criando uma pe\u00e7a \u00fanica que captura a ess\u00eancia do Mediterr\u00e2neo. No interior da ta\u00e7a, dois golfinhos brincalh\u00f5es ganham vida numa arte detalhada que evoca as \u00e1guas alegres que rodeiam a cidade, enquanto a inscri\u00e7\u00e3o \u201cBarcelona\u201d acrescenta um toque de autenticidade que a torna uma recorda\u00e7\u00e3o inesquec\u00edvel.<\/p>\n<p>A combina\u00e7\u00e3o de cora\u00e7\u00f5es e golfinhos n\u00e3o s\u00f3 real\u00e7a a liga\u00e7\u00e3o da ta\u00e7a com o mar, parte integrante da identidade de Barcelona, como tamb\u00e9m simboliza a alegria e o amor que se respiram nesta cidade cosmopolita. Cada detalhe, desde a forma da ta\u00e7a at\u00e9 aos delicados mosaicos, foi cuidadosamente pensado para que cada visitante leve consigo um peda\u00e7o da cultura catal\u00e3. Esta ta\u00e7a n\u00e3o s\u00f3 \u00e9 ideal para a decora\u00e7\u00e3o do lar, como tamb\u00e9m \u00e9 um magn\u00edfico souvenir que reflete a rica tradi\u00e7\u00e3o artesanal espanhola.<\/p>\n<p>Na Ol\u00e9 Mosaic, como grossistas de souvenirs aut\u00eanticos, oferecemos esta pe\u00e7a \u00fanica para lojas de presentes tur\u00edsticos que procuram produtos representativos. Esta ta\u00e7a de coco \u00e9 uma excelente op\u00e7\u00e3o para aqueles turistas que desejem levar uma recorda\u00e7\u00e3o cultural significativa de Barcelona e da sua espl\u00eandida costa.<\/p>\n","protected":false},"excerpt":{"rendered":"<p>Ta\u00e7a de coco decorada com encantadores cora\u00e7\u00f5es e golfinhos, inspirada na vibrante cidade de Barcelona. Esta elegante ta\u00e7a, elaborada a partir de coco, apresenta um delicado design com mosaicos de cores que evidenciam a t\u00e9cnica artesanal, al\u00e9m de uma ilustra\u00e7\u00e3o de golfinhos que evocam o mar Mediterr\u00e2neo. Os tons suaves em azuis, laranjas e crus, combinados com a inscri\u00e7\u00e3o \u201cBarcelona\u201d, fazem desta ta\u00e7a uma pe\u00e7a decorativa ideal para qualquer lar.<\/p>\n","protected":false},"featured_media":10365,"template":"","meta":{"_acf_changed":false},"product_brand":[],"product_cat":[513],"product_tag":[516],"class_list":{"0":"post-29189","1":"product","2":"type-product","3":"status-publish","4":"has-post-thumbnail","6":"product_cat-bols","7":"product_tag-animais","8":"pa_ciudad-barcelona","9":"pa_motivo-golfinhos","10":"pa_pais-espana","12":"first","13":"instock","14":"shipping-taxable","15":"product-type-simple"},"acf":[],"_links":{"self":[{"href":"https:\/\/olemosaic.com\/pt-pt\/wp-json\/wp\/v2\/product\/29189","targetHints":{"allow":["GET"]}}],"collection":[{"href":"https:\/\/olemosaic.com\/pt-pt\/wp-json\/wp\/v2\/product"}],"about":[{"href":"https:\/\/olemosaic.com\/pt-pt\/wp-json\/wp\/v2\/types\/product"}],"wp:featuredmedia":[{"embeddable":true,"href":"https:\/\/olemosaic.com\/pt-pt\/wp-json\/wp\/v2\/media\/10365"}],"wp:attachment":[{"href":"https:\/\/olemosaic.com\/pt-pt\/wp-json\/wp\/v2\/media?parent=29189"}],"wp:term":[{"taxonomy":"product_brand","embeddable":true,"href":"https:\/\/olemosaic.com\/pt-pt\/wp-json\/wp\/v2\/product_brand?post=29189"},{"taxonomy":"product_cat","embeddable":true,"href":"https:\/\/olemosaic.com\/pt-pt\/wp-json\/wp\/v2\/product_cat?post=29189"},{"taxonomy":"product_tag","embeddable":true,"href":"https:\/\/olemosaic.com\/pt-pt\/wp-json\/wp\/v2\/product_tag?post=29189"}],"curies":[{"name":"wp","href":"https:\/\/api.w.org\/{rel}","templated":true}]}}