{"id":29188,"date":"2025-02-20T23:30:08","date_gmt":"2025-02-20T22:30:08","guid":{"rendered":"http:\/\/olemosaic.com\/producto\/bol-de-coco-de-corazones-salamandra\/"},"modified":"2025-07-25T18:59:45","modified_gmt":"2025-07-25T16:59:45","slug":"taca-de-coco-de-coracoes-salamandra","status":"publish","type":"product","link":"https:\/\/olemosaic.com\/pt-pt\/produto\/taca-de-coco-de-coracoes-salamandra\/","title":{"rendered":"Ta\u00e7a de coco de cora\u00e7\u00f5es. Salamandra."},"content":{"rendered":"<p>Esta ta\u00e7a de coco, decorada com cora\u00e7\u00f5es e uma salamandra, \u00e9 uma elegante recorda\u00e7\u00e3o que reflete a arte e o folclore local. Feita \u00e0 m\u00e3o, cada ta\u00e7a \u00e9 uma pe\u00e7a \u00fanica que se destaca pelo seu acabamento em tons suaves de marfim e castanho, que transmitem calor e naturalidade. No centro, uma salamandra estilizada, s\u00edmbolo de transforma\u00e7\u00e3o e resili\u00eancia em muitas culturas, apresenta-se num tom castanho que contrasta, acrescentando um apelo visual cativante. Os bordos da ta\u00e7a s\u00e3o adornados com delicados cora\u00e7\u00f5es coloridos que trazem alegria e cor, tornando-a uma excelente op\u00e7\u00e3o para a decora\u00e7\u00e3o do lar ou como um presente significativo que evoca a riqueza da tradi\u00e7\u00e3o artesanal.<\/p>\n<p>Esta ta\u00e7a n\u00e3o \u00e9 apenas um objeto decorativo, mas um v\u00ednculo tang\u00edvel com os costumes e o patrim\u00f3nio cultural da regi\u00e3o, ideal para os turistas que procuram recorda\u00e7\u00f5es aut\u00eanticas que contem uma hist\u00f3ria. Na Ol\u00e9 Mosaic, compreendemos a import\u00e2ncia das recorda\u00e7\u00f5es representativas, e esta ta\u00e7a de coco \u00e9 uma op\u00e7\u00e3o perfeita, tanto para uso pessoal como para a revenda em lojas de presentes tur\u00edsticos. Como distribuidores de souvenirs por grosso, oferecemos produtos que celebram a identidade cultural e a arte das comunidades, assegurando que cada pe\u00e7a que oferecemos tenha um valor significativo e aut\u00eantico.<\/p>\n","protected":false},"excerpt":{"rendered":"<p>Ta\u00e7a de coco decorada com cora\u00e7\u00f5es e uma salamandra, um souvenir t\u00edpico com encanto. Elaborada \u00e0 m\u00e3o, esta ta\u00e7a apresenta um acabamento em tons suaves de marfim e castanho, com um design muito especial de uma salamandra no centro e delicados cora\u00e7\u00f5es coloridos dispersos pelos bordos. \u00c9 perfeita para real\u00e7ar a decora\u00e7\u00e3o do seu lar ou como um bonito presente que evoca a arte local e o folclore.<\/p>\n","protected":false},"featured_media":10281,"template":"","meta":{"_acf_changed":false},"product_brand":[],"product_cat":[513],"product_tag":[516],"class_list":{"0":"post-29188","1":"product","2":"type-product","3":"status-publish","4":"has-post-thumbnail","6":"product_cat-bols","7":"product_tag-animais","8":"pa_motivo-salamandras","10":"first","11":"instock","12":"shipping-taxable","13":"product-type-simple"},"acf":[],"_links":{"self":[{"href":"https:\/\/olemosaic.com\/pt-pt\/wp-json\/wp\/v2\/product\/29188","targetHints":{"allow":["GET"]}}],"collection":[{"href":"https:\/\/olemosaic.com\/pt-pt\/wp-json\/wp\/v2\/product"}],"about":[{"href":"https:\/\/olemosaic.com\/pt-pt\/wp-json\/wp\/v2\/types\/product"}],"wp:featuredmedia":[{"embeddable":true,"href":"https:\/\/olemosaic.com\/pt-pt\/wp-json\/wp\/v2\/media\/10281"}],"wp:attachment":[{"href":"https:\/\/olemosaic.com\/pt-pt\/wp-json\/wp\/v2\/media?parent=29188"}],"wp:term":[{"taxonomy":"product_brand","embeddable":true,"href":"https:\/\/olemosaic.com\/pt-pt\/wp-json\/wp\/v2\/product_brand?post=29188"},{"taxonomy":"product_cat","embeddable":true,"href":"https:\/\/olemosaic.com\/pt-pt\/wp-json\/wp\/v2\/product_cat?post=29188"},{"taxonomy":"product_tag","embeddable":true,"href":"https:\/\/olemosaic.com\/pt-pt\/wp-json\/wp\/v2\/product_tag?post=29188"}],"curies":[{"name":"wp","href":"https:\/\/api.w.org\/{rel}","templated":true}]}}