{"id":29187,"date":"2025-02-20T22:30:08","date_gmt":"2025-02-20T22:30:08","guid":{"rendered":"http:\/\/olemosaic.com\/producto\/bol-de-coco-de-corazones-isla-tenerife\/"},"modified":"2025-07-25T18:49:19","modified_gmt":"2025-07-25T16:49:19","slug":"taca-de-coco-de-coracoes-ilha-tenerife","status":"publish","type":"product","link":"https:\/\/olemosaic.com\/pt-pt\/produto\/taca-de-coco-de-coracoes-ilha-tenerife\/","title":{"rendered":"Ta\u00e7a de coco de cora\u00e7\u00f5es. Ilha. Tenerife."},"content":{"rendered":"<p>Esta ta\u00e7a de coco, decorada com cora\u00e7\u00f5es e um mapa da ilha de Tenerife, \u00e9 uma pe\u00e7a \u00fanica que funde o artesanato tradicional com um design contempor\u00e2neo. Fabricada a partir de casca de coco, o seu interior apresenta um acabamento nacarado que brilha com subtileza, conferindo um toque elegante e distintivo. No centro da ta\u00e7a, destaca-se a representa\u00e7\u00e3o em mosaico da ilha de Tenerife, rodeada de bonitos cora\u00e7\u00f5es em suaves tonalidades azuis, castanhas e rosas, o que lhe confere um ar rom\u00e2ntico e acolhedor. Esta ta\u00e7a n\u00e3o \u00e9 apenas um objeto decorativo, mas um aut\u00eantico souvenir que captura a ess\u00eancia das Ilhas Can\u00e1rias, tornando-se uma recorda\u00e7\u00e3o valiosa para quem visita a regi\u00e3o.<\/p>\n<p>O design da ta\u00e7a reflete a rica cultura e a beleza natural de Tenerife, conhecida pelas suas paisagens vulc\u00e2nicas e pelo seu vibrante folclore. Este souvenir da ilha n\u00e3o s\u00f3 adorna qualquer espa\u00e7o, como tamb\u00e9m oferece um peda\u00e7o do cora\u00e7\u00e3o insular para levar para casa. Na Ol\u00e9 Mosaic, somos distribuidores de souvenirs por grosso e esta ta\u00e7a de coco, com a sua aut\u00eantica liga\u00e7\u00e3o cultural, \u00e9 uma excelente op\u00e7\u00e3o para lojas de presentes tur\u00edsticos que procuram oferecer aos seus clientes um peda\u00e7o de Tenerife. Ideal para quem procura souvenirs que contem uma hist\u00f3ria e embelezem o seu lar com um toque das ilhas.<\/p>\n","protected":false},"excerpt":{"rendered":"<p>Ta\u00e7a de coco decorada com cora\u00e7\u00f5es e um mapa da ilha de Tenerife. Esta preciosa ta\u00e7a apresenta um design em mosaico com detalhes em tons suaves de azul, castanho e rosa, que real\u00e7am o contorno da ilha no centro. Feita de casca de coco, o seu interior brilha com o n\u00e1car, oferecendo um acabamento elegante e \u00fanico. Ideal como recorda\u00e7\u00e3o ou para dar um toque das ilhas \u00e0 decora\u00e7\u00e3o do seu lar.<\/p>\n","protected":false},"featured_media":10317,"template":"","meta":{"_acf_changed":false},"product_brand":[],"product_cat":[513],"product_tag":[],"class_list":{"0":"post-29187","1":"product","2":"type-product","3":"status-publish","4":"has-post-thumbnail","6":"product_cat-bols","7":"pa_ciudad-tenerife","8":"pa_motivo-ilhas","9":"pa_pais-espana","11":"first","12":"instock","13":"shipping-taxable","14":"product-type-simple"},"acf":[],"_links":{"self":[{"href":"https:\/\/olemosaic.com\/pt-pt\/wp-json\/wp\/v2\/product\/29187","targetHints":{"allow":["GET"]}}],"collection":[{"href":"https:\/\/olemosaic.com\/pt-pt\/wp-json\/wp\/v2\/product"}],"about":[{"href":"https:\/\/olemosaic.com\/pt-pt\/wp-json\/wp\/v2\/types\/product"}],"wp:featuredmedia":[{"embeddable":true,"href":"https:\/\/olemosaic.com\/pt-pt\/wp-json\/wp\/v2\/media\/10317"}],"wp:attachment":[{"href":"https:\/\/olemosaic.com\/pt-pt\/wp-json\/wp\/v2\/media?parent=29187"}],"wp:term":[{"taxonomy":"product_brand","embeddable":true,"href":"https:\/\/olemosaic.com\/pt-pt\/wp-json\/wp\/v2\/product_brand?post=29187"},{"taxonomy":"product_cat","embeddable":true,"href":"https:\/\/olemosaic.com\/pt-pt\/wp-json\/wp\/v2\/product_cat?post=29187"},{"taxonomy":"product_tag","embeddable":true,"href":"https:\/\/olemosaic.com\/pt-pt\/wp-json\/wp\/v2\/product_tag?post=29187"}],"curies":[{"name":"wp","href":"https:\/\/api.w.org\/{rel}","templated":true}]}}