{"id":29173,"date":"2025-02-20T22:30:07","date_gmt":"2025-02-20T22:30:07","guid":{"rendered":"http:\/\/olemosaic.com\/producto\/bol-de-coco-de-corazones-tortuga-mallorca\/"},"modified":"2025-07-25T19:42:46","modified_gmt":"2025-07-25T17:42:46","slug":"taca-de-coco-de-coracoes-tartaruga-maiorca","status":"publish","type":"product","link":"https:\/\/olemosaic.com\/pt-pt\/produto\/taca-de-coco-de-coracoes-tartaruga-maiorca\/","title":{"rendered":"Ta\u00e7a de coco de cora\u00e7\u00f5es. Tartaruga. Maiorca."},"content":{"rendered":"<p>Esta ta\u00e7a de coco decorada com cora\u00e7\u00f5es \u00e9 uma pe\u00e7a artesanal cativante que evoca a ess\u00eancia da bela ilha de Maiorca. Com uma t\u00e9cnica de mosaico impressionante, a ta\u00e7a apresenta um fundo claro adornado com fragmentos de conchas de diversas cores, formando uma variedade de cora\u00e7\u00f5es vibrantes que d\u00e3o vida e alegria ao design. No centro, uma encantadora tartaruga, detalhadamente ilustrada em tons castanhos e com uma carapa\u00e7a distinta, torna-se o ponto focal desta obra de arte, simbolizando a fauna marinha da regi\u00e3o. Sob a tartaruga, a inscri\u00e7\u00e3o &#8220;MALLORCA&#8221; destaca-se com eleg\u00e2ncia, recordando aos visitantes a magia da ilha cada vez que veem esta recorda\u00e7\u00e3o.<\/p>\n<p>Ideal tanto como objeto decorativo como para guardar pequenos objetos, esta ta\u00e7a reflete a rica tradi\u00e7\u00e3o artesanal de Maiorca, um destino famoso n\u00e3o s\u00f3 pelas suas paisagens de sonho, mas tamb\u00e9m pela sua vibrante cultura e folclore. Na Ol\u00e9 Mosaic, sabemos que esta ta\u00e7a de coco de cora\u00e7\u00f5es \u00e9 mais do que uma simples recorda\u00e7\u00e3o; \u00e9 uma lembran\u00e7a aut\u00eantica que liga os turistas \u00e0 beleza natural de Maiorca. Este produto \u00e9 uma excelente op\u00e7\u00e3o para lojas de presentes tur\u00edsticos que procuram oferecer pe\u00e7as \u00fanicas, aut\u00eanticas e significativas. Como grossistas de souvenirs, garantimos a qualidade e o atrativo de cada artigo, fazendo desta ta\u00e7a um presente perfeito para aqueles que desejam levar um peda\u00e7o de Maiorca para casa.<\/p>\n","protected":false},"excerpt":{"rendered":"<p>Ta\u00e7a de coco decorada com cora\u00e7\u00f5es coloridos e uma simp\u00e1tica tartaruga, que representa a ess\u00eancia de Maiorca. Este produto artesanal destaca-se pela sua t\u00e9cnica de mosaico, que combina peda\u00e7os de conchas e cores vibrantes em forma de cora\u00e7\u00f5es. No centro, uma tartaruga em tons castanhos destaca-se sobre um fundo claro, acrescentando um toque distintivo. Ideal como pe\u00e7a decorativa ou para guardar objetos pequenos, esta ta\u00e7a reflete o folclore e a beleza natural da ilha.<\/p>\n","protected":false},"featured_media":10369,"template":"","meta":{"_acf_changed":false},"product_brand":[],"product_cat":[513],"product_tag":[516],"class_list":{"0":"post-29173","1":"product","2":"type-product","3":"status-publish","4":"has-post-thumbnail","6":"product_cat-bols","7":"product_tag-animais","8":"pa_ciudad-mallorca","9":"pa_motivo-tartarugas","10":"pa_pais-espana","12":"first","13":"instock","14":"shipping-taxable","15":"product-type-simple"},"acf":[],"_links":{"self":[{"href":"https:\/\/olemosaic.com\/pt-pt\/wp-json\/wp\/v2\/product\/29173","targetHints":{"allow":["GET"]}}],"collection":[{"href":"https:\/\/olemosaic.com\/pt-pt\/wp-json\/wp\/v2\/product"}],"about":[{"href":"https:\/\/olemosaic.com\/pt-pt\/wp-json\/wp\/v2\/types\/product"}],"wp:featuredmedia":[{"embeddable":true,"href":"https:\/\/olemosaic.com\/pt-pt\/wp-json\/wp\/v2\/media\/10369"}],"wp:attachment":[{"href":"https:\/\/olemosaic.com\/pt-pt\/wp-json\/wp\/v2\/media?parent=29173"}],"wp:term":[{"taxonomy":"product_brand","embeddable":true,"href":"https:\/\/olemosaic.com\/pt-pt\/wp-json\/wp\/v2\/product_brand?post=29173"},{"taxonomy":"product_cat","embeddable":true,"href":"https:\/\/olemosaic.com\/pt-pt\/wp-json\/wp\/v2\/product_cat?post=29173"},{"taxonomy":"product_tag","embeddable":true,"href":"https:\/\/olemosaic.com\/pt-pt\/wp-json\/wp\/v2\/product_tag?post=29173"}],"curies":[{"name":"wp","href":"https:\/\/api.w.org\/{rel}","templated":true}]}}