{"id":29172,"date":"2025-02-20T23:30:07","date_gmt":"2025-02-20T22:30:07","guid":{"rendered":"http:\/\/olemosaic.com\/producto\/bol-de-coco-de-corazones-flamenco\/"},"modified":"2025-07-25T19:08:09","modified_gmt":"2025-07-25T17:08:09","slug":"taca-de-coco-de-coracoes-flamenco","status":"publish","type":"product","link":"https:\/\/olemosaic.com\/pt-pt\/produto\/taca-de-coco-de-coracoes-flamenco\/","title":{"rendered":"Ta\u00e7a de coco de cora\u00e7\u00f5es. Flamenco."},"content":{"rendered":"<p>Esta ta\u00e7a de coco decorada com cora\u00e7\u00f5es \u00e9 um exemplo requintado do artesanato andaluz, oferecendo um design vibrante e \u00fanico que capta a ess\u00eancia do folclore espanhol. Com um design artesanal, esta elegante ta\u00e7a apresenta um mosaico de cores que forma cora\u00e7\u00f5es em tons azuis e cor-de-laranja, os quais contrastam maravilhosamente sobre um fundo claro que real\u00e7a a luminosidade da pe\u00e7a. No centro, encontra-se uma intrincada ilustra\u00e7\u00e3o de dois flamingos numa postura rom\u00e2ntica, que simbolizam a eleg\u00e2ncia e o esp\u00edrito da cultura andaluza, evocando as tradi\u00e7\u00f5es de dan\u00e7a e arte da regi\u00e3o.<\/p>\n<p>O acabamento brilhante da ta\u00e7a real\u00e7a a sua beleza, permitindo que cada detalhe decorativo brilhe com luz pr\u00f3pria, tornando-a um elemento atraente tanto decorativo como funcional em qualquer casa. Esta ta\u00e7a n\u00e3o \u00e9 apenas uma amostra da destreza artesanal, mas tamb\u00e9m uma recorda\u00e7\u00e3o representativa que permite aos turistas levar consigo um peda\u00e7o da Andaluzia.<\/p>\n<p>Perfeita para lojas de presentes tur\u00edsticos, esta ta\u00e7a de coco posiciona-se como um souvenir aut\u00eantico e significativo que captar\u00e1 a aten\u00e7\u00e3o de quem procura uma liga\u00e7\u00e3o cultural com Espanha. Na Ol\u00e9 Mosaic, especializamo-nos na distribui\u00e7\u00e3o de souvenirs por grosso, assegurando que cada produto, como esta ta\u00e7a de cora\u00e7\u00f5es, reflita qualidade, autenticidade e o rico patrim\u00f3nio das nossas tradi\u00e7\u00f5es.<\/p>\n","protected":false},"excerpt":{"rendered":"<p>Ta\u00e7a de coco decorada com cora\u00e7\u00f5es, inspirada no folclore andaluz. Esta elegante ta\u00e7a apresenta um design muito especial com mosaicos de cora\u00e7\u00f5es em tons azuis e cor-de-laranja, que contrastam com o fundo claro. No centro, dois flamingos em postura elegante representam a ess\u00eancia da cultura espanhola. Fabricada \u00e0 m\u00e3o, destaca-se pelo seu acabamento brilhante, que real\u00e7a a beleza dos seus detalhes decorativos. Ideal como elemento decorativo ou funcional em qualquer casa.<\/p>\n","protected":false},"featured_media":13488,"template":"","meta":{"_acf_changed":false},"product_brand":[],"product_cat":[513],"product_tag":[516],"class_list":{"0":"post-29172","1":"product","2":"type-product","3":"status-publish","4":"has-post-thumbnail","6":"product_cat-bols","7":"product_tag-animais","8":"pa_motivo-flamingos","10":"first","11":"instock","12":"shipping-taxable","13":"product-type-simple"},"acf":[],"_links":{"self":[{"href":"https:\/\/olemosaic.com\/pt-pt\/wp-json\/wp\/v2\/product\/29172","targetHints":{"allow":["GET"]}}],"collection":[{"href":"https:\/\/olemosaic.com\/pt-pt\/wp-json\/wp\/v2\/product"}],"about":[{"href":"https:\/\/olemosaic.com\/pt-pt\/wp-json\/wp\/v2\/types\/product"}],"wp:featuredmedia":[{"embeddable":true,"href":"https:\/\/olemosaic.com\/pt-pt\/wp-json\/wp\/v2\/media\/13488"}],"wp:attachment":[{"href":"https:\/\/olemosaic.com\/pt-pt\/wp-json\/wp\/v2\/media?parent=29172"}],"wp:term":[{"taxonomy":"product_brand","embeddable":true,"href":"https:\/\/olemosaic.com\/pt-pt\/wp-json\/wp\/v2\/product_brand?post=29172"},{"taxonomy":"product_cat","embeddable":true,"href":"https:\/\/olemosaic.com\/pt-pt\/wp-json\/wp\/v2\/product_cat?post=29172"},{"taxonomy":"product_tag","embeddable":true,"href":"https:\/\/olemosaic.com\/pt-pt\/wp-json\/wp\/v2\/product_tag?post=29172"}],"curies":[{"name":"wp","href":"https:\/\/api.w.org\/{rel}","templated":true}]}}