{"id":29166,"date":"2025-02-20T22:30:07","date_gmt":"2025-02-20T22:30:07","guid":{"rendered":"http:\/\/olemosaic.com\/producto\/bol-de-coco-de-corazones-tortuga-barcelona\/"},"modified":"2025-07-25T20:30:09","modified_gmt":"2025-07-25T18:30:09","slug":"taca-de-coco-de-coracoes-tartaruga-barcelona","status":"publish","type":"product","link":"https:\/\/olemosaic.com\/pt-pt\/produto\/taca-de-coco-de-coracoes-tartaruga-barcelona\/","title":{"rendered":"Ta\u00e7a de coco de cora\u00e7\u00f5es. Tartaruga. Barcelona."},"content":{"rendered":"<p>Esta ta\u00e7a de coco decorada com cora\u00e7\u00f5es \u00e9 um requintado artigo artesanal que captura a ess\u00eancia vibrante de Barcelona. Com um design intrincado e colorido, esta ta\u00e7a apresenta uma combina\u00e7\u00e3o de tons quentes e frescos que lhe conferem um apelo singular. No centro, destaca-se a figura de uma tartaruga, esp\u00e9cie simb\u00f3lica da vida marinha, rodeada de cora\u00e7\u00f5es de diferentes cores que conferem um toque de alegria e amor. A inscri\u00e7\u00e3o &#8220;Barcelona&#8221; complementa a est\u00e9tica, ancorando o objeto no seu contexto cultural e tornando-o uma recorda\u00e7\u00e3o representativa da cidade.<\/p>\n<p>A ta\u00e7a \u00e9 elaborada a partir de casca de coco, um material ecol\u00f3gico que real\u00e7a a sua autenticidade e liga\u00e7\u00e3o com a natureza. Cada pe\u00e7a \u00e9 \u00fanica, refletindo o artesanato local e o cuidado no seu fabrico. Este souvenir n\u00e3o \u00e9 apenas funcional, ideal para servir aperitivos ou como elemento decorativo, mas tamb\u00e9m serve como uma bela lembran\u00e7a das maravilhas de Barcelona.<\/p>\n<p>Na Ol\u00e9 Mosaic, como especialistas na distribui\u00e7\u00e3o de souvenirs por grosso, oferecemos uma cole\u00e7\u00e3o que celebra a cultura e a criatividade de Espanha. Esta ta\u00e7a de coco \u00e9 uma escolha excelente para lojas de presentes tur\u00edsticos que procuram produtos aut\u00eanticos e de qualidade, perfeitos para aqueles que desejam levar consigo um pouco do encanto de Barcelona.<\/p>\n","protected":false},"excerpt":{"rendered":"<p>Ta\u00e7a de coco decorada com cora\u00e7\u00f5es, que destaca a figura de uma tartaruga no centro, inspirada na beleza de Barcelona. Este produto artesanal, elaborado a partir de casca de coco, apresenta um design colorido com detalhes em tons quentes e frescos que real\u00e7am a forma org\u00e2nica da ta\u00e7a. O motivo da tartaruga, juntamente com a inscri\u00e7\u00e3o &#8220;Barcelona&#8221;, confere um toque distintivo e cultural, tornando-a uma recorda\u00e7\u00e3o perfeita.<\/p>\n","protected":false},"featured_media":10377,"template":"","meta":{"_acf_changed":false},"product_brand":[],"product_cat":[513],"product_tag":[516],"class_list":{"0":"post-29166","1":"product","2":"type-product","3":"status-publish","4":"has-post-thumbnail","6":"product_cat-bols","7":"product_tag-animais","8":"pa_ciudad-barcelona","9":"pa_motivo-tartarugas","10":"pa_pais-espana","12":"first","13":"instock","14":"shipping-taxable","15":"product-type-simple"},"acf":[],"_links":{"self":[{"href":"https:\/\/olemosaic.com\/pt-pt\/wp-json\/wp\/v2\/product\/29166","targetHints":{"allow":["GET"]}}],"collection":[{"href":"https:\/\/olemosaic.com\/pt-pt\/wp-json\/wp\/v2\/product"}],"about":[{"href":"https:\/\/olemosaic.com\/pt-pt\/wp-json\/wp\/v2\/types\/product"}],"wp:featuredmedia":[{"embeddable":true,"href":"https:\/\/olemosaic.com\/pt-pt\/wp-json\/wp\/v2\/media\/10377"}],"wp:attachment":[{"href":"https:\/\/olemosaic.com\/pt-pt\/wp-json\/wp\/v2\/media?parent=29166"}],"wp:term":[{"taxonomy":"product_brand","embeddable":true,"href":"https:\/\/olemosaic.com\/pt-pt\/wp-json\/wp\/v2\/product_brand?post=29166"},{"taxonomy":"product_cat","embeddable":true,"href":"https:\/\/olemosaic.com\/pt-pt\/wp-json\/wp\/v2\/product_cat?post=29166"},{"taxonomy":"product_tag","embeddable":true,"href":"https:\/\/olemosaic.com\/pt-pt\/wp-json\/wp\/v2\/product_tag?post=29166"}],"curies":[{"name":"wp","href":"https:\/\/api.w.org\/{rel}","templated":true}]}}