{"id":29164,"date":"2025-02-20T23:30:07","date_gmt":"2025-02-20T22:30:07","guid":{"rendered":"http:\/\/olemosaic.com\/producto\/bol-de-coco-de-corazones-caballito-de-mar-barcelona\/"},"modified":"2025-07-25T19:44:02","modified_gmt":"2025-07-25T17:44:02","slug":"taca-de-coco-de-coracoes-cavalo-marinho-barcelona","status":"publish","type":"product","link":"https:\/\/olemosaic.com\/pt-pt\/produto\/taca-de-coco-de-coracoes-cavalo-marinho-barcelona\/","title":{"rendered":"Ta\u00e7a de coco de cora\u00e7\u00f5es. Cavalo-marinho. Barcelona."},"content":{"rendered":"<p>Esta ta\u00e7a de coco, decorada com cora\u00e7\u00f5es coloridos e um cavalo-marinho, \u00e9 um souvenir atraente de Barcelona que encapsula a ess\u00eancia vibrante da cidade. Elaborada a partir de coco natural, esta ta\u00e7a apresenta um design pintado \u00e0 m\u00e3o que se destaca pela sua originalidade e pelos seus encantadores tons suaves de azul, laranja e castanho. No centro, um elegante cavalo-marinho, s\u00edmbolo caracter\u00edstico da costa catal\u00e3, confere um toque distintivo, juntamente com a inscri\u00e7\u00e3o &#8220;Barcelona&#8221;, que a torna uma recorda\u00e7\u00e3o perfeita desta ic\u00f3nica cidade.<\/p>\n<p>A superf\u00edcie da ta\u00e7a est\u00e1 adornada com um mosaico de cora\u00e7\u00f5es em diversas cores, criando um efeito visual cativante que reflete a alegria e o calor da cultura espanhola. Esta ta\u00e7a n\u00e3o \u00e9 apenas funcional, mas tamb\u00e9m atua como pe\u00e7a decorativa, ideal para qualquer ambiente, seja no lar ou como parte de uma loja de presentes tur\u00edsticos.<\/p>\n<p>Esta ta\u00e7a de coco \u00e9 uma recorda\u00e7\u00e3o aut\u00eantica e representativa de Barcelona, que evoca a riqueza cultural da regi\u00e3o e a sua liga\u00e7\u00e3o com o mar e a vida marinha. Na Ol\u00e9 Mosaic, somos distribuidores de souvenirs por grosso e oferecemos produtos que celebram a tradi\u00e7\u00e3o e a arte local. Esta ta\u00e7a de cora\u00e7\u00f5es \u00e9 uma excelente op\u00e7\u00e3o para os turistas que procuram souvenirs de alta qualidade e relev\u00e2ncia cultural que representem a sua visita a Barcelona.<\/p>\n","protected":false},"excerpt":{"rendered":"<p>Ta\u00e7a de coco decorada com cora\u00e7\u00f5es coloridos e um cavalo-marinho, um s\u00edmbolo de Barcelona. Esta atraente ta\u00e7a, feita com material natural de coco, apresenta um design artesanal, pintado \u00e0 m\u00e3o, com elementos distintivos em tons suaves de azul, laranja e castanho. No centro destaca-se um elegante cavalo-marinho, junto \u00e0 inscri\u00e7\u00e3o &#8220;Barcelona&#8221;. A sua est\u00e9tica singular e vibrante torna-a uma recorda\u00e7\u00e3o ideal ou uma pe\u00e7a decorativa encantadora.<\/p>\n","protected":false},"featured_media":10353,"template":"","meta":{"_acf_changed":false},"product_brand":[],"product_cat":[513],"product_tag":[516],"class_list":{"0":"post-29164","1":"product","2":"type-product","3":"status-publish","4":"has-post-thumbnail","6":"product_cat-bols","7":"product_tag-animais","8":"pa_ciudad-barcelona","9":"pa_motivo-cavalos-marinhos","10":"pa_pais-espana","12":"first","13":"instock","14":"shipping-taxable","15":"product-type-simple"},"acf":[],"_links":{"self":[{"href":"https:\/\/olemosaic.com\/pt-pt\/wp-json\/wp\/v2\/product\/29164","targetHints":{"allow":["GET"]}}],"collection":[{"href":"https:\/\/olemosaic.com\/pt-pt\/wp-json\/wp\/v2\/product"}],"about":[{"href":"https:\/\/olemosaic.com\/pt-pt\/wp-json\/wp\/v2\/types\/product"}],"wp:featuredmedia":[{"embeddable":true,"href":"https:\/\/olemosaic.com\/pt-pt\/wp-json\/wp\/v2\/media\/10353"}],"wp:attachment":[{"href":"https:\/\/olemosaic.com\/pt-pt\/wp-json\/wp\/v2\/media?parent=29164"}],"wp:term":[{"taxonomy":"product_brand","embeddable":true,"href":"https:\/\/olemosaic.com\/pt-pt\/wp-json\/wp\/v2\/product_brand?post=29164"},{"taxonomy":"product_cat","embeddable":true,"href":"https:\/\/olemosaic.com\/pt-pt\/wp-json\/wp\/v2\/product_cat?post=29164"},{"taxonomy":"product_tag","embeddable":true,"href":"https:\/\/olemosaic.com\/pt-pt\/wp-json\/wp\/v2\/product_tag?post=29164"}],"curies":[{"name":"wp","href":"https:\/\/api.w.org\/{rel}","templated":true}]}}