{"id":29162,"date":"2025-02-20T22:30:06","date_gmt":"2025-02-20T22:30:06","guid":{"rendered":"http:\/\/olemosaic.com\/producto\/bol-de-coco-con-flores-salamandra-gran-canaria\/"},"modified":"2025-07-25T18:58:19","modified_gmt":"2025-07-25T16:58:19","slug":"taca-de-coco-com-flores-salamandra-gran-canaria","status":"publish","type":"product","link":"https:\/\/olemosaic.com\/pt-pt\/produto\/taca-de-coco-com-flores-salamandra-gran-canaria\/","title":{"rendered":"Ta\u00e7a de coco com flores. Salamandra. Gran Canaria."},"content":{"rendered":"<p>Esta ta\u00e7a de coco, decorada com flores coloridas e salamandras, \u00e9 um aut\u00eantico s\u00edmbolo de Gran Canaria, ideal para quem procura recordar a ess\u00eancia desta bela ilha. Elaborada cuidadosamente em coco, esta ta\u00e7a destaca-se pela sua t\u00e9cnica de decora\u00e7\u00e3o que combina pintura \u00e0 m\u00e3o e elementos em relevo, tornando-a uma pe\u00e7a \u00fanica e representativa do artesanato can\u00e1rio. No seu interior, uma vibrante exibi\u00e7\u00e3o de flores em tons vermelhos, azuis e dourados emoldura a inscri\u00e7\u00e3o &#8220;Gran Canaria&#8221;, refor\u00e7ando a sua liga\u00e7\u00e3o cultural com a regi\u00e3o. As salamandras, que se destacam na decora\u00e7\u00e3o, s\u00e3o uma homenagem \u00e0 fauna local, evocando a biodiversidade que caracteriza as Ilhas Can\u00e1rias.<\/p>\n<p>Esta ta\u00e7a n\u00e3o s\u00f3 oferece um apelo visual, como \u00e9 uma excelente op\u00e7\u00e3o para dar um toque can\u00e1rio a qualquer lar, fundindo arte e tradi\u00e7\u00e3o num \u00fanico objeto. Como recorda\u00e7\u00e3o de Gran Canaria, torna-se um presente ideal para turistas que valorizam a autenticidade e o patrim\u00f3nio cultural dos locais que visitam. Na Ol\u00e9 Mosaic, orgulhamo-nos de ser distribuidores de recorda\u00e7\u00f5es aut\u00eanticas, oferecendo aos nossos clientes produtos por grosso como este, que capturam a ess\u00eancia de Espanha e a sua rica diversidade cultural. Esta ta\u00e7a de coco \u00e9 uma joia artesanal que enriquecer\u00e1 qualquer loja de presentes tur\u00edsticos.<\/p>\n","protected":false},"excerpt":{"rendered":"<p>Ta\u00e7a de coco decorada com flores e salamandras, representativa de Gran Canaria. Esta elegante ta\u00e7a, elaborada em coco, est\u00e1 decorada com uma t\u00e9cnica que combina pintura \u00e0 m\u00e3o e elementos em relevo. As flores em tons vermelhos, azuis e dourados emolduram o centro, onde se l\u00ea &#8220;Gran Canaria&#8221;, junto a duas salamandras que evocam a fauna local. Ideal para dar um toque can\u00e1rio ao seu lar, fundindo arte e tradi\u00e7\u00e3o.<\/p>\n","protected":false},"featured_media":10332,"template":"","meta":{"_acf_changed":false},"product_brand":[],"product_cat":[513],"product_tag":[516],"class_list":{"0":"post-29162","1":"product","2":"type-product","3":"status-publish","4":"has-post-thumbnail","6":"product_cat-bols","7":"product_tag-animais","8":"pa_ciudad-gran-canaria","9":"pa_motivo-salamandras","10":"pa_pais-espana","12":"first","13":"instock","14":"shipping-taxable","15":"product-type-simple"},"acf":[],"_links":{"self":[{"href":"https:\/\/olemosaic.com\/pt-pt\/wp-json\/wp\/v2\/product\/29162","targetHints":{"allow":["GET"]}}],"collection":[{"href":"https:\/\/olemosaic.com\/pt-pt\/wp-json\/wp\/v2\/product"}],"about":[{"href":"https:\/\/olemosaic.com\/pt-pt\/wp-json\/wp\/v2\/types\/product"}],"wp:featuredmedia":[{"embeddable":true,"href":"https:\/\/olemosaic.com\/pt-pt\/wp-json\/wp\/v2\/media\/10332"}],"wp:attachment":[{"href":"https:\/\/olemosaic.com\/pt-pt\/wp-json\/wp\/v2\/media?parent=29162"}],"wp:term":[{"taxonomy":"product_brand","embeddable":true,"href":"https:\/\/olemosaic.com\/pt-pt\/wp-json\/wp\/v2\/product_brand?post=29162"},{"taxonomy":"product_cat","embeddable":true,"href":"https:\/\/olemosaic.com\/pt-pt\/wp-json\/wp\/v2\/product_cat?post=29162"},{"taxonomy":"product_tag","embeddable":true,"href":"https:\/\/olemosaic.com\/pt-pt\/wp-json\/wp\/v2\/product_tag?post=29162"}],"curies":[{"name":"wp","href":"https:\/\/api.w.org\/{rel}","templated":true}]}}