{"id":29136,"date":"2025-02-20T22:30:06","date_gmt":"2025-02-20T22:30:06","guid":{"rendered":"http:\/\/olemosaic.com\/producto\/bol-de-coco-con-flores-isla-mallorca\/"},"modified":"2025-07-25T20:36:36","modified_gmt":"2025-07-25T18:36:36","slug":"taca-de-coco-com-flores-ilha-maiorca","status":"publish","type":"product","link":"https:\/\/olemosaic.com\/pt-pt\/produto\/taca-de-coco-com-flores-ilha-maiorca\/","title":{"rendered":"Ta\u00e7a de coco com flores. Ilha. Maiorca."},"content":{"rendered":"<p>Esta ta\u00e7a de coco, decorada com flores coloridas, \u00e9 uma pe\u00e7a aut\u00eantica que capta a ess\u00eancia vibrante de Maiorca. Elaborada artesanalmente com materiais naturais, esta ta\u00e7a apresenta um design impressionante adornado com mosaicos numa variedade de tons azuis, amarelos, vermelhos e brancos, que evocam a beleza da paisagem mediterr\u00e2nica da ilha. As flores decorativas, dispostas com um gosto requintado, conferem-lhe um ar fresco e estival, ideal para qualquer ambiente.<\/p>\n<p>No centro da ta\u00e7a est\u00e1 inscrito &#8220;MALLORCA&#8221; sobre um fundo nacarado, acrescentando um toque distintivo que real\u00e7a a liga\u00e7\u00e3o cultural da recorda\u00e7\u00e3o com a regi\u00e3o. Este detalhe n\u00e3o s\u00f3 a torna um artigo decorativo, mas tamb\u00e9m um lembrete significativo da riqueza cultural de Maiorca, perfeito para quem procura recorda\u00e7\u00f5es que reflitam a sua experi\u00eancia na ilha.<\/p>\n<p>A ta\u00e7a de coco \u00e9 vers\u00e1til e pode ser usada tanto como pe\u00e7a decorativa como para o dia a dia, tornando-se uma excelente op\u00e7\u00e3o para lojas de presentes tur\u00edsticos. Na Ol\u00e9 Mosaic, como grossista de recorda\u00e7\u00f5es de Maiorca, oferecemos produtos que combinam autenticidade e design, ideais para cativar os turistas que desejem levar um peda\u00e7o da cultura local para casa. A beleza e singularidade desta ta\u00e7a de flores tornam-na um presente perfeito e uma recorda\u00e7\u00e3o inesquec\u00edvel.<\/p>\n","protected":false},"excerpt":{"rendered":"<p>Ta\u00e7a de coco decorada com flores coloridas, que evocam a beleza de Maiorca. Este exclusivo artigo, elaborado com material natural, apresenta uma vibrante combina\u00e7\u00e3o de mosaicos em tons azul, amarelo, vermelho e branco, com detalhes que recordam a paisagem mediterr\u00e2nica. No centro, a inscri\u00e7\u00e3o &#8220;MALLORCA&#8221; destaca-se sobre um fundo nacarado, acrescentando um toque distintivo. Ideal como elemento decorativo ou para uso di\u00e1rio, torna-se uma aut\u00eantica recorda\u00e7\u00e3o que reflete a ess\u00eancia da ilha.<\/p>\n","protected":false},"featured_media":10308,"template":"","meta":{"_acf_changed":false},"product_brand":[],"product_cat":[513],"product_tag":[],"class_list":{"0":"post-29136","1":"product","2":"type-product","3":"status-publish","4":"has-post-thumbnail","6":"product_cat-bols","7":"pa_ciudad-mallorca","8":"pa_motivo-ilhas","9":"pa_pais-espana","11":"first","12":"instock","13":"shipping-taxable","14":"product-type-simple"},"acf":[],"_links":{"self":[{"href":"https:\/\/olemosaic.com\/pt-pt\/wp-json\/wp\/v2\/product\/29136","targetHints":{"allow":["GET"]}}],"collection":[{"href":"https:\/\/olemosaic.com\/pt-pt\/wp-json\/wp\/v2\/product"}],"about":[{"href":"https:\/\/olemosaic.com\/pt-pt\/wp-json\/wp\/v2\/types\/product"}],"wp:featuredmedia":[{"embeddable":true,"href":"https:\/\/olemosaic.com\/pt-pt\/wp-json\/wp\/v2\/media\/10308"}],"wp:attachment":[{"href":"https:\/\/olemosaic.com\/pt-pt\/wp-json\/wp\/v2\/media?parent=29136"}],"wp:term":[{"taxonomy":"product_brand","embeddable":true,"href":"https:\/\/olemosaic.com\/pt-pt\/wp-json\/wp\/v2\/product_brand?post=29136"},{"taxonomy":"product_cat","embeddable":true,"href":"https:\/\/olemosaic.com\/pt-pt\/wp-json\/wp\/v2\/product_cat?post=29136"},{"taxonomy":"product_tag","embeddable":true,"href":"https:\/\/olemosaic.com\/pt-pt\/wp-json\/wp\/v2\/product_tag?post=29136"}],"curies":[{"name":"wp","href":"https:\/\/api.w.org\/{rel}","templated":true}]}}