{"id":29135,"date":"2025-02-20T23:30:06","date_gmt":"2025-02-20T22:30:06","guid":{"rendered":"http:\/\/olemosaic.com\/producto\/bol-de-coco-mano\/"},"modified":"2025-07-25T18:44:37","modified_gmt":"2025-07-25T16:44:37","slug":"taca-de-coco-mao","status":"publish","type":"product","link":"https:\/\/olemosaic.com\/pt-pt\/produto\/taca-de-coco-mao\/","title":{"rendered":"Ta\u00e7a de coco. M\u00e3o."},"content":{"rendered":"<p>Esta ta\u00e7a de coco decorada \u00e0 m\u00e3o \u00e9 uma aut\u00eantica homenagem ao artesanato e \u00e0 cultura local, ideal para quem procura um toque bo\u00e9mio no seu lar. O seu design vibrante apresenta um mosaico elaborado com pequenas tesselas de cores como azul, rosa e amarelo, que contrastam na perfei\u00e7\u00e3o com o fundo claro da ta\u00e7a, criando uma pe\u00e7a visualmente atrativa. No centro, um s\u00edmbolo da m\u00e3o de F\u00e1tima, conhecido pelo seu significado de prote\u00e7\u00e3o e boa fortuna, brilha com eleg\u00e2ncia e acrescenta um toque profundo e significativo a este objeto decorativo.<\/p>\n<p>Fabricada com materiais sustent\u00e1veis, esta ta\u00e7a n\u00e3o s\u00f3 enaltece a rica tradi\u00e7\u00e3o artesanal, como tamb\u00e9m se adapta a um estilo contempor\u00e2neo que encaixa na perfei\u00e7\u00e3o em qualquer ambiente. A sua forma org\u00e2nica e textura \u00fanica tornam-na um elemento decorativo excelente, ideal para servir aperitivos, como centro de mesa ou at\u00e9 como objeto decorativo em estantes.<\/p>\n<p>A Ol\u00e9 Mosaic orgulha-se de oferecer recorda\u00e7\u00f5es aut\u00eanticas que captam a ess\u00eancia da cultura local, e esta ta\u00e7a de coco \u00e9 uma representa\u00e7\u00e3o perfeita disso. \u00c9 uma recorda\u00e7\u00e3o ideal para turistas que desejem levar um peda\u00e7o da cultura e uma escolha excecional para lojas de presentes tur\u00edsticos que procurem produtos aut\u00eanticos e de qualidade. Como grossistas de artigos decorativos, garantimos que cada ta\u00e7a reflete a riqueza e diversidade da tradi\u00e7\u00e3o artesanal, fazendo deste produto um presente especial e significativo.<\/p>\n","protected":false},"excerpt":{"rendered":"<p>Ta\u00e7a de coco decorada com estilo artesanal, ideal para adicionar um toque bo\u00e9mio a qualquer espa\u00e7o. O seu design apresenta um vibrante mosaico de pequenos peda\u00e7os de cores como azul, rosa e amarelo, que contrastam com o fundo claro da ta\u00e7a. No centro, aprecia-se um s\u00edmbolo da m\u00e3o de F\u00e1tima, conhecido pelo seu significado de prote\u00e7\u00e3o. Esta atraente ta\u00e7a combina o artesanato tradicional com um estilo contempor\u00e2neo, tornando-a uma recorda\u00e7\u00e3o perfeita da cultura local.<\/p>\n","protected":false},"featured_media":13520,"template":"","meta":{"_acf_changed":false},"product_brand":[],"product_cat":[513],"product_tag":[],"class_list":{"0":"post-29135","1":"product","2":"type-product","3":"status-publish","4":"has-post-thumbnail","6":"product_cat-bols","7":"pa_motivo-maos","9":"first","10":"instock","11":"shipping-taxable","12":"product-type-simple"},"acf":[],"_links":{"self":[{"href":"https:\/\/olemosaic.com\/pt-pt\/wp-json\/wp\/v2\/product\/29135","targetHints":{"allow":["GET"]}}],"collection":[{"href":"https:\/\/olemosaic.com\/pt-pt\/wp-json\/wp\/v2\/product"}],"about":[{"href":"https:\/\/olemosaic.com\/pt-pt\/wp-json\/wp\/v2\/types\/product"}],"wp:featuredmedia":[{"embeddable":true,"href":"https:\/\/olemosaic.com\/pt-pt\/wp-json\/wp\/v2\/media\/13520"}],"wp:attachment":[{"href":"https:\/\/olemosaic.com\/pt-pt\/wp-json\/wp\/v2\/media?parent=29135"}],"wp:term":[{"taxonomy":"product_brand","embeddable":true,"href":"https:\/\/olemosaic.com\/pt-pt\/wp-json\/wp\/v2\/product_brand?post=29135"},{"taxonomy":"product_cat","embeddable":true,"href":"https:\/\/olemosaic.com\/pt-pt\/wp-json\/wp\/v2\/product_cat?post=29135"},{"taxonomy":"product_tag","embeddable":true,"href":"https:\/\/olemosaic.com\/pt-pt\/wp-json\/wp\/v2\/product_tag?post=29135"}],"curies":[{"name":"wp","href":"https:\/\/api.w.org\/{rel}","templated":true}]}}