{"id":29133,"date":"2025-02-20T23:30:06","date_gmt":"2025-02-20T22:30:06","guid":{"rendered":"http:\/\/olemosaic.com\/producto\/bol-de-coco-naranja-tortuga-barcelona\/"},"modified":"2025-07-25T20:39:40","modified_gmt":"2025-07-25T18:39:40","slug":"taca-de-coco-laranja-tartaruga-barcelona","status":"publish","type":"product","link":"https:\/\/olemosaic.com\/pt-pt\/produto\/taca-de-coco-laranja-tartaruga-barcelona\/","title":{"rendered":"Ta\u00e7a de coco laranja. Tartaruga. Barcelona."},"content":{"rendered":"<p>Esta ta\u00e7a de coco de cor laranja vibrante \u00e9 uma pe\u00e7a artesanal que capta a ess\u00eancia do oceano e da vida marinha de Barcelona. Com uma bela tartaruga decorativa no seu interior, esta ta\u00e7a \u00e9 pintada \u00e0 m\u00e3o e rodeada de elementos marinhos que evocam a rica biodiversidade das \u00e1guas que banham a costa catal\u00e3. A tartaruga, s\u00edmbolo de longevidade e paz, apresenta-se com um design detalhado que real\u00e7a a sua figura, enquanto o acabamento texturizado do exterior destaca a beleza natural do material, conferindo um toque r\u00fastico e aut\u00eantico.<\/p>\n<p>A palavra &#8220;Barcelona&#8221; aparece com um estilo simples, acrescentando um detalhe pessoal que refor\u00e7a a sua liga\u00e7\u00e3o com a cidade. Esta ta\u00e7a n\u00e3o \u00e9 apenas funcional para servir ou apresentar alimentos, mas tamb\u00e9m se torna uma recorda\u00e7\u00e3o visual das maravilhas marinhas que pode encontrar na costa de Barcelona, tornando-a uma recorda\u00e7\u00e3o perfeita para quem deseja levar um peda\u00e7o desta vibrante cultura mediterr\u00e2nica para casa.<\/p>\n<p>Na Ol\u00e9 Mosaic, especializamo-nos na distribui\u00e7\u00e3o de recorda\u00e7\u00f5es por grosso, oferecendo produtos aut\u00eanticos como esta ta\u00e7a de coco que celebra a vida marinha de Barcelona. Este artigo \u00e9 uma excelente op\u00e7\u00e3o para lojas de presentes tur\u00edsticos, que procuram oferecer aos seus clientes uma representa\u00e7\u00e3o significativa da cultura local e uma recorda\u00e7\u00e3o que combina est\u00e9tica e tradi\u00e7\u00e3o.<\/p>\n","protected":false},"excerpt":{"rendered":"<p>Ta\u00e7a de coco num laranja vibrante, inspirada na vida marinha de Barcelona. Esta elegante ta\u00e7a apresenta uma tartaruga decorativa no seu interior, rodeada de elementos marinhos, pintados \u00e0 m\u00e3o com detalhes que real\u00e7am o seu design. A palavra &#8220;Barcelona&#8221; aparece num estilo simples, acrescentando um toque pessoal. O acabamento texturizado do exterior real\u00e7a a beleza natural do material, tornando-a uma recorda\u00e7\u00e3o perfeita para levar um peda\u00e7o da costa catal\u00e3 para casa.<\/p>\n","protected":false},"featured_media":11765,"template":"","meta":{"_acf_changed":false},"product_brand":[],"product_cat":[513],"product_tag":[516],"class_list":{"0":"post-29133","1":"product","2":"type-product","3":"status-publish","4":"has-post-thumbnail","6":"product_cat-bols","7":"product_tag-animais","8":"pa_ciudad-barcelona","9":"pa_motivo-tartarugas","10":"pa_pais-espana","12":"first","13":"instock","14":"shipping-taxable","15":"product-type-simple"},"acf":[],"_links":{"self":[{"href":"https:\/\/olemosaic.com\/pt-pt\/wp-json\/wp\/v2\/product\/29133","targetHints":{"allow":["GET"]}}],"collection":[{"href":"https:\/\/olemosaic.com\/pt-pt\/wp-json\/wp\/v2\/product"}],"about":[{"href":"https:\/\/olemosaic.com\/pt-pt\/wp-json\/wp\/v2\/types\/product"}],"wp:featuredmedia":[{"embeddable":true,"href":"https:\/\/olemosaic.com\/pt-pt\/wp-json\/wp\/v2\/media\/11765"}],"wp:attachment":[{"href":"https:\/\/olemosaic.com\/pt-pt\/wp-json\/wp\/v2\/media?parent=29133"}],"wp:term":[{"taxonomy":"product_brand","embeddable":true,"href":"https:\/\/olemosaic.com\/pt-pt\/wp-json\/wp\/v2\/product_brand?post=29133"},{"taxonomy":"product_cat","embeddable":true,"href":"https:\/\/olemosaic.com\/pt-pt\/wp-json\/wp\/v2\/product_cat?post=29133"},{"taxonomy":"product_tag","embeddable":true,"href":"https:\/\/olemosaic.com\/pt-pt\/wp-json\/wp\/v2\/product_tag?post=29133"}],"curies":[{"name":"wp","href":"https:\/\/api.w.org\/{rel}","templated":true}]}}