{"id":29132,"date":"2025-02-20T22:30:06","date_gmt":"2025-02-20T22:30:06","guid":{"rendered":"http:\/\/olemosaic.com\/producto\/bol-de-coco-de-corazones-abanico\/"},"modified":"2025-07-25T18:55:05","modified_gmt":"2025-07-25T16:55:05","slug":"taca-de-coco-de-coracoes-leque","status":"publish","type":"product","link":"https:\/\/olemosaic.com\/pt-pt\/produto\/taca-de-coco-de-coracoes-leque\/","title":{"rendered":"Ta\u00e7a de coco de cora\u00e7\u00f5es. Leque."},"content":{"rendered":"<p>Esta ta\u00e7a de coco com cora\u00e7\u00f5es \u00e9 um acess\u00f3rio decorativo exclusivo que funde a beleza do artesanato tradicional com um design moderno. Elaborada com coco, esta ta\u00e7a apresenta um delicado mosaico de cora\u00e7\u00f5es em tons suaves de azul, laranja e castanho, criando um efeito visual encantador que trar\u00e1 calor e eleg\u00e2ncia a qualquer divis\u00e3o. No centro da ta\u00e7a, destaca-se um design elegante que evoca a forma de uma concha, simbolizando a liga\u00e7\u00e3o com a natureza e a riqueza do ambiente mar\u00edtimo. O seu acabamento natural e brilhante real\u00e7a a beleza intr\u00ednseca do material, tornando-a uma pe\u00e7a ideal tanto para a decora\u00e7\u00e3o da casa como para o seu uso pr\u00e1tico.<\/p>\n<p>Esta ta\u00e7a n\u00e3o \u00e9 apenas uma homenagem ao artesanato local, mas tamb\u00e9m serve como uma recorda\u00e7\u00e3o significativa que representa as paisagens e tradi\u00e7\u00f5es das regi\u00f5es costeiras. Na Ol\u00e9 Mosaic, especializados na distribui\u00e7\u00e3o de recorda\u00e7\u00f5es por grosso, oferecemos produtos aut\u00eanticos como esta ta\u00e7a de coco, perfeitos para turistas que procuram levar um pedacinho de cultura. Esta ta\u00e7a com cora\u00e7\u00f5es \u00e9 uma excelente op\u00e7\u00e3o para lojas de presentes tur\u00edsticos que desejem enriquecer a sua oferta com artigos \u00fanicos e representativos da heran\u00e7a artesanal. Como grossistas de recorda\u00e7\u00f5es, garantimos que cada pe\u00e7a apresenta uma qualidade excecional e um design atrativo, tornando esta ta\u00e7a numa escolha perfeita e original.<\/p>\n","protected":false},"excerpt":{"rendered":"<p>Ta\u00e7a de coco com cora\u00e7\u00f5es, um acess\u00f3rio decorativo exclusivo inspirado no artesanato tradicional. Esta ta\u00e7a, elaborada em coco, apresenta um delicado mosaico de cora\u00e7\u00f5es em tons suaves de azul, laranja e castanho, complementado com um elegante design central que evoca uma concha. O seu acabamento natural e brilhante real\u00e7a a beleza dos materiais, tornando-a uma pe\u00e7a ideal para conferir um toque acolhedor e aut\u00eantico a qualquer lar.<\/p>\n","protected":false},"featured_media":10305,"template":"","meta":{"_acf_changed":false},"product_brand":[],"product_cat":[513],"product_tag":[],"class_list":{"0":"post-29132","1":"product","2":"type-product","3":"status-publish","4":"has-post-thumbnail","6":"product_cat-bols","7":"pa_motivo-leques","9":"first","10":"instock","11":"shipping-taxable","12":"product-type-simple"},"acf":[],"_links":{"self":[{"href":"https:\/\/olemosaic.com\/pt-pt\/wp-json\/wp\/v2\/product\/29132","targetHints":{"allow":["GET"]}}],"collection":[{"href":"https:\/\/olemosaic.com\/pt-pt\/wp-json\/wp\/v2\/product"}],"about":[{"href":"https:\/\/olemosaic.com\/pt-pt\/wp-json\/wp\/v2\/types\/product"}],"wp:featuredmedia":[{"embeddable":true,"href":"https:\/\/olemosaic.com\/pt-pt\/wp-json\/wp\/v2\/media\/10305"}],"wp:attachment":[{"href":"https:\/\/olemosaic.com\/pt-pt\/wp-json\/wp\/v2\/media?parent=29132"}],"wp:term":[{"taxonomy":"product_brand","embeddable":true,"href":"https:\/\/olemosaic.com\/pt-pt\/wp-json\/wp\/v2\/product_brand?post=29132"},{"taxonomy":"product_cat","embeddable":true,"href":"https:\/\/olemosaic.com\/pt-pt\/wp-json\/wp\/v2\/product_cat?post=29132"},{"taxonomy":"product_tag","embeddable":true,"href":"https:\/\/olemosaic.com\/pt-pt\/wp-json\/wp\/v2\/product_tag?post=29132"}],"curies":[{"name":"wp","href":"https:\/\/api.w.org\/{rel}","templated":true}]}}