{"id":29116,"date":"2025-02-20T23:30:05","date_gmt":"2025-02-20T22:30:05","guid":{"rendered":"http:\/\/olemosaic.com\/producto\/bol-de-coco-naranja-tortuga-mallorca\/"},"modified":"2025-07-25T18:46:35","modified_gmt":"2025-07-25T16:46:35","slug":"taca-de-coco-laranja-tartaruga-maiorca","status":"publish","type":"product","link":"https:\/\/olemosaic.com\/pt-pt\/produto\/taca-de-coco-laranja-tartaruga-maiorca\/","title":{"rendered":"Ta\u00e7a de coco laranja. Tartaruga. Maiorca."},"content":{"rendered":"<p>Esta ta\u00e7a de coco de cor laranja \u00e9 uma pe\u00e7a artesanal \u00fanica que captura a ess\u00eancia da beleza marinha de Maiorca. Decorada com uma encantadora ilustra\u00e7\u00e3o de uma tartaruga, esta elegante ta\u00e7a apresenta um design muito especial que real\u00e7a a sua forma org\u00e2nica e a textura natural do coco. A tartaruga, um s\u00edmbolo emblem\u00e1tico da vida marinha, est\u00e1 meticulosamente gravada na superf\u00edcie, rodeada de elementos decorativos que evocam o rico ecossistema das \u00e1guas da ilha. A inscri\u00e7\u00e3o &#8220;MALLORCA&#8221; na parte inferior acrescenta um toque pessoal, tornando esta ta\u00e7a numa recorda\u00e7\u00e3o aut\u00eantica e representativa da ilha balear.<\/p>\n<p>Esta ta\u00e7a n\u00e3o \u00e9 apenas funcional, mas tamb\u00e9m se torna numa pe\u00e7a decorativa excecional que pode adornar qualquer casa. A sua vibrante cor laranja e os detalhes delicados fazem com que se destaque em qualquer ambiente, recordando aos seus propriet\u00e1rios os momentos preciosos que passaram na ilha. Como lembran\u00e7a de Maiorca, \u00e9 ideal para quem procura levar um peda\u00e7o da cultura e da natureza local.<\/p>\n<p>Na Ol\u00e9 Mosaic, o seu grossista de lembran\u00e7as de qualidade aut\u00eantica, oferecemos produtos que celebram o patrim\u00f3nio cultural e natural, garantindo que cada pe\u00e7a seja uma recorda\u00e7\u00e3o significativa que ligue os turistas \u00e0 maravilha de Maiorca.<\/p>\n","protected":false},"excerpt":{"rendered":"<p>Ta\u00e7a de coco de cor laranja, decorada com uma cativante ilustra\u00e7\u00e3o de uma tartaruga, inspirada na beleza marinha de Maiorca. Esta elegante ta\u00e7a apresenta um design artesanal com detalhes gravados que real\u00e7am a sua forma org\u00e2nica e a sua textura natural. A inscri\u00e7\u00e3o &#8220;MALLORCA&#8221; na parte inferior confere-lhe um toque distintivo, enquanto os elementos decorativos evocam a vida marinha local, tornando-a numa lembran\u00e7a ideal para quem deseja recordar a sua passagem pela ilha.<\/p>\n","protected":false},"featured_media":11785,"template":"","meta":{"_acf_changed":false},"product_brand":[],"product_cat":[513],"product_tag":[516],"class_list":{"0":"post-29116","1":"product","2":"type-product","3":"status-publish","4":"has-post-thumbnail","6":"product_cat-bols","7":"product_tag-animais","8":"pa_ciudad-mallorca","9":"pa_motivo-tartarugas","10":"pa_pais-espana","12":"first","13":"instock","14":"shipping-taxable","15":"product-type-simple"},"acf":[],"_links":{"self":[{"href":"https:\/\/olemosaic.com\/pt-pt\/wp-json\/wp\/v2\/product\/29116","targetHints":{"allow":["GET"]}}],"collection":[{"href":"https:\/\/olemosaic.com\/pt-pt\/wp-json\/wp\/v2\/product"}],"about":[{"href":"https:\/\/olemosaic.com\/pt-pt\/wp-json\/wp\/v2\/types\/product"}],"wp:featuredmedia":[{"embeddable":true,"href":"https:\/\/olemosaic.com\/pt-pt\/wp-json\/wp\/v2\/media\/11785"}],"wp:attachment":[{"href":"https:\/\/olemosaic.com\/pt-pt\/wp-json\/wp\/v2\/media?parent=29116"}],"wp:term":[{"taxonomy":"product_brand","embeddable":true,"href":"https:\/\/olemosaic.com\/pt-pt\/wp-json\/wp\/v2\/product_brand?post=29116"},{"taxonomy":"product_cat","embeddable":true,"href":"https:\/\/olemosaic.com\/pt-pt\/wp-json\/wp\/v2\/product_cat?post=29116"},{"taxonomy":"product_tag","embeddable":true,"href":"https:\/\/olemosaic.com\/pt-pt\/wp-json\/wp\/v2\/product_tag?post=29116"}],"curies":[{"name":"wp","href":"https:\/\/api.w.org\/{rel}","templated":true}]}}