{"id":29115,"date":"2025-02-20T23:30:05","date_gmt":"2025-02-20T22:30:05","guid":{"rendered":"http:\/\/olemosaic.com\/producto\/bol-de-coco-naranja-caballito-de-mar\/"},"modified":"2025-07-25T19:31:06","modified_gmt":"2025-07-25T17:31:06","slug":"taca-de-coco-laranja-cavalo-marinho","status":"publish","type":"product","link":"https:\/\/olemosaic.com\/pt-pt\/produto\/taca-de-coco-laranja-cavalo-marinho\/","title":{"rendered":"Ta\u00e7a de coco laranja. Cavalo-marinho."},"content":{"rendered":"<p>Esta ta\u00e7a de coco laranja \u00e9 uma impressionante pe\u00e7a artesanal que captura a ess\u00eancia do ambiente costeiro espanhol. Com um design arredondado, a ta\u00e7a destaca-se pela sua vibrante tonalidade laranja, que evoca o calor do sol nas praias espanholas. Decorada com um elegante cavalo-marinho, pintado \u00e0 m\u00e3o, este motivo marinho n\u00e3o s\u00f3 oferece uma representa\u00e7\u00e3o visual fascinante, como tamb\u00e9m simboliza a riqueza da vida marinha que rodeia a pen\u00ednsula ib\u00e9rica. O cavalo-marinho, conhecido pela sua beleza e gra\u00e7a singulares, tornou-se um emblema da fauna marinha, o que o torna perfeito para quem procura um pedacinho do mar nas suas casas.<\/p>\n<p>Os detalhes da ta\u00e7a, incluindo os padr\u00f5es decorativos na borda, acrescentam uma dimens\u00e3o art\u00edstica que real\u00e7a o seu car\u00e1ter decorativo. Ideal tanto para uso funcional como decorativo, esta ta\u00e7a \u00e9 perfeita para apresentar aperitivos, frutas ou como um belo centro de mesa. Na Ol\u00e9 Mosaic, apostamos em lembran\u00e7as aut\u00eanticas que refletem a cultura espanhola, e esta ta\u00e7a de coco laranja \u00e9 uma brilhante op\u00e7\u00e3o para lojas de presentes tur\u00edsticos que procuram oferecer produtos de qualidade e relev\u00e2ncia cultural. Como distribuidores de lembran\u00e7as, garantimos autenticidade e um toque art\u00edstico em cada pe\u00e7a.<\/p>\n","protected":false},"excerpt":{"rendered":"<p>Ta\u00e7a de coco laranja, decorada com um elegante cavalo-marinho. Este produto artesanal, com design artesanal e pintado \u00e0 m\u00e3o, destaca-se pela sua cor vibrante e pelos detalhes marinhos da sua superf\u00edcie. Com uma forma arredondada, a ta\u00e7a apresenta um design muito especial na borda e um fundo que real\u00e7a o motivo do cavalo-marinho, evocando a beleza do ambiente costeiro espanhol. Ideal tanto para uso decorativo como funcional.<\/p>\n","protected":false},"featured_media":10059,"template":"","meta":{"_acf_changed":false},"product_brand":[],"product_cat":[513],"product_tag":[516],"class_list":{"0":"post-29115","1":"product","2":"type-product","3":"status-publish","4":"has-post-thumbnail","6":"product_cat-bols","7":"product_tag-animais","8":"pa_motivo-cavalos-marinhos","10":"first","11":"instock","12":"shipping-taxable","13":"product-type-simple"},"acf":[],"_links":{"self":[{"href":"https:\/\/olemosaic.com\/pt-pt\/wp-json\/wp\/v2\/product\/29115","targetHints":{"allow":["GET"]}}],"collection":[{"href":"https:\/\/olemosaic.com\/pt-pt\/wp-json\/wp\/v2\/product"}],"about":[{"href":"https:\/\/olemosaic.com\/pt-pt\/wp-json\/wp\/v2\/types\/product"}],"wp:featuredmedia":[{"embeddable":true,"href":"https:\/\/olemosaic.com\/pt-pt\/wp-json\/wp\/v2\/media\/10059"}],"wp:attachment":[{"href":"https:\/\/olemosaic.com\/pt-pt\/wp-json\/wp\/v2\/media?parent=29115"}],"wp:term":[{"taxonomy":"product_brand","embeddable":true,"href":"https:\/\/olemosaic.com\/pt-pt\/wp-json\/wp\/v2\/product_brand?post=29115"},{"taxonomy":"product_cat","embeddable":true,"href":"https:\/\/olemosaic.com\/pt-pt\/wp-json\/wp\/v2\/product_cat?post=29115"},{"taxonomy":"product_tag","embeddable":true,"href":"https:\/\/olemosaic.com\/pt-pt\/wp-json\/wp\/v2\/product_tag?post=29115"}],"curies":[{"name":"wp","href":"https:\/\/api.w.org\/{rel}","templated":true}]}}