{"id":29114,"date":"2025-02-20T23:30:05","date_gmt":"2025-02-20T22:30:05","guid":{"rendered":"http:\/\/olemosaic.com\/producto\/bol-de-coco-naranja-caballito-de-mar-mallorca\/"},"modified":"2025-07-25T20:26:09","modified_gmt":"2025-07-25T18:26:09","slug":"taca-de-coco-laranja-cavalo-marinho-maiorca","status":"publish","type":"product","link":"https:\/\/olemosaic.com\/pt-pt\/produto\/taca-de-coco-laranja-cavalo-marinho-maiorca\/","title":{"rendered":"Ta\u00e7a de coco laranja. Cavalo-marinho. Maiorca."},"content":{"rendered":"<p>Esta ta\u00e7a de coco laranja \u00e9 uma preciosa pe\u00e7a artesanal que captura a ess\u00eancia do Mediterr\u00e2neo, elaborada de forma artesanal na m\u00e1gica ilha de Maiorca. A superf\u00edcie da ta\u00e7a apresenta um intrincado design de cavalo-marinho, que simboliza a riqueza marinha da regi\u00e3o, rodeado de delicados padr\u00f5es dourados e alaranjados que se entrela\u00e7am harmoniosamente. Esta est\u00e9tica luminosa e acolhedora torna-a num objeto decorativo ideal para qualquer casa, acrescentando um toque de eleg\u00e2ncia e calor.<\/p>\n<p>No centro da ta\u00e7a, encontra-se a inscri\u00e7\u00e3o &#8220;MALLORCA&#8221;, que n\u00e3o s\u00f3 indica a sua origem, como tamb\u00e9m a torna numa recorda\u00e7\u00e3o aut\u00eantica das tradi\u00e7\u00f5es insulares. Esta ta\u00e7a apresenta-se como uma lembran\u00e7a funcional e, ao mesmo tempo, como uma obra de arte que evoca a cultura balear e a sua liga\u00e7\u00e3o com a natureza e o mar.<\/p>\n<p>Por tudo isto, esta ta\u00e7a de coco \u00e9 uma excelente op\u00e7\u00e3o para turistas que procuram lembran\u00e7as originais e significativas da sua visita a Maiorca. Na Ol\u00e9 Mosaic, somos distribuidores por grosso de artigos \u00fanicos como este, perfeitos para lojas de presentes tur\u00edsticos que desejam oferecer produtos aut\u00eanticos que realcem a beleza e a heran\u00e7a cultural de Espanha.<\/p>\n","protected":false},"excerpt":{"rendered":"<p>Ta\u00e7a de coco laranja, feita em Maiorca e decorada com um delicado cavalo-marinho. A sua superf\u00edcie exibe intrincados padr\u00f5es dourados e alaranjados entrela\u00e7ados, criando uma est\u00e9tica luminosa e acolhedora. Esta atraente recorda\u00e7\u00e3o evoca a ess\u00eancia do Mediterr\u00e2neo, com a inscri\u00e7\u00e3o &#8220;MALLORCA&#8221; gravada no centro, lo que a torna numa lembran\u00e7a perfeita das tradi\u00e7\u00f5es insulares. Ideal como elemento decorativo ou como pe\u00e7a funcional em qualquer casa.<\/p>\n","protected":false},"featured_media":10133,"template":"","meta":{"_acf_changed":false},"product_brand":[],"product_cat":[513],"product_tag":[516],"class_list":{"0":"post-29114","1":"product","2":"type-product","3":"status-publish","4":"has-post-thumbnail","6":"product_cat-bols","7":"product_tag-animais","8":"pa_ciudad-mallorca","9":"pa_motivo-cavalos-marinhos","10":"pa_pais-espana","12":"first","13":"instock","14":"shipping-taxable","15":"product-type-simple"},"acf":[],"_links":{"self":[{"href":"https:\/\/olemosaic.com\/pt-pt\/wp-json\/wp\/v2\/product\/29114","targetHints":{"allow":["GET"]}}],"collection":[{"href":"https:\/\/olemosaic.com\/pt-pt\/wp-json\/wp\/v2\/product"}],"about":[{"href":"https:\/\/olemosaic.com\/pt-pt\/wp-json\/wp\/v2\/types\/product"}],"wp:featuredmedia":[{"embeddable":true,"href":"https:\/\/olemosaic.com\/pt-pt\/wp-json\/wp\/v2\/media\/10133"}],"wp:attachment":[{"href":"https:\/\/olemosaic.com\/pt-pt\/wp-json\/wp\/v2\/media?parent=29114"}],"wp:term":[{"taxonomy":"product_brand","embeddable":true,"href":"https:\/\/olemosaic.com\/pt-pt\/wp-json\/wp\/v2\/product_brand?post=29114"},{"taxonomy":"product_cat","embeddable":true,"href":"https:\/\/olemosaic.com\/pt-pt\/wp-json\/wp\/v2\/product_cat?post=29114"},{"taxonomy":"product_tag","embeddable":true,"href":"https:\/\/olemosaic.com\/pt-pt\/wp-json\/wp\/v2\/product_tag?post=29114"}],"curies":[{"name":"wp","href":"https:\/\/api.w.org\/{rel}","templated":true}]}}