{"id":29112,"date":"2025-02-20T23:30:05","date_gmt":"2025-02-20T22:30:05","guid":{"rendered":"http:\/\/olemosaic.com\/producto\/bol-de-coco-naranja-delfin\/"},"modified":"2025-07-25T19:43:14","modified_gmt":"2025-07-25T17:43:14","slug":"taca-de-coco-laranja-golfinho","status":"publish","type":"product","link":"https:\/\/olemosaic.com\/pt-pt\/produto\/taca-de-coco-laranja-golfinho\/","title":{"rendered":"Ta\u00e7a de coco laranja. Golfinho."},"content":{"rendered":"<p>Esta ta\u00e7a de coco laranja, decorada com golfinhos, \u00e9 uma pe\u00e7a \u00fanica que traz um toque ex\u00f3tico e vibrante a qualquer espa\u00e7o. Elaborada artesanalmente, o seu acabamento brilhante destaca-se em belas tonalidades cor de laranja, criando um efeito visual deslumbrante que atrai a aten\u00e7\u00e3o. No interior, apreciam-se delicados detalhes em branco que representam golfinhos a nadar, evocando a ess\u00eancia do mar e das costas mediterr\u00e2nicas, onde este tipo de arte \u00e9 uma tradi\u00e7\u00e3o muito valorizada.<\/p>\n<p>O design oval e org\u00e2nico desta ta\u00e7a n\u00e3o s\u00f3 real\u00e7a a beleza natural do coco, como tamb\u00e9m a torna num elemento decorativo vers\u00e1til, perfeito tanto para uso funcional como est\u00e9tico. Ideal para servir fruta, como centro de mesa ou simples adorno, esta ta\u00e7a torna-se uma recorda\u00e7\u00e3o confort\u00e1vel das f\u00e9rias e da cultura mar\u00edtima mediterr\u00e2nica.<\/p>\n<p>Este objeto \u00e9 uma aut\u00eantica lembran\u00e7a que reflete a liga\u00e7\u00e3o cultural com as \u00e1guas quentes e a fauna do Mediterr\u00e2neo, tornando-a uma escolha memor\u00e1vel para quem procura levar um peda\u00e7o deste ambiente encantador. Na Ol\u00e9 Mosaic, especializamo-nos na distribui\u00e7\u00e3o de lembran\u00e7as artesanais por grosso, e esta ta\u00e7a de coco \u00e9 uma excelente op\u00e7\u00e3o para lojas de presentes tur\u00edsticos que desejem oferecer produtos que celebrem o artesanato e a cultura locais. Sem d\u00favida, uma pe\u00e7a que combina est\u00e9tica, autenticidade e funcionalidade para todos os amantes da decora\u00e7\u00e3o.<\/p>\n","protected":false},"excerpt":{"rendered":"<p>Ta\u00e7a de coco laranja decorada com golfinhos, ideal para dar um toque ex\u00f3tico a qualquer ambiente. Este artigo, elaborado artesanalmente, apresenta um acabamento brilhante com tonalidades laranja e detalhes brancos de golfinhos a nadar no seu interior. O seu design oval e org\u00e2nico real\u00e7a a beleza natural do coco, tornando-o num elemento decorativo ou funcional atraente para a casa. Perfeito como recorda\u00e7\u00e3o, evoca o encanto das costas mediterr\u00e2nicas.<\/p>\n","protected":false},"featured_media":10090,"template":"","meta":{"_acf_changed":false},"product_brand":[],"product_cat":[513],"product_tag":[516],"class_list":{"0":"post-29112","1":"product","2":"type-product","3":"status-publish","4":"has-post-thumbnail","6":"product_cat-bols","7":"product_tag-animais","8":"pa_motivo-golfinhos","10":"first","11":"instock","12":"shipping-taxable","13":"product-type-simple"},"acf":[],"_links":{"self":[{"href":"https:\/\/olemosaic.com\/pt-pt\/wp-json\/wp\/v2\/product\/29112","targetHints":{"allow":["GET"]}}],"collection":[{"href":"https:\/\/olemosaic.com\/pt-pt\/wp-json\/wp\/v2\/product"}],"about":[{"href":"https:\/\/olemosaic.com\/pt-pt\/wp-json\/wp\/v2\/types\/product"}],"wp:featuredmedia":[{"embeddable":true,"href":"https:\/\/olemosaic.com\/pt-pt\/wp-json\/wp\/v2\/media\/10090"}],"wp:attachment":[{"href":"https:\/\/olemosaic.com\/pt-pt\/wp-json\/wp\/v2\/media?parent=29112"}],"wp:term":[{"taxonomy":"product_brand","embeddable":true,"href":"https:\/\/olemosaic.com\/pt-pt\/wp-json\/wp\/v2\/product_brand?post=29112"},{"taxonomy":"product_cat","embeddable":true,"href":"https:\/\/olemosaic.com\/pt-pt\/wp-json\/wp\/v2\/product_cat?post=29112"},{"taxonomy":"product_tag","embeddable":true,"href":"https:\/\/olemosaic.com\/pt-pt\/wp-json\/wp\/v2\/product_tag?post=29112"}],"curies":[{"name":"wp","href":"https:\/\/api.w.org\/{rel}","templated":true}]}}