{"id":29106,"date":"2025-02-20T22:30:05","date_gmt":"2025-02-20T22:30:05","guid":{"rendered":"http:\/\/olemosaic.com\/producto\/bol-de-coco-beige-delfin-mallorca\/"},"modified":"2025-07-25T19:02:47","modified_gmt":"2025-07-25T17:02:47","slug":"taca-de-coco-bege-golfinho-maiorca","status":"publish","type":"product","link":"https:\/\/olemosaic.com\/pt-pt\/produto\/taca-de-coco-bege-golfinho-maiorca\/","title":{"rendered":"Ta\u00e7a de coco bege. Golfinho. Maiorca."},"content":{"rendered":"<p>Esta ta\u00e7a de coco bege, delicadamente decorada com um elegante golfinho, \u00e9 uma aut\u00eantica joia artesanal inspirada na beleza natural de Maiorca. O seu design \u00fanico real\u00e7a a riqueza do Mediterr\u00e2neo, com um acabamento brilhante que reflete os tons suaves do coco, evocando a luz e as cores desta ilha paradis\u00edaca. A ilustra\u00e7\u00e3o de um golfinho, s\u00edmbolo da gra\u00e7a e da liberdade do mar, \u00e9 acompanhada pelo texto &#8220;Mallorca&#8221;, conferindo um toque distintivo que torna esta ta\u00e7a uma pe\u00e7a perfeita para qualquer lar.<\/p>\n<p>O artesanato por tr\u00e1s deste produto real\u00e7a a tradi\u00e7\u00e3o maiorquina, onde o uso de materiais naturais como o coco faz parte de uma abordagem sustent\u00e1vel que celebra a cultura local. Esta pe\u00e7a n\u00e3o \u00e9 apenas funcional, ideal para servir aperitivos ou como elemento decorativo, mas torna-se tamb\u00e9m uma recorda\u00e7\u00e3o representativa das praias e da vida marinha de Maiorca. A sua est\u00e9tica e liga\u00e7\u00e3o cultural fazem desta ta\u00e7a de coco uma recorda\u00e7\u00e3o ideal para turistas que procuram um peda\u00e7o aut\u00eantico desta magn\u00edfica regi\u00e3o.<\/p>\n<p>Na Ol\u00e9 Mosaic, como distribuidores de recorda\u00e7\u00f5es por grosso, oferecemos produtos que capturam a ess\u00eancia dos destinos tur\u00edsticos mais desejados. Esta ta\u00e7a de coco \u00e9 uma excelente op\u00e7\u00e3o para lojas de presentes tur\u00edsticos que desejem oferecer recorda\u00e7\u00f5es aut\u00eanticas de Maiorca, garantindo qualidade e um design que real\u00e7a a beleza do local.<\/p>\n","protected":false},"excerpt":{"rendered":"<p>Ta\u00e7a de coco bege decorada com um elegante golfinho, inspirada na beleza natural de Maiorca. Este produto artesanal apresenta um design \u00fanico, com um acabamento brilhante e motivos que evocam o Mediterr\u00e2neo. A t\u00e9cnica de cria\u00e7\u00e3o real\u00e7a os tons suaves do coco, enquanto o golfinho e a palavra &#8220;Mallorca&#8221; conferem um toque distintivo. Perfeita para dar um toque de autenticidade a qualquer espa\u00e7o.<\/p>\n","protected":false},"featured_media":11891,"template":"","meta":{"_acf_changed":false},"product_brand":[],"product_cat":[513],"product_tag":[516],"class_list":{"0":"post-29106","1":"product","2":"type-product","3":"status-publish","4":"has-post-thumbnail","6":"product_cat-bols","7":"product_tag-animais","8":"pa_ciudad-mallorca","9":"pa_motivo-golfinhos","10":"pa_pais-espana","12":"first","13":"instock","14":"shipping-taxable","15":"product-type-simple"},"acf":[],"_links":{"self":[{"href":"https:\/\/olemosaic.com\/pt-pt\/wp-json\/wp\/v2\/product\/29106","targetHints":{"allow":["GET"]}}],"collection":[{"href":"https:\/\/olemosaic.com\/pt-pt\/wp-json\/wp\/v2\/product"}],"about":[{"href":"https:\/\/olemosaic.com\/pt-pt\/wp-json\/wp\/v2\/types\/product"}],"wp:featuredmedia":[{"embeddable":true,"href":"https:\/\/olemosaic.com\/pt-pt\/wp-json\/wp\/v2\/media\/11891"}],"wp:attachment":[{"href":"https:\/\/olemosaic.com\/pt-pt\/wp-json\/wp\/v2\/media?parent=29106"}],"wp:term":[{"taxonomy":"product_brand","embeddable":true,"href":"https:\/\/olemosaic.com\/pt-pt\/wp-json\/wp\/v2\/product_brand?post=29106"},{"taxonomy":"product_cat","embeddable":true,"href":"https:\/\/olemosaic.com\/pt-pt\/wp-json\/wp\/v2\/product_cat?post=29106"},{"taxonomy":"product_tag","embeddable":true,"href":"https:\/\/olemosaic.com\/pt-pt\/wp-json\/wp\/v2\/product_tag?post=29106"}],"curies":[{"name":"wp","href":"https:\/\/api.w.org\/{rel}","templated":true}]}}