{"id":29104,"date":"2025-02-20T22:30:04","date_gmt":"2025-02-20T22:30:04","guid":{"rendered":"http:\/\/olemosaic.com\/producto\/bol-de-coco-beige-camello-fuerteventura\/"},"modified":"2025-07-25T19:22:32","modified_gmt":"2025-07-25T17:22:32","slug":"taca-de-coco-bege-camelo-fuerteventura","status":"publish","type":"product","link":"https:\/\/olemosaic.com\/pt-pt\/produto\/taca-de-coco-bege-camelo-fuerteventura\/","title":{"rendered":"Ta\u00e7a de coco bege. Camelo. Fuerteventura."},"content":{"rendered":"<p>Esta ta\u00e7a de coco bege, decorada com um elegante design de camelos, captura a ess\u00eancia de Fuerteventura, uma das joias das Ilhas Can\u00e1rias. Confecionada artesanalmente a partir de coco natural, esta ta\u00e7a apresenta um acabamento em tons bege que evoca as suaves e quentes paisagens da ilha. Os subtis detalhes em tons mais claros conferem uma dimens\u00e3o \u00fanica \u00e0 pe\u00e7a, tornando cada ta\u00e7a uma obra de arte singular.<\/p>\n<p>O motivo do camelo, emblem\u00e1tico e representativo da cultura local, est\u00e1 delicadamente real\u00e7ado no interior, recordando aos visitantes a profunda liga\u00e7\u00e3o de Fuerteventura com este s\u00edmbolo das terras \u00e1ridas e a sua hist\u00f3ria comercial. Esta ta\u00e7a n\u00e3o serve apenas como elemento decorativo, mas \u00e9 tamb\u00e9m funcional, oferecendo aos turistas uma excelente forma de levar um peda\u00e7o da cultura can\u00e1ria para as suas casas.<\/p>\n<p>Ideal para quem procura recorda\u00e7\u00f5es aut\u00eanticas e de qualidade, esta ta\u00e7a de coco \u00e9 uma op\u00e7\u00e3o perfeita para lojas de presentes tur\u00edsticos. Na Ol\u00e9 Mosaic, como grossistas de produtos artesanal, estamos comprometidos com a distribui\u00e7\u00e3o de artigos que refletem a riqueza cultural de diferentes regi\u00f5es, oferecendo aos nossos clientes recorda\u00e7\u00f5es que transcendem o convencional.<\/p>\n","protected":false},"excerpt":{"rendered":"<p>Ta\u00e7a de coco bege decorada com um design de camelos que evoca a ess\u00eancia de Fuerteventura. Esta elegante ta\u00e7a, elaborada a partir de coco natural, apresenta um acabamento em tons bege e detalhes em tons mais claros, que recordam as paisagens desta ilha can\u00e1ria. A ilustra\u00e7\u00e3o do camelo, s\u00edmbolo da cultura local, destaca-se subtilmente, tornando esta ta\u00e7a num elemento decorativo e funcional ideal para qualquer lar.<\/p>\n","protected":false},"featured_media":11994,"template":"","meta":{"_acf_changed":false},"product_brand":[],"product_cat":[513],"product_tag":[516],"class_list":{"0":"post-29104","1":"product","2":"type-product","3":"status-publish","4":"has-post-thumbnail","6":"product_cat-bols","7":"product_tag-animais","8":"pa_ciudad-fuerteventura","9":"pa_motivo-camelos","10":"pa_pais-espana","12":"first","13":"instock","14":"shipping-taxable","15":"product-type-simple"},"acf":[],"_links":{"self":[{"href":"https:\/\/olemosaic.com\/pt-pt\/wp-json\/wp\/v2\/product\/29104","targetHints":{"allow":["GET"]}}],"collection":[{"href":"https:\/\/olemosaic.com\/pt-pt\/wp-json\/wp\/v2\/product"}],"about":[{"href":"https:\/\/olemosaic.com\/pt-pt\/wp-json\/wp\/v2\/types\/product"}],"wp:featuredmedia":[{"embeddable":true,"href":"https:\/\/olemosaic.com\/pt-pt\/wp-json\/wp\/v2\/media\/11994"}],"wp:attachment":[{"href":"https:\/\/olemosaic.com\/pt-pt\/wp-json\/wp\/v2\/media?parent=29104"}],"wp:term":[{"taxonomy":"product_brand","embeddable":true,"href":"https:\/\/olemosaic.com\/pt-pt\/wp-json\/wp\/v2\/product_brand?post=29104"},{"taxonomy":"product_cat","embeddable":true,"href":"https:\/\/olemosaic.com\/pt-pt\/wp-json\/wp\/v2\/product_cat?post=29104"},{"taxonomy":"product_tag","embeddable":true,"href":"https:\/\/olemosaic.com\/pt-pt\/wp-json\/wp\/v2\/product_tag?post=29104"}],"curies":[{"name":"wp","href":"https:\/\/api.w.org\/{rel}","templated":true}]}}