{"id":29103,"date":"2025-02-20T22:30:04","date_gmt":"2025-02-20T22:30:04","guid":{"rendered":"http:\/\/olemosaic.com\/producto\/bol-de-coco-beige-delfin-tenerife\/"},"modified":"2025-07-25T18:50:13","modified_gmt":"2025-07-25T16:50:13","slug":"taca-de-coco-bege-golfinho-tenerife","status":"publish","type":"product","link":"https:\/\/olemosaic.com\/pt-pt\/produto\/taca-de-coco-bege-golfinho-tenerife\/","title":{"rendered":"Ta\u00e7a de coco bege. Golfinho. Tenerife."},"content":{"rendered":"<p>Esta ta\u00e7a de coco bege, decorada com um golfinho estilizado, \u00e9 uma representa\u00e7\u00e3o encantadora da beleza marinha de Tenerife. Fabricada com a pr\u00f3pria casca de coco, este artigo \u00fanico destaca-se pelos seus tons naturais, que evocam o calor e a autenticidade das Ilhas Can\u00e1rias. Com um design org\u00e2nico que real\u00e7a as texturas naturais do coco, a pe\u00e7a incorpora uma elegante ilustra\u00e7\u00e3o de um golfinho em cor terracota, simbolizando a rica vida marinha que rodeia Tenerife e a sua liga\u00e7\u00e3o com o oceano Atl\u00e2ntico.<\/p>\n<p>Perfeita tanto para decora\u00e7\u00e3o como para armazenamento, esta ta\u00e7a n\u00e3o s\u00f3 acrescenta um toque de estilo a qualquer espa\u00e7o, como tamb\u00e9m serve como uma recorda\u00e7\u00e3o da maravilhosa experi\u00eancia de visitar as Can\u00e1rias. Com o seu car\u00e1cter artesanal, esta ta\u00e7a \u00e9 uma excelente recorda\u00e7\u00e3o que encapsula a ess\u00eancia da cultura can\u00e1ria, sendo ideal para turistas que procuram uma lembran\u00e7a aut\u00eantica da sua viagem.<\/p>\n<p>Na Ol\u00e9 Mosaic, orgulhamo-nos de oferecer recorda\u00e7\u00f5es que capturam a heran\u00e7a cultural de Espanha e Portugal. Esta ta\u00e7a de coco \u00e9 uma op\u00e7\u00e3o excecional para lojas de presentes tur\u00edsticos que desejam oferecer produtos que combinem beleza e funcionalidade. Como grossistas de recorda\u00e7\u00f5es, garantimos a autenticidade e a qualidade em cada uma das nossas pe\u00e7as.<\/p>\n","protected":false},"excerpt":{"rendered":"<p>Ta\u00e7a de coco bege decorada com um golfinho, que representa a beleza marinha de Tenerife. Este artigo exclusivo, elaborado a partir da casca de coco, destaca-se pelo seu design natural e pelos seus tons bege, combinados com a ilustra\u00e7\u00e3o de um golfinho estilizado em cor terracota. Ideal para decora\u00e7\u00e3o ou armazenamento, esta ta\u00e7a reflete o encanto das ilhas Can\u00e1rias, fundindo artesanato e motivos marinhos numa pe\u00e7a \u00fanica.<\/p>\n","protected":false},"featured_media":11931,"template":"","meta":{"_acf_changed":false},"product_brand":[],"product_cat":[513],"product_tag":[516],"class_list":{"0":"post-29103","1":"product","2":"type-product","3":"status-publish","4":"has-post-thumbnail","6":"product_cat-bols","7":"product_tag-animais","8":"pa_ciudad-tenerife","9":"pa_motivo-golfinhos","10":"pa_pais-espana","12":"first","13":"instock","14":"shipping-taxable","15":"product-type-simple"},"acf":[],"_links":{"self":[{"href":"https:\/\/olemosaic.com\/pt-pt\/wp-json\/wp\/v2\/product\/29103","targetHints":{"allow":["GET"]}}],"collection":[{"href":"https:\/\/olemosaic.com\/pt-pt\/wp-json\/wp\/v2\/product"}],"about":[{"href":"https:\/\/olemosaic.com\/pt-pt\/wp-json\/wp\/v2\/types\/product"}],"wp:featuredmedia":[{"embeddable":true,"href":"https:\/\/olemosaic.com\/pt-pt\/wp-json\/wp\/v2\/media\/11931"}],"wp:attachment":[{"href":"https:\/\/olemosaic.com\/pt-pt\/wp-json\/wp\/v2\/media?parent=29103"}],"wp:term":[{"taxonomy":"product_brand","embeddable":true,"href":"https:\/\/olemosaic.com\/pt-pt\/wp-json\/wp\/v2\/product_brand?post=29103"},{"taxonomy":"product_cat","embeddable":true,"href":"https:\/\/olemosaic.com\/pt-pt\/wp-json\/wp\/v2\/product_cat?post=29103"},{"taxonomy":"product_tag","embeddable":true,"href":"https:\/\/olemosaic.com\/pt-pt\/wp-json\/wp\/v2\/product_tag?post=29103"}],"curies":[{"name":"wp","href":"https:\/\/api.w.org\/{rel}","templated":true}]}}