{"id":29076,"date":"2025-02-20T22:30:04","date_gmt":"2025-02-20T22:30:04","guid":{"rendered":"http:\/\/olemosaic.com\/producto\/bol-de-coco-beige-flecha-camino-de-santiago\/"},"modified":"2025-07-25T19:25:01","modified_gmt":"2025-07-25T17:25:01","slug":"taca-de-coco-bege-seta-caminho-de-santiago","status":"publish","type":"product","link":"https:\/\/olemosaic.com\/pt-pt\/produto\/taca-de-coco-bege-seta-caminho-de-santiago\/","title":{"rendered":"Ta\u00e7a de coco bege. Seta. Caminho de Santiago."},"content":{"rendered":"<p>Esta ta\u00e7a de coco bege, cuidadosamente elaborada, \u00e9 uma bela recorda\u00e7\u00e3o que representa a emblem\u00e1tica rota do Caminho de Santiago. Fabricada com casca de coco, o seu design elegante destaca-se por uma superf\u00edcie polida que combina tons bege com toques mais claros, evocando a beleza natural das paisagens que adornam o percurso jacobeu. No centro da ta\u00e7a, uma seta distintiva simboliza a dire\u00e7\u00e3o da peregrina\u00e7\u00e3o, tornando esta pe\u00e7a num objeto decorativo e funcional, ideal para qualquer lar.<\/p>\n<p>A decora\u00e7\u00e3o da seta, que liga \u00e0 rica tradi\u00e7\u00e3o do Caminho, real\u00e7a o significado cultural que esta ta\u00e7a de coco transporta. O Caminho de Santiago, declarado Patrim\u00f3nio da Humanidade, \u00e9 uma viagem de f\u00e9 e aventura que atrai milhares de peregrinos de todo o mundo, e esta recorda\u00e7\u00e3o torna-se um lembrete tang\u00edvel dessa experi\u00eancia enriquecedora.<\/p>\n<p>Na Ol\u00e9 Mosaic, especializamo-nos na distribui\u00e7\u00e3o de recorda\u00e7\u00f5es por grosso, e esta ta\u00e7a \u00e9 uma excelente op\u00e7\u00e3o para lojas de presentes tur\u00edsticos que procuram oferecer produtos aut\u00eanticos e representativos da cultura espanhola. Como grossistas de recorda\u00e7\u00f5es, garantimos qualidade e originalidade em cada pe\u00e7a, fazendo desta ta\u00e7a de coco um presente perfeito para quem deseja levar um pedacinho do Caminho de Santiago para as suas casas.<\/p>\n","protected":false},"excerpt":{"rendered":"<p>Ta\u00e7a de coco bege, decorada com um design de seta que representa o famoso Caminho de Santiago. Esta elegante ta\u00e7a, elaborada com casca de coco, apresenta uma superf\u00edcie polida com um padr\u00e3o de tons bege e claros que evoca a beleza natural da rota jacobeia. No centro, a seta simboliza a dire\u00e7\u00e3o da peregrina\u00e7\u00e3o, acrescentando um toque distintivo e funcional a qualquer lar. Ideal para recorda\u00e7\u00f5es ou decora\u00e7\u00e3o.<\/p>\n","protected":false},"featured_media":11939,"template":"","meta":{"_acf_changed":false},"product_brand":[],"product_cat":[513],"product_tag":[],"class_list":{"0":"post-29076","1":"product","2":"type-product","3":"status-publish","4":"has-post-thumbnail","6":"product_cat-bols","7":"pa_ciudad-santiago","8":"pa_motivo-setas","9":"pa_pais-espana","11":"first","12":"instock","13":"shipping-taxable","14":"product-type-simple"},"acf":[],"_links":{"self":[{"href":"https:\/\/olemosaic.com\/pt-pt\/wp-json\/wp\/v2\/product\/29076","targetHints":{"allow":["GET"]}}],"collection":[{"href":"https:\/\/olemosaic.com\/pt-pt\/wp-json\/wp\/v2\/product"}],"about":[{"href":"https:\/\/olemosaic.com\/pt-pt\/wp-json\/wp\/v2\/types\/product"}],"wp:featuredmedia":[{"embeddable":true,"href":"https:\/\/olemosaic.com\/pt-pt\/wp-json\/wp\/v2\/media\/11939"}],"wp:attachment":[{"href":"https:\/\/olemosaic.com\/pt-pt\/wp-json\/wp\/v2\/media?parent=29076"}],"wp:term":[{"taxonomy":"product_brand","embeddable":true,"href":"https:\/\/olemosaic.com\/pt-pt\/wp-json\/wp\/v2\/product_brand?post=29076"},{"taxonomy":"product_cat","embeddable":true,"href":"https:\/\/olemosaic.com\/pt-pt\/wp-json\/wp\/v2\/product_cat?post=29076"},{"taxonomy":"product_tag","embeddable":true,"href":"https:\/\/olemosaic.com\/pt-pt\/wp-json\/wp\/v2\/product_tag?post=29076"}],"curies":[{"name":"wp","href":"https:\/\/api.w.org\/{rel}","templated":true}]}}