{"id":29073,"date":"2025-02-20T23:30:03","date_gmt":"2025-02-20T22:30:03","guid":{"rendered":"http:\/\/olemosaic.com\/producto\/bol-de-coco-de-beige-tortuga-menorca\/"},"modified":"2025-07-25T20:31:06","modified_gmt":"2025-07-25T18:31:06","slug":"taca-de-coco-bege-tartaruga-menorca","status":"publish","type":"product","link":"https:\/\/olemosaic.com\/pt-pt\/produto\/taca-de-coco-bege-tartaruga-menorca\/","title":{"rendered":"Ta\u00e7a de coco bege. Tartaruga. Menorca."},"content":{"rendered":"<p>Esta ta\u00e7a de coco bege, inspirada na natureza de Menorca, \u00e9 a recorda\u00e7\u00e3o tur\u00edstica ideal que capta a ess\u00eancia desta preciosa ilha do Mediterr\u00e2neo. Com um design muito especial que incorpora representa\u00e7\u00f5es de tartarugas, esta ta\u00e7a \u00e9 perfeita para quem deseja levar um pedacinho de Menorca para as suas casas. O seu acabamento suave e brilhante real\u00e7a a textura natural do coco, oferecendo uma est\u00e9tica elegante e contempor\u00e2nea que complementa qualquer decora\u00e7\u00e3o.<\/p>\n<p>O interior da ta\u00e7a apresenta um padr\u00e3o delicado em tons bege e amarelos, evocando as areias douradas das praias de Menorca e recordando o calor do sol mediterr\u00e2nico. Este contraste de cores, juntamente com a emblem\u00e1tica tartaruga, simboliza a rica biodiversidade da ilha e o seu ambiente marinho, tornando este produto numa aut\u00eantica recorda\u00e7\u00e3o representativa de Menorca.<\/p>\n<p>Na Ol\u00e9 Mosaic, dedicamo-nos \u00e0 distribui\u00e7\u00e3o de recorda\u00e7\u00f5es por grosso, e esta ta\u00e7a de coco n\u00e3o s\u00f3 \u00e9 ideal para decorar a sua casa, como tamb\u00e9m \u00e9 perfeita para apresentar aperitivos em reuni\u00f5es e celebra\u00e7\u00f5es. Ao adquirir esta ta\u00e7a, n\u00e3o s\u00f3 leva uma pe\u00e7a de artesanato de qualidade, mas tamb\u00e9m uma recorda\u00e7\u00e3o cultural significativa de Menorca. \u00c9 um artigo excelente para lojas de presentes tur\u00edsticos que procuram oferecer produtos aut\u00eanticos e com um profundo valor cultural. Com o nosso compromisso de qualidade, garantimos que cada ta\u00e7a de coco seja uma representa\u00e7\u00e3o fiel da beleza da ilha.<\/p>\n","protected":false},"excerpt":{"rendered":"<p>Ta\u00e7a de coco cor bege, inspirada na natureza de Menorca. Esta elegante ta\u00e7a apresenta um design muito especial com tartarugas e um acabamento suave e brilhante que real\u00e7a a sua textura natural. O interior mostra um padr\u00e3o deslumbrante em tons bege e amarelos, que evoca a areia das praias da ilha. Uma recorda\u00e7\u00e3o \u00fanica que capta a ess\u00eancia de Menorca, ideal para decorar a sua casa ou para apresentar aperitivos.<\/p>\n","protected":false},"featured_media":11915,"template":"","meta":{"_acf_changed":false},"product_brand":[],"product_cat":[513],"product_tag":[516],"class_list":{"0":"post-29073","1":"product","2":"type-product","3":"status-publish","4":"has-post-thumbnail","6":"product_cat-bols","7":"product_tag-animais","8":"pa_ciudad-menorca","9":"pa_motivo-tartarugas","10":"pa_pais-espana","12":"first","13":"instock","14":"shipping-taxable","15":"product-type-simple"},"acf":[],"_links":{"self":[{"href":"https:\/\/olemosaic.com\/pt-pt\/wp-json\/wp\/v2\/product\/29073","targetHints":{"allow":["GET"]}}],"collection":[{"href":"https:\/\/olemosaic.com\/pt-pt\/wp-json\/wp\/v2\/product"}],"about":[{"href":"https:\/\/olemosaic.com\/pt-pt\/wp-json\/wp\/v2\/types\/product"}],"wp:featuredmedia":[{"embeddable":true,"href":"https:\/\/olemosaic.com\/pt-pt\/wp-json\/wp\/v2\/media\/11915"}],"wp:attachment":[{"href":"https:\/\/olemosaic.com\/pt-pt\/wp-json\/wp\/v2\/media?parent=29073"}],"wp:term":[{"taxonomy":"product_brand","embeddable":true,"href":"https:\/\/olemosaic.com\/pt-pt\/wp-json\/wp\/v2\/product_brand?post=29073"},{"taxonomy":"product_cat","embeddable":true,"href":"https:\/\/olemosaic.com\/pt-pt\/wp-json\/wp\/v2\/product_cat?post=29073"},{"taxonomy":"product_tag","embeddable":true,"href":"https:\/\/olemosaic.com\/pt-pt\/wp-json\/wp\/v2\/product_tag?post=29073"}],"curies":[{"name":"wp","href":"https:\/\/api.w.org\/{rel}","templated":true}]}}