{"id":29055,"date":"2025-02-20T22:30:03","date_gmt":"2025-02-20T22:30:03","guid":{"rendered":"http:\/\/olemosaic.com\/producto\/bol-de-coco-beige-flor\/"},"modified":"2025-07-25T19:03:34","modified_gmt":"2025-07-25T17:03:34","slug":"taca-de-coco-bege-flor","status":"publish","type":"product","link":"https:\/\/olemosaic.com\/pt-pt\/produto\/taca-de-coco-bege-flor\/","title":{"rendered":"Ta\u00e7a de coco bege. Flor."},"content":{"rendered":"<p>Esta ta\u00e7a de coco bege \u00e9 uma pe\u00e7a decorativa excecional, perfeita para quem procura uma recorda\u00e7\u00e3o que encapsule o calor e a riqueza das tradi\u00e7\u00f5es artesanais. Elaborada com esmero, este recipiente apresenta um acabamento brilhante que real\u00e7a as suaves tonalidades bege e castanho do coco, evocando a ess\u00eancia dos produtos naturais. O design atraente inclui um delicado motivo floral no centro, real\u00e7ado com tons met\u00e1licos que conferem um ar moderno e sofisticado, ideal para qualquer casa contempor\u00e2nea.<\/p>\n<p>A forma org\u00e2nica da ta\u00e7a adapta-se a diversas decora\u00e7\u00f5es, tornando-a um elemento vers\u00e1til que pode ser utilizado tanto na mesa como no mobili\u00e1rio, destacando-se como um atraente ponto focal. O seu design n\u00e3o s\u00f3 a torna funcional, como tamb\u00e9m a transforma num magn\u00edfico lembrete das t\u00e9cnicas artesanais que foram transmitidas de gera\u00e7\u00e3o em gera\u00e7\u00e3o em diversas regi\u00f5es de Espanha e Portugal, onde o uso do coqueiro \u00e9 tradicional.<\/p>\n<p>Na Ol\u00e9 Mosaic, como grossista de recorda\u00e7\u00f5es e acess\u00f3rios decorativos, oferecemos esta ta\u00e7a de coco bege n\u00e3o s\u00f3 pela sua beleza, mas tamb\u00e9m pelo seu valor cultural, ideal para lojas de presentes tur\u00edsticos que desejem surpreender os seus clientes com produtos aut\u00eanticos e representativos. Adquirir esta ta\u00e7a n\u00e3o \u00e9 apenas levar para casa um objeto decorativo, mas tamb\u00e9m um peda\u00e7o de tradi\u00e7\u00e3o e calor que recorda a heran\u00e7a artesanal.<\/p>\n","protected":false},"excerpt":{"rendered":"<p>Ta\u00e7a de coco bege decorada com um delicado design floral no centro. Este elegante recipiente, elaborado com material de coco, apresenta um acabamento brilhante e uma s\u00e9rie de tonalidades bege e castanho que evocam o calor das tradi\u00e7\u00f5es artesanais. As formas suaves e org\u00e2nicas da ta\u00e7a combinam-se com um motivo floral em tons met\u00e1licos que lhe conferem um toque moderno, tornando-a um atraente elemento decorativo para qualquer casa.<\/p>\n","protected":false},"featured_media":11855,"template":"","meta":{"_acf_changed":false},"product_brand":[],"product_cat":[513],"product_tag":[],"class_list":{"0":"post-29055","1":"product","2":"type-product","3":"status-publish","4":"has-post-thumbnail","6":"product_cat-bols","7":"pa_motivo-flores","9":"first","10":"instock","11":"shipping-taxable","12":"product-type-simple"},"acf":[],"_links":{"self":[{"href":"https:\/\/olemosaic.com\/pt-pt\/wp-json\/wp\/v2\/product\/29055","targetHints":{"allow":["GET"]}}],"collection":[{"href":"https:\/\/olemosaic.com\/pt-pt\/wp-json\/wp\/v2\/product"}],"about":[{"href":"https:\/\/olemosaic.com\/pt-pt\/wp-json\/wp\/v2\/types\/product"}],"wp:featuredmedia":[{"embeddable":true,"href":"https:\/\/olemosaic.com\/pt-pt\/wp-json\/wp\/v2\/media\/11855"}],"wp:attachment":[{"href":"https:\/\/olemosaic.com\/pt-pt\/wp-json\/wp\/v2\/media?parent=29055"}],"wp:term":[{"taxonomy":"product_brand","embeddable":true,"href":"https:\/\/olemosaic.com\/pt-pt\/wp-json\/wp\/v2\/product_brand?post=29055"},{"taxonomy":"product_cat","embeddable":true,"href":"https:\/\/olemosaic.com\/pt-pt\/wp-json\/wp\/v2\/product_cat?post=29055"},{"taxonomy":"product_tag","embeddable":true,"href":"https:\/\/olemosaic.com\/pt-pt\/wp-json\/wp\/v2\/product_tag?post=29055"}],"curies":[{"name":"wp","href":"https:\/\/api.w.org\/{rel}","templated":true}]}}