{"id":29054,"date":"2025-02-20T23:30:03","date_gmt":"2025-02-20T22:30:03","guid":{"rendered":"http:\/\/olemosaic.com\/producto\/bol-de-coco-beige-isla-lanzarote\/"},"modified":"2025-07-25T18:46:18","modified_gmt":"2025-07-25T16:46:18","slug":"taca-de-coco-bege-ilha-lanzarote","status":"publish","type":"product","link":"https:\/\/olemosaic.com\/pt-pt\/produto\/taca-de-coco-bege-ilha-lanzarote\/","title":{"rendered":"Ta\u00e7a de coco bege. Ilha. Lanzarote."},"content":{"rendered":"<p>Esta ta\u00e7a de coco bege \u00e9 uma pe\u00e7a artesanal requintada que captura a ess\u00eancia de Lanzarote. Fabricada a partir de cascas de coco recicladas, o seu design evoca o calor da ilha, com um acabamento natural que se destaca pelos seus suaves tons bege e claros. O interior da ta\u00e7a est\u00e1 decorado com um elegante mapa de Lanzarote, criando um contraste atraente que funde cultura e funcionalidade. Esta ta\u00e7a n\u00e3o \u00e9 apenas ideal para servir aperitivos, mas tamb\u00e9m funciona como um encantador elemento decorativo, conferindo um toque artesanal e ex\u00f3tico a qualquer casa ou evento.<\/p>\n<p>Com a sua forma redonda e as suas bordas suavemente curvas, cada ta\u00e7a \u00e9 \u00fanica, refletindo a dedica\u00e7\u00e3o e o cuidado no artesanato local. A liga\u00e7\u00e3o cultural com Lanzarote manifesta-se no seu design, que recorda as paisagens vulc\u00e2nicas e as praias douradas que definem a ilha. Esta recorda\u00e7\u00e3o n\u00e3o representa apenas uma lembran\u00e7a tang\u00edvel de uma viagem, mas tamb\u00e9m promove o respeito pelas t\u00e9cnicas tradicionais e o uso de materiais sustent\u00e1veis.<\/p>\n<p>Na Ol\u00e9 Mosaic, distribu\u00edmos recorda\u00e7\u00f5es aut\u00eanticas de Lanzarote por grosso, e esta ta\u00e7a de coco \u00e9 uma proposta perfeita para lojas de presentes tur\u00edsticos que procuram oferecer produtos de qualidade com valor cultural significativo. \u00c9 uma excelente op\u00e7\u00e3o para quem procura recorda\u00e7\u00f5es que encapsulem a singularidade e o car\u00e1ter da ilha.<\/p>\n","protected":false},"excerpt":{"rendered":"<p>Ta\u00e7a de coco bege decorada com um mapa de Lanzarote, ideal para exibir um toque artesanal e ex\u00f3tico em qualquer casa. Fabricada a partir de casca de coco, apresenta um acabamento natural e suave, com motivos em bege e tons claros que evocam o calor da ilha. Esta elegante ta\u00e7a, perfeita para servir aperitivos ou como elemento decorativo, captura a ess\u00eancia de Lanzarote com o seu design muito especial e atraente.<\/p>\n","protected":false},"featured_media":11998,"template":"","meta":{"_acf_changed":false},"product_brand":[],"product_cat":[513],"product_tag":[],"class_list":{"0":"post-29054","1":"product","2":"type-product","3":"status-publish","4":"has-post-thumbnail","6":"product_cat-bols","7":"pa_ciudad-lanzarote","8":"pa_motivo-ilhas","9":"pa_pais-espana","11":"first","12":"instock","13":"shipping-taxable","14":"product-type-simple"},"acf":[],"_links":{"self":[{"href":"https:\/\/olemosaic.com\/pt-pt\/wp-json\/wp\/v2\/product\/29054","targetHints":{"allow":["GET"]}}],"collection":[{"href":"https:\/\/olemosaic.com\/pt-pt\/wp-json\/wp\/v2\/product"}],"about":[{"href":"https:\/\/olemosaic.com\/pt-pt\/wp-json\/wp\/v2\/types\/product"}],"wp:featuredmedia":[{"embeddable":true,"href":"https:\/\/olemosaic.com\/pt-pt\/wp-json\/wp\/v2\/media\/11998"}],"wp:attachment":[{"href":"https:\/\/olemosaic.com\/pt-pt\/wp-json\/wp\/v2\/media?parent=29054"}],"wp:term":[{"taxonomy":"product_brand","embeddable":true,"href":"https:\/\/olemosaic.com\/pt-pt\/wp-json\/wp\/v2\/product_brand?post=29054"},{"taxonomy":"product_cat","embeddable":true,"href":"https:\/\/olemosaic.com\/pt-pt\/wp-json\/wp\/v2\/product_cat?post=29054"},{"taxonomy":"product_tag","embeddable":true,"href":"https:\/\/olemosaic.com\/pt-pt\/wp-json\/wp\/v2\/product_tag?post=29054"}],"curies":[{"name":"wp","href":"https:\/\/api.w.org\/{rel}","templated":true}]}}