{"id":29053,"date":"2025-02-20T22:30:02","date_gmt":"2025-02-20T22:30:02","guid":{"rendered":"http:\/\/olemosaic.com\/producto\/bol-de-coco-beige-caballito-de-mar\/"},"modified":"2025-07-25T18:56:21","modified_gmt":"2025-07-25T16:56:21","slug":"taca-de-coco-bege-cavalo-marinho","status":"publish","type":"product","link":"https:\/\/olemosaic.com\/pt-pt\/produto\/taca-de-coco-bege-cavalo-marinho\/","title":{"rendered":"Ta\u00e7a de coco bege. Cavalo-marinho."},"content":{"rendered":"<p>Esta ta\u00e7a de coco bege \u00e9 uma magn\u00edfica representa\u00e7\u00e3o da beleza natural do ambiente marinho, ideal para quem procura uma recorda\u00e7\u00e3o aut\u00eantica e decorativa. Com um design artesanal, esta ta\u00e7a destaca-se pela sua base de coco num suave tom bege, salpicada por manchas claras que lhe conferem um encanto especial. No centro, um elegante cavalo-marinho pintado em tons quentes contrasta delicadamente com o fundo, simbolizando a liga\u00e7\u00e3o com o mar e a vida marinha.<\/p>\n<p>Esta ta\u00e7a n\u00e3o \u00e9 apenas funcional, mas tamb\u00e9m pode ser usada para adornar espa\u00e7os ou como recipiente para pequenos objetos, conferindo um toque de frescura e estilo a qualquer decora\u00e7\u00e3o. O seu design \u00fanico evoca a ess\u00eancia do litoral, tornando-a uma excelente recorda\u00e7\u00e3o representativa das tradi\u00e7\u00f5es costeiras. \u00c9 perfeita para turistas que procuram recorda\u00e7\u00f5es que capturem a cultura e o ambiente local, e adapta-se a qualquer ambiente, seja em casa ou numa loja.<\/p>\n<p>Na Ol\u00e9 Mosaic, somos distribuidores de recorda\u00e7\u00f5es aut\u00eanticas e esta ta\u00e7a de coco \u00e9 uma excelente op\u00e7\u00e3o para lojas de presentes tur\u00edsticos que desejem oferecer produtos de qualidade. Como grossista de artigos decorativos, garantimos que cada pe\u00e7a, como esta ta\u00e7a, cumpre os padr\u00f5es de autenticidade e artesanato, fazendo com que cada cliente leve um peda\u00e7o do mar para sua casa.<\/p>\n","protected":false},"excerpt":{"rendered":"<p>Ta\u00e7a de coco bege decorada com um delicado cavalo-marinho. Esta atraente ta\u00e7a apresenta um design natural, com uma base de coco que real\u00e7a a sua cor bege e \u00e9 adornada com manchas claras. No centro, um cavalo-marinho estilizado, pintado em tons quentes, contrasta subtilmente com o fundo. Ideal para decora\u00e7\u00e3o ou como recipiente para pequenos objetos, evoca a ess\u00eancia do mar.<\/p>\n","protected":false},"featured_media":11839,"template":"","meta":{"_acf_changed":false},"product_brand":[],"product_cat":[513],"product_tag":[516],"class_list":{"0":"post-29053","1":"product","2":"type-product","3":"status-publish","4":"has-post-thumbnail","6":"product_cat-bols","7":"product_tag-animais","8":"pa_motivo-cavalos-marinhos","10":"first","11":"instock","12":"shipping-taxable","13":"product-type-simple"},"acf":[],"_links":{"self":[{"href":"https:\/\/olemosaic.com\/pt-pt\/wp-json\/wp\/v2\/product\/29053","targetHints":{"allow":["GET"]}}],"collection":[{"href":"https:\/\/olemosaic.com\/pt-pt\/wp-json\/wp\/v2\/product"}],"about":[{"href":"https:\/\/olemosaic.com\/pt-pt\/wp-json\/wp\/v2\/types\/product"}],"wp:featuredmedia":[{"embeddable":true,"href":"https:\/\/olemosaic.com\/pt-pt\/wp-json\/wp\/v2\/media\/11839"}],"wp:attachment":[{"href":"https:\/\/olemosaic.com\/pt-pt\/wp-json\/wp\/v2\/media?parent=29053"}],"wp:term":[{"taxonomy":"product_brand","embeddable":true,"href":"https:\/\/olemosaic.com\/pt-pt\/wp-json\/wp\/v2\/product_brand?post=29053"},{"taxonomy":"product_cat","embeddable":true,"href":"https:\/\/olemosaic.com\/pt-pt\/wp-json\/wp\/v2\/product_cat?post=29053"},{"taxonomy":"product_tag","embeddable":true,"href":"https:\/\/olemosaic.com\/pt-pt\/wp-json\/wp\/v2\/product_tag?post=29053"}],"curies":[{"name":"wp","href":"https:\/\/api.w.org\/{rel}","templated":true}]}}