{"id":29052,"date":"2025-02-20T22:30:02","date_gmt":"2025-02-20T22:30:02","guid":{"rendered":"http:\/\/olemosaic.com\/producto\/bol-de-coco-beige-sagrada-familia-barcelona\/"},"modified":"2025-07-25T19:50:48","modified_gmt":"2025-07-25T17:50:48","slug":"taca-de-coco-bege-sagrada-familia-barcelona","status":"publish","type":"product","link":"https:\/\/olemosaic.com\/pt-pt\/produto\/taca-de-coco-bege-sagrada-familia-barcelona\/","title":{"rendered":"Ta\u00e7a de coco bege. Sagrada Fam\u00edlia. Barcelona."},"content":{"rendered":"<p>Esta ta\u00e7a de coco bege \u00e9 uma requintada pe\u00e7a decorativa inspirada na emblem\u00e1tica Sagrada Fam\u00edlia, um dos monumentos mais representativos de Barcelona. O seu design \u00fanico combina uma superf\u00edcie polida com um sofisticado padr\u00e3o de c\u00edrculos em tons bege que evocam a beleza intrincada da arquitetura de Gaud\u00ed. No centro, a grava\u00e7\u00e3o distintiva da Sagrada Fam\u00edlia destaca-se com eleg\u00e2ncia, conferindo um toque cultural que ressoa com o esp\u00edrito da cidade. Esta ta\u00e7a n\u00e3o \u00e9 apenas um elemento decorativo, mas tamb\u00e9m funcional, ideal para servir aperitivos ou como um atraente centro de mesa que captar\u00e1 a aten\u00e7\u00e3o em qualquer casa. A utiliza\u00e7\u00e3o do coco como material real\u00e7a a sua autenticidade e liga\u00e7\u00e3o com as tradi\u00e7\u00f5es artesanais, tornando-a uma recorda\u00e7\u00e3o perfeita para quem deseja levar um pedacinho de Barcelona consigo. Na Ol\u00e9 Mosaic, orgulhamo-nos de oferecer recorda\u00e7\u00f5es como esta ta\u00e7a de coco que refletem a rica heran\u00e7a cultural de Espanha. Este produto \u00e9 uma excelente op\u00e7\u00e3o para lojas de presentes tur\u00edsticos que procuram artigos aut\u00eanticos e de qualidade, capazes de oferecer aos turistas uma liga\u00e7\u00e3o tang\u00edvel com a sua experi\u00eancia em Barcelona.<\/p>\n","protected":false},"excerpt":{"rendered":"<p>Ta\u00e7a de coco bege decorada com um detalhado motivo da Sagrada Fam\u00edlia, o emblem\u00e1tico monumento barcelon\u00eas. Esta elegante ta\u00e7a apresenta uma superf\u00edcie polida e suave, adornada com um design de c\u00edrculos em tons bege que evocam a beleza da arquitetura gaudiniana. A grava\u00e7\u00e3o distintiva da Sagrada Fam\u00edlia no centro acrescenta um toque cultural, tornando-a uma recorda\u00e7\u00e3o ideal que reflete o esp\u00edrito da cidade. Perfeita tanto para uso decorativo como funcional em qualquer casa.<\/p>\n","protected":false},"featured_media":11859,"template":"","meta":{"_acf_changed":false},"product_brand":[],"product_cat":[513],"product_tag":[],"class_list":{"0":"post-29052","1":"product","2":"type-product","3":"status-publish","4":"has-post-thumbnail","6":"product_cat-bols","7":"pa_ciudad-barcelona","8":"pa_motivo-sagrada-familia","9":"pa_pais-espana","11":"first","12":"instock","13":"shipping-taxable","14":"product-type-simple"},"acf":[],"_links":{"self":[{"href":"https:\/\/olemosaic.com\/pt-pt\/wp-json\/wp\/v2\/product\/29052","targetHints":{"allow":["GET"]}}],"collection":[{"href":"https:\/\/olemosaic.com\/pt-pt\/wp-json\/wp\/v2\/product"}],"about":[{"href":"https:\/\/olemosaic.com\/pt-pt\/wp-json\/wp\/v2\/types\/product"}],"wp:featuredmedia":[{"embeddable":true,"href":"https:\/\/olemosaic.com\/pt-pt\/wp-json\/wp\/v2\/media\/11859"}],"wp:attachment":[{"href":"https:\/\/olemosaic.com\/pt-pt\/wp-json\/wp\/v2\/media?parent=29052"}],"wp:term":[{"taxonomy":"product_brand","embeddable":true,"href":"https:\/\/olemosaic.com\/pt-pt\/wp-json\/wp\/v2\/product_brand?post=29052"},{"taxonomy":"product_cat","embeddable":true,"href":"https:\/\/olemosaic.com\/pt-pt\/wp-json\/wp\/v2\/product_cat?post=29052"},{"taxonomy":"product_tag","embeddable":true,"href":"https:\/\/olemosaic.com\/pt-pt\/wp-json\/wp\/v2\/product_tag?post=29052"}],"curies":[{"name":"wp","href":"https:\/\/api.w.org\/{rel}","templated":true}]}}