{"id":29041,"date":"2025-02-20T23:30:02","date_gmt":"2025-02-20T22:30:02","guid":{"rendered":"http:\/\/olemosaic.com\/producto\/bol-de-coco-beige-salamandra\/"},"modified":"2025-07-25T18:59:26","modified_gmt":"2025-07-25T16:59:26","slug":"taca-de-coco-bege-salamandra","status":"publish","type":"product","link":"https:\/\/olemosaic.com\/pt-pt\/produto\/taca-de-coco-bege-salamandra\/","title":{"rendered":"Ta\u00e7a de coco bege. Salamandra."},"content":{"rendered":"<p>Esta ta\u00e7a de coco azul \u00e9 uma pe\u00e7a artesanal que captura a ess\u00eancia do vibrante mundo marinho, ideal para quem procura uma recorda\u00e7\u00e3o aut\u00eantica de Espanha. Elaborada a partir de uma cuidadosa sele\u00e7\u00e3o de cocos, destaca-se pelo seu requintado design pintado \u00e0 m\u00e3o, onde predominam os tons azuis e dourados que evocam a profundidade e a beleza do oceano. A t\u00e9cnica de mosaico empregada na decora\u00e7\u00e3o confere um car\u00e1ter \u00fanico, imitando as ondula\u00e7\u00f5es das ondas e a luz que se reflete na \u00e1gua. No centro, um elegante cavalo-marinho, pintado com delicadeza, adiciona um toque distintivo que real\u00e7a a liga\u00e7\u00e3o com a vida marinha.<\/p>\n<p>Esta ta\u00e7a n\u00e3o \u00e9 apenas um objeto decorativo, mas tamb\u00e9m uma lembran\u00e7a das maravilhas naturais que se encontram nas costas espanholas. A sua autenticidade e acabamento tornam-na um presente perfeito para turistas que desejam levar para casa um peda\u00e7o da cultura e da arte local. Na Ol\u00e9 Mosaic, como distribuidores de recorda\u00e7\u00f5es de qualidade, oferecemos esta ta\u00e7a de coco azul como parte da nossa cole\u00e7\u00e3o de produtos emblem\u00e1ticos que refletem a riqueza do folclore e do artesanato da regi\u00e3o. Ideal para lojas de presentes tur\u00edsticos, esta ta\u00e7a \u00e9 uma excelente proposta para aqueles que procuram autenticidade e beleza nas suas compras.<\/p>\n","protected":false},"excerpt":{"rendered":"<p>Ta\u00e7a de coco bege, adornada com uma salamandra. Esta preciosa ta\u00e7a apresenta um design singular de formas arredondadas e toque suave, com tons bege e castanho. No centro, uma salamandra de design artesanal, pintada \u00e0 m\u00e3o, atrai o olhar, simbolizando a riqueza da fauna mediterr\u00e2nica. Ideal como elemento decorativo ou para uso pr\u00e1tico, esta ta\u00e7a \u00e9 um toque de artesanura tradicional que evoca o calor das regi\u00f5es costeiras espanholas.<\/p>\n","protected":false},"featured_media":11835,"template":"","meta":{"_acf_changed":false},"product_brand":[],"product_cat":[513],"product_tag":[516],"class_list":{"0":"post-29041","1":"product","2":"type-product","3":"status-publish","4":"has-post-thumbnail","6":"product_cat-bols","7":"product_tag-animais","8":"pa_motivo-salamandras","10":"first","11":"instock","12":"shipping-taxable","13":"product-type-simple"},"acf":[],"_links":{"self":[{"href":"https:\/\/olemosaic.com\/pt-pt\/wp-json\/wp\/v2\/product\/29041","targetHints":{"allow":["GET"]}}],"collection":[{"href":"https:\/\/olemosaic.com\/pt-pt\/wp-json\/wp\/v2\/product"}],"about":[{"href":"https:\/\/olemosaic.com\/pt-pt\/wp-json\/wp\/v2\/types\/product"}],"wp:featuredmedia":[{"embeddable":true,"href":"https:\/\/olemosaic.com\/pt-pt\/wp-json\/wp\/v2\/media\/11835"}],"wp:attachment":[{"href":"https:\/\/olemosaic.com\/pt-pt\/wp-json\/wp\/v2\/media?parent=29041"}],"wp:term":[{"taxonomy":"product_brand","embeddable":true,"href":"https:\/\/olemosaic.com\/pt-pt\/wp-json\/wp\/v2\/product_brand?post=29041"},{"taxonomy":"product_cat","embeddable":true,"href":"https:\/\/olemosaic.com\/pt-pt\/wp-json\/wp\/v2\/product_cat?post=29041"},{"taxonomy":"product_tag","embeddable":true,"href":"https:\/\/olemosaic.com\/pt-pt\/wp-json\/wp\/v2\/product_tag?post=29041"}],"curies":[{"name":"wp","href":"https:\/\/api.w.org\/{rel}","templated":true}]}}