{"id":29040,"date":"2025-02-20T22:30:02","date_gmt":"2025-02-20T22:30:02","guid":{"rendered":"http:\/\/olemosaic.com\/producto\/bol-de-coco-beige-caballito-de-mar-barcelona\/"},"modified":"2025-07-25T20:01:22","modified_gmt":"2025-07-25T18:01:22","slug":"taca-de-coco-bege-cavalo-marinho-barcelona","status":"publish","type":"product","link":"https:\/\/olemosaic.com\/pt-pt\/produto\/taca-de-coco-bege-cavalo-marinho-barcelona\/","title":{"rendered":"Ta\u00e7a de coco bege. Cavalo-marinho. Barcelona."},"content":{"rendered":"<p>Esta ta\u00e7a de coco bege \u00e9 uma aut\u00eantica joia artesanal que encerra a ess\u00eancia mar\u00edtima de Barcelona. Com um design elegante e um acabamento brilhante, destaca-se pela sua forma arredondada e pelos seus delicados detalhes decorativos. No centro, um encantador cavalo-marinho em tons avermelhados torna-se o elemento central, simbolizando a rica vida marinha do Mediterr\u00e2neo que banha as costas barcelonesas. Em redor do cavalo-marinho, a ta\u00e7a apresenta um suave motivo decorativo que real\u00e7a as tonalidades quentes do coco, criando um contraste harm\u00f3nico e atraente.<\/p>\n<p>A palavra &#8220;Barcelona&#8221; est\u00e1 subtilmente incorporada, adicionando um toque distintivo que a torna uma recorda\u00e7\u00e3o perfeita e representativa da cidade. Esta ta\u00e7a n\u00e3o s\u00f3 \u00e9 uma requintada pe\u00e7a decorativa, como tamb\u00e9m uma lembran\u00e7a das vibrantes praias e do ambiente costeiro de Barcelona. A sua autenticidade e liga\u00e7\u00e3o cultural tornam-na uma excelente op\u00e7\u00e3o para turistas que procuram levar consigo um peda\u00e7o da cidade.<\/p>\n<p>Na Ol\u00e9 Mosaic, especializamo-nos na distribui\u00e7\u00e3o de recorda\u00e7\u00f5es por grosso, e esta ta\u00e7a de coco bege \u00e9 ideal para lojas de presentes tur\u00edsticos que procuram produtos elegantes e com uma forte componente cultural. Como grossistas de recorda\u00e7\u00f5es, garantimos qualidade e autenticidade em cada pe\u00e7a, fazendo desta ta\u00e7a um artigo indispens\u00e1vel para os amantes de Barcelona.<\/p>\n","protected":false},"excerpt":{"rendered":"<p>Ta\u00e7a de coco bege decorada com um encantador cavalo-marinho, que evoca a ess\u00eancia mar\u00edtima de Barcelona. Este artigo artesanal apresenta um design elegante, com um acabamento brilhante e detalhes em tons suaves, real\u00e7ados por um motivo decorativo que embeleza a sua forma arredondada. O cavalo-marinho, em tons avermelhados, e a palavra &#8220;Barcelona&#8221; conferem um toque distintivo e atraente, tornando esta ta\u00e7a numa pe\u00e7a ideal para exibir ou utilizar em qualquer casa.<\/p>\n","protected":false},"featured_media":11867,"template":"","meta":{"_acf_changed":false},"product_brand":[],"product_cat":[513],"product_tag":[516],"class_list":{"0":"post-29040","1":"product","2":"type-product","3":"status-publish","4":"has-post-thumbnail","6":"product_cat-bols","7":"product_tag-animais","8":"pa_ciudad-barcelona","9":"pa_motivo-cavalos-marinhos","10":"pa_pais-espana","12":"first","13":"instock","14":"shipping-taxable","15":"product-type-simple"},"acf":[],"_links":{"self":[{"href":"https:\/\/olemosaic.com\/pt-pt\/wp-json\/wp\/v2\/product\/29040","targetHints":{"allow":["GET"]}}],"collection":[{"href":"https:\/\/olemosaic.com\/pt-pt\/wp-json\/wp\/v2\/product"}],"about":[{"href":"https:\/\/olemosaic.com\/pt-pt\/wp-json\/wp\/v2\/types\/product"}],"wp:featuredmedia":[{"embeddable":true,"href":"https:\/\/olemosaic.com\/pt-pt\/wp-json\/wp\/v2\/media\/11867"}],"wp:attachment":[{"href":"https:\/\/olemosaic.com\/pt-pt\/wp-json\/wp\/v2\/media?parent=29040"}],"wp:term":[{"taxonomy":"product_brand","embeddable":true,"href":"https:\/\/olemosaic.com\/pt-pt\/wp-json\/wp\/v2\/product_brand?post=29040"},{"taxonomy":"product_cat","embeddable":true,"href":"https:\/\/olemosaic.com\/pt-pt\/wp-json\/wp\/v2\/product_cat?post=29040"},{"taxonomy":"product_tag","embeddable":true,"href":"https:\/\/olemosaic.com\/pt-pt\/wp-json\/wp\/v2\/product_tag?post=29040"}],"curies":[{"name":"wp","href":"https:\/\/api.w.org\/{rel}","templated":true}]}}