{"id":29038,"date":"2025-02-20T22:30:02","date_gmt":"2025-02-20T22:30:02","guid":{"rendered":"http:\/\/olemosaic.com\/producto\/bol-de-coco-beige-isla-fuerteventura\/"},"modified":"2025-07-25T19:55:39","modified_gmt":"2025-07-25T17:55:39","slug":"taca-de-coco-bege-ilha-fuerteventura","status":"publish","type":"product","link":"https:\/\/olemosaic.com\/pt-pt\/produto\/taca-de-coco-bege-ilha-fuerteventura\/","title":{"rendered":"Ta\u00e7a de coco bege. Ilha. Fuerteventura."},"content":{"rendered":"<p>Esta ta\u00e7a de coco bege \u00e9 uma aut\u00eantica recorda\u00e7\u00e3o de Fuerteventura, ideal para quem procura um toque r\u00fastico e natural na sua casa. Elaborada meticulosamente com casca de coco, este elegante recipiente apresenta um design decorativo em tons bege que simula a textura das pedras, evocando a beleza da paisagem can\u00e1ria. A sua forma arredondada e os seus acabamentos brilhantes n\u00e3o s\u00f3 conferem um estilo artesanal, como tamb\u00e9m refletem a luz, transformando qualquer espa\u00e7o com o seu calor e originalidade.<\/p>\n<p>Perfeita como elemento decorativo, esta ta\u00e7a pode ser utilizada para exibir pequenas obras de arte, plantas secas ou como um simples recipiente para objetos diversos, adicionando um ar de sofistica\u00e7\u00e3o r\u00fastica. A textura \u00fanica da sua superf\u00edcie oferece uma liga\u00e7\u00e3o visual com a natureza e a cultura de Fuerteventura, uma ilha conhecida pelas suas impressionantes paisagens vulc\u00e2nicas e pela sua biodiversidade.<\/p>\n<p>Na Ol\u00e9 Mosaic, sabemos que as recorda\u00e7\u00f5es devem capturar a ess\u00eancia da sua regi\u00e3o. Esta ta\u00e7a de coco \u00e9 uma excelente representa\u00e7\u00e3o do esp\u00edrito can\u00e1rio, o que a torna uma escolha perfeita para turistas que procuram recorda\u00e7\u00f5es aut\u00eanticas e significativas. Como grossista de recorda\u00e7\u00f5es de Fuerteventura, garantimos a qualidade e autenticidade de cada pe\u00e7a.<\/p>\n","protected":false},"excerpt":{"rendered":"<p>Ta\u00e7a de coco bege, inspirada na paradis\u00edaca ilha de Fuerteventura. Esta elegante ta\u00e7a \u00e9 elaborada com casca de coco, com um design decorativo em tons bege e acabamentos que simulam pedras, real\u00e7ando a sua textura natural. O seu interior brilhante reflete a luz e adiciona um toque r\u00fastico e aut\u00eantico a qualquer divis\u00e3o. Ideal como elemento decorativo ou pequeno recipiente artesanal, captura a ess\u00eancia do ambiente can\u00e1rio.<\/p>\n","protected":false},"featured_media":11990,"template":"","meta":{"_acf_changed":false},"product_brand":[],"product_cat":[513],"product_tag":[],"class_list":{"0":"post-29038","1":"product","2":"type-product","3":"status-publish","4":"has-post-thumbnail","6":"product_cat-bols","7":"pa_ciudad-fuerteventura","8":"pa_motivo-ilhas","9":"pa_pais-espana","11":"first","12":"instock","13":"shipping-taxable","14":"product-type-simple"},"acf":[],"_links":{"self":[{"href":"https:\/\/olemosaic.com\/pt-pt\/wp-json\/wp\/v2\/product\/29038","targetHints":{"allow":["GET"]}}],"collection":[{"href":"https:\/\/olemosaic.com\/pt-pt\/wp-json\/wp\/v2\/product"}],"about":[{"href":"https:\/\/olemosaic.com\/pt-pt\/wp-json\/wp\/v2\/types\/product"}],"wp:featuredmedia":[{"embeddable":true,"href":"https:\/\/olemosaic.com\/pt-pt\/wp-json\/wp\/v2\/media\/11990"}],"wp:attachment":[{"href":"https:\/\/olemosaic.com\/pt-pt\/wp-json\/wp\/v2\/media?parent=29038"}],"wp:term":[{"taxonomy":"product_brand","embeddable":true,"href":"https:\/\/olemosaic.com\/pt-pt\/wp-json\/wp\/v2\/product_brand?post=29038"},{"taxonomy":"product_cat","embeddable":true,"href":"https:\/\/olemosaic.com\/pt-pt\/wp-json\/wp\/v2\/product_cat?post=29038"},{"taxonomy":"product_tag","embeddable":true,"href":"https:\/\/olemosaic.com\/pt-pt\/wp-json\/wp\/v2\/product_tag?post=29038"}],"curies":[{"name":"wp","href":"https:\/\/api.w.org\/{rel}","templated":true}]}}