{"id":29015,"date":"2025-02-20T22:30:01","date_gmt":"2025-02-20T22:30:01","guid":{"rendered":"http:\/\/olemosaic.com\/producto\/bol-de-coco-beige-salamandra-barcelona\/"},"modified":"2025-07-25T19:12:32","modified_gmt":"2025-07-25T17:12:32","slug":"taca-de-coco-bege-salamandra-barcelona","status":"publish","type":"product","link":"https:\/\/olemosaic.com\/pt-pt\/produto\/taca-de-coco-bege-salamandra-barcelona\/","title":{"rendered":"Ta\u00e7a de coco bege. Salamandra. Barcelona."},"content":{"rendered":"<p>Esta ta\u00e7a de coco bege, decorada com uma bela salamandra, \u00e9 uma aut\u00eantica recorda\u00e7\u00e3o de Barcelona que encapsula a ess\u00eancia mediterr\u00e2nica. Com um acabamento em tons creme, cada ta\u00e7a \u00e9 \u00fanica gra\u00e7as \u00e0 sua produ\u00e7\u00e3o artesanal e ao uso de materiais naturais, que refletem a rica heran\u00e7a artesanal da regi\u00e3o. No centro da ta\u00e7a, uma ilustra\u00e7\u00e3o detalhada de uma salamandra destaca-se em castanho, simbolizando a liga\u00e7\u00e3o da cidade com a natureza e a sua fauna aut\u00f3ctone. O design art\u00edstico que adorna a sua borda combina formas org\u00e2nicas que recordam as texturas das paisagens mediterr\u00e2nicas, o que a torna um excelente elemento decorativo ou um pr\u00e1tico complemento para servir aperitivos e tapas.<\/p>\n<p>Esta ta\u00e7a n\u00e3o \u00e9 apenas um artigo funcional, mas tamb\u00e9m uma recorda\u00e7\u00e3o do vibrante esp\u00edrito de Barcelona, conhecida pela sua cultura din\u00e2mica e pelos seus coloridos mosaicos. Representa um peda\u00e7o da vida quotidiana catal\u00e3 e \u00e9 perfeita para turistas que procuram levar para casa um s\u00edmbolo representativo da cidade. Na Ol\u00e9 Mosaic, especializados em souvenirs por grosso, oferecemos esta pe\u00e7a excecional que ser\u00e1 um grande atrativo para as lojas de presentes tur\u00edsticos. Com esta ta\u00e7a de coco bege, os visitantes poder\u00e3o desfrutar de uma recorda\u00e7\u00e3o aut\u00eantica e significativa da sua passagem por Barcelona.<\/p>\n","protected":false},"excerpt":{"rendered":"<p>Ta\u00e7a de coco bege decorada com um design de salamandra, um s\u00edmbolo ic\u00f3nico de Barcelona. Esta preciosa ta\u00e7a, com um acabamento em tons creme e detalhes castanhos, destaca a salamandra no centro e um toque art\u00edstico na borda. Ideal para servir ou como elemento decorativo, a sua produ\u00e7\u00e3o artesanal e o uso de materiais naturais asseguram um produto \u00fanico que captura a ess\u00eancia mediterr\u00e2nica.<\/p>\n","protected":false},"featured_media":11863,"template":"","meta":{"_acf_changed":false},"product_brand":[],"product_cat":[513],"product_tag":[516],"class_list":{"0":"post-29015","1":"product","2":"type-product","3":"status-publish","4":"has-post-thumbnail","6":"product_cat-bols","7":"product_tag-animais","8":"pa_ciudad-barcelona","9":"pa_motivo-salamandras","10":"pa_pais-espana","12":"first","13":"instock","14":"shipping-taxable","15":"product-type-simple"},"acf":[],"_links":{"self":[{"href":"https:\/\/olemosaic.com\/pt-pt\/wp-json\/wp\/v2\/product\/29015","targetHints":{"allow":["GET"]}}],"collection":[{"href":"https:\/\/olemosaic.com\/pt-pt\/wp-json\/wp\/v2\/product"}],"about":[{"href":"https:\/\/olemosaic.com\/pt-pt\/wp-json\/wp\/v2\/types\/product"}],"wp:featuredmedia":[{"embeddable":true,"href":"https:\/\/olemosaic.com\/pt-pt\/wp-json\/wp\/v2\/media\/11863"}],"wp:attachment":[{"href":"https:\/\/olemosaic.com\/pt-pt\/wp-json\/wp\/v2\/media?parent=29015"}],"wp:term":[{"taxonomy":"product_brand","embeddable":true,"href":"https:\/\/olemosaic.com\/pt-pt\/wp-json\/wp\/v2\/product_brand?post=29015"},{"taxonomy":"product_cat","embeddable":true,"href":"https:\/\/olemosaic.com\/pt-pt\/wp-json\/wp\/v2\/product_cat?post=29015"},{"taxonomy":"product_tag","embeddable":true,"href":"https:\/\/olemosaic.com\/pt-pt\/wp-json\/wp\/v2\/product_tag?post=29015"}],"curies":[{"name":"wp","href":"https:\/\/api.w.org\/{rel}","templated":true}]}}