{"id":29014,"date":"2025-02-20T22:30:01","date_gmt":"2025-02-20T22:30:01","guid":{"rendered":"http:\/\/olemosaic.com\/producto\/bol-de-coco-beige-salamandra-mallorca\/"},"modified":"2025-07-25T20:07:34","modified_gmt":"2025-07-25T18:07:34","slug":"taca-de-coco-bege-salamandra-maiorca","status":"publish","type":"product","link":"https:\/\/olemosaic.com\/pt-pt\/produto\/taca-de-coco-bege-salamandra-maiorca\/","title":{"rendered":"Ta\u00e7a de coco bege. Salamandra. Maiorca."},"content":{"rendered":"<p>Esta ta\u00e7a de coco bege, adornada com um vibrante design de salamandra, \u00e9 uma pe\u00e7a \u00fanica que captura a ess\u00eancia de Maiorca. Fabricada com aten\u00e7\u00e3o ao detalhe, o acabamento brilhante da ta\u00e7a real\u00e7a a sua cor bege natural, enquanto um alegre padr\u00e3o de c\u00edrculos em tons roxos adorna o seu exterior, evocando a frescura e luminosidade do ambiente mediterr\u00e2nico. No seu interior, um elegante motivo de salamandra em cor dourada surpreende e encanta, simbolizando a rica fauna da ilha e a sua liga\u00e7\u00e3o com a natureza.<\/p>\n<p>A inscri\u00e7\u00e3o &#8220;Mallorca&#8221; situa-se elegantemente na base do desenho, conferindo um toque distintivo e local que assegura a sua autenticidade como recorda\u00e7\u00e3o t\u00edpica da regi\u00e3o. Esta ta\u00e7a \u00e9 vers\u00e1til, ideal para servir alimentos, mas tamb\u00e9m como objeto decorativo, integrando-se facilmente em qualquer espa\u00e7o e adicionando um toque de cor e arte.<\/p>\n<p>A Ol\u00e9 Mosaic orgulha-se de oferecer esta ta\u00e7a de coco como parte da sua cole\u00e7\u00e3o de recorda\u00e7\u00f5es de Maiorca, uma excelente op\u00e7\u00e3o para lojas de presentes tur\u00edsticos que procuram produtos aut\u00eanticos e culturalmente representativos. Como grossista de recorda\u00e7\u00f5es, garantimos que cada pe\u00e7a n\u00e3o s\u00f3 captura a beleza da ilha, mas tamb\u00e9m conta uma hist\u00f3ria que os turistas querer\u00e3o levar para casa.<\/p>\n","protected":false},"excerpt":{"rendered":"<p>Ta\u00e7a de coco bege decorada com um vibrante design de salamandra, um motivo t\u00edpico de Maiorca. Esta atraente ta\u00e7a apresenta um acabamento brilhante e est\u00e1 adornada com um padr\u00e3o de c\u00edrculos em tons roxos que evocam o ambiente mediterr\u00e2nico. No seu interior, destaca-se uma elegante salamandra dourada juntamente com a inscri\u00e7\u00e3o &#8220;Mallorca&#8221;, que lhe conferem um toque distintivo e local. Ideal para servir ou como objeto decorativo, combina funcionalidade e arte.<\/p>\n","protected":false},"featured_media":11884,"template":"","meta":{"_acf_changed":false},"product_brand":[],"product_cat":[513],"product_tag":[516],"class_list":{"0":"post-29014","1":"product","2":"type-product","3":"status-publish","4":"has-post-thumbnail","6":"product_cat-bols","7":"product_tag-animais","8":"pa_ciudad-mallorca","9":"pa_motivo-salamandras","10":"pa_pais-espana","12":"first","13":"instock","14":"shipping-taxable","15":"product-type-simple"},"acf":[],"_links":{"self":[{"href":"https:\/\/olemosaic.com\/pt-pt\/wp-json\/wp\/v2\/product\/29014","targetHints":{"allow":["GET"]}}],"collection":[{"href":"https:\/\/olemosaic.com\/pt-pt\/wp-json\/wp\/v2\/product"}],"about":[{"href":"https:\/\/olemosaic.com\/pt-pt\/wp-json\/wp\/v2\/types\/product"}],"wp:featuredmedia":[{"embeddable":true,"href":"https:\/\/olemosaic.com\/pt-pt\/wp-json\/wp\/v2\/media\/11884"}],"wp:attachment":[{"href":"https:\/\/olemosaic.com\/pt-pt\/wp-json\/wp\/v2\/media?parent=29014"}],"wp:term":[{"taxonomy":"product_brand","embeddable":true,"href":"https:\/\/olemosaic.com\/pt-pt\/wp-json\/wp\/v2\/product_brand?post=29014"},{"taxonomy":"product_cat","embeddable":true,"href":"https:\/\/olemosaic.com\/pt-pt\/wp-json\/wp\/v2\/product_cat?post=29014"},{"taxonomy":"product_tag","embeddable":true,"href":"https:\/\/olemosaic.com\/pt-pt\/wp-json\/wp\/v2\/product_tag?post=29014"}],"curies":[{"name":"wp","href":"https:\/\/api.w.org\/{rel}","templated":true}]}}