{"id":29013,"date":"2025-02-20T22:30:01","date_gmt":"2025-02-20T22:30:01","guid":{"rendered":"http:\/\/olemosaic.com\/producto\/bol-de-coco-beige-caballito-de-mar-tenerife\/"},"modified":"2025-07-25T18:59:57","modified_gmt":"2025-07-25T16:59:57","slug":"taca-de-coco-bege-cavalo-marinho-tenerife","status":"publish","type":"product","link":"https:\/\/olemosaic.com\/pt-pt\/produto\/taca-de-coco-bege-cavalo-marinho-tenerife\/","title":{"rendered":"Ta\u00e7a de coco bege. Cavalo-marinho. Tenerife."},"content":{"rendered":"<p>Esta ta\u00e7a de coco bege, adornada com um elegante cavalo-marinho, \u00e9 uma requintada representa\u00e7\u00e3o da ess\u00eancia de Tenerife. Elaborada a partir de casca de coco, cada pe\u00e7a reflete a beleza natural das Ilhas Can\u00e1rias, com um acabamento suave que real\u00e7a os seus delicados tons bege e dourados. O seu design, com motivos circulares, confere um toque art\u00edstico e distintivo, tornando esta ta\u00e7a num objeto decorativo e funcional ao mesmo tempo. O cavalo-marinho, s\u00edmbolo do ambiente marinho de Tenerife, acrescenta um encanto especial, evocando a vibrante vida marinha que rodeia a ilha. Este artigo \u00e9 ideal para decorar espa\u00e7os interiores, mas tamb\u00e9m pode ser usado diariamente, como um belo centro de mesa ou um elegante recipiente para pequenos objetos. Como recorda\u00e7\u00e3o de Tenerife, esta ta\u00e7a \u00e9 um aut\u00eantico lembrete do patrim\u00f3nio natural da regi\u00e3o, ideal para turistas que desejem levar um pouco da cultura can\u00e1ria. Na Ol\u00e9 Mosaic, distribu\u00edmos este tipo de artigos de qualidade por grosso, oferecendo souvenirs aut\u00eanticos e representativos de Tenerife que capturam a magia das ilhas.<\/p>\n","protected":false},"excerpt":{"rendered":"<p>Ta\u00e7a de coco bege decorada com um elegante cavalo-marinho, que representa a ess\u00eancia de Tenerife. Este atraente artigo, elaborado a partir de casca de coco, apresenta um acabamento suave que real\u00e7a os seus tons bege e dourado. Os motivos circulares conferem um toque art\u00edstico e distintivo, enquanto o cavalo-marinho, s\u00edmbolo do ambiente marinho local, acrescenta um encanto especial. Ideal para decora\u00e7\u00e3o ou uso di\u00e1rio, combina beleza e funcionalidade.<\/p>\n","protected":false},"featured_media":11927,"template":"","meta":{"_acf_changed":false},"product_brand":[],"product_cat":[513],"product_tag":[516],"class_list":{"0":"post-29013","1":"product","2":"type-product","3":"status-publish","4":"has-post-thumbnail","6":"product_cat-bols","7":"product_tag-animais","8":"pa_ciudad-tenerife","9":"pa_motivo-cavalos-marinhos","10":"pa_pais-espana","12":"first","13":"instock","14":"shipping-taxable","15":"product-type-simple"},"acf":[],"_links":{"self":[{"href":"https:\/\/olemosaic.com\/pt-pt\/wp-json\/wp\/v2\/product\/29013","targetHints":{"allow":["GET"]}}],"collection":[{"href":"https:\/\/olemosaic.com\/pt-pt\/wp-json\/wp\/v2\/product"}],"about":[{"href":"https:\/\/olemosaic.com\/pt-pt\/wp-json\/wp\/v2\/types\/product"}],"wp:featuredmedia":[{"embeddable":true,"href":"https:\/\/olemosaic.com\/pt-pt\/wp-json\/wp\/v2\/media\/11927"}],"wp:attachment":[{"href":"https:\/\/olemosaic.com\/pt-pt\/wp-json\/wp\/v2\/media?parent=29013"}],"wp:term":[{"taxonomy":"product_brand","embeddable":true,"href":"https:\/\/olemosaic.com\/pt-pt\/wp-json\/wp\/v2\/product_brand?post=29013"},{"taxonomy":"product_cat","embeddable":true,"href":"https:\/\/olemosaic.com\/pt-pt\/wp-json\/wp\/v2\/product_cat?post=29013"},{"taxonomy":"product_tag","embeddable":true,"href":"https:\/\/olemosaic.com\/pt-pt\/wp-json\/wp\/v2\/product_tag?post=29013"}],"curies":[{"name":"wp","href":"https:\/\/api.w.org\/{rel}","templated":true}]}}