{"id":28994,"date":"2025-02-20T22:30:00","date_gmt":"2025-02-20T22:30:00","guid":{"rendered":"http:\/\/olemosaic.com\/producto\/bol-de-coco-beige-delfin-menorca\/"},"modified":"2025-07-25T18:50:08","modified_gmt":"2025-07-25T16:50:08","slug":"taca-de-coco-bege-golfinho-menorca","status":"publish","type":"product","link":"https:\/\/olemosaic.com\/pt-pt\/produto\/taca-de-coco-bege-golfinho-menorca\/","title":{"rendered":"Ta\u00e7a de coco bege. Golfinho. Menorca."},"content":{"rendered":"<p>Esta ta\u00e7a de coco bege com design de golfinho \u00e9 uma encantadora recorda\u00e7\u00e3o de Menorca, que captura a ess\u00eancia do Mediterr\u00e2neo e a beleza natural da ilha. Elaborada com materiais sustent\u00e1veis, esta ta\u00e7a apresenta uma superf\u00edcie polida que real\u00e7a as suas delicadas manchas em tons de bege, evocando a areia das praias menorquinas e a tranquilidade do seu ambiente natural. No centro, uma ilustra\u00e7\u00e3o de um golfinho num tom quente de terracota simboliza a rica vida marinha que rodeia a ilha, criando um contraste perfeito com o fundo da ta\u00e7a. A sua eleg\u00e2ncia n\u00e3o s\u00f3 a torna um objeto pr\u00e1tico ideal para servir aperitivos, como tamb\u00e9m funciona como pe\u00e7a decorativa que trar\u00e1 um toque mediterr\u00e2nico a qualquer lar.<\/p>\n<p>Esta ta\u00e7a de coco \u00e9 mais do que uma simples recorda\u00e7\u00e3o; \u00e9 um s\u00edmbolo da cultura menorquina e um lembrete da sua impressionante biodiversidade. Na Ol\u00e9 Mosaic, oferecemos a melhor sele\u00e7\u00e3o de recorda\u00e7\u00f5es por grosso, e esta ta\u00e7a representa uma excelente op\u00e7\u00e3o para lojas de presentes tur\u00edsticos que procuram produtos aut\u00eanticos e de qualidade. Com a sua relev\u00e2ncia cultural e o seu apelo visual, esta ta\u00e7a de coco bege torna-se um presente perfeito para quem deseja levar um peda\u00e7o de Menorca para casa. Como grossista de artigos de decora\u00e7\u00e3o, garantimos que este produto ser\u00e1 um sucesso entre os turistas que procuram recorda\u00e7\u00f5es \u00fanicas e significativas.<\/p>\n","protected":false},"excerpt":{"rendered":"<p>Ta\u00e7a de coco bege com um design de golfinho, inspirada na beleza de Menorca. Esta elegante ta\u00e7a apresenta uma superf\u00edcie polida e decorativa, com manchas em tons de bege que evocam as cores naturais da ilha. A ilustra\u00e7\u00e3o central de um golfinho, num tom quente de terracota, acrescenta um toque especial que real\u00e7a a sua origem marinha. Ideal para servir aperitivos ou como pe\u00e7a decorativa em qualquer lar, refletindo a ess\u00eancia mediterr\u00e2nica.<\/p>\n","protected":false},"featured_media":11911,"template":"","meta":{"_acf_changed":false},"product_brand":[],"product_cat":[513],"product_tag":[516],"class_list":{"0":"post-28994","1":"product","2":"type-product","3":"status-publish","4":"has-post-thumbnail","6":"product_cat-bols","7":"product_tag-animais","8":"pa_ciudad-menorca","9":"pa_motivo-golfinhos","10":"pa_pais-espana","12":"first","13":"instock","14":"shipping-taxable","15":"product-type-simple"},"acf":[],"_links":{"self":[{"href":"https:\/\/olemosaic.com\/pt-pt\/wp-json\/wp\/v2\/product\/28994","targetHints":{"allow":["GET"]}}],"collection":[{"href":"https:\/\/olemosaic.com\/pt-pt\/wp-json\/wp\/v2\/product"}],"about":[{"href":"https:\/\/olemosaic.com\/pt-pt\/wp-json\/wp\/v2\/types\/product"}],"wp:featuredmedia":[{"embeddable":true,"href":"https:\/\/olemosaic.com\/pt-pt\/wp-json\/wp\/v2\/media\/11911"}],"wp:attachment":[{"href":"https:\/\/olemosaic.com\/pt-pt\/wp-json\/wp\/v2\/media?parent=28994"}],"wp:term":[{"taxonomy":"product_brand","embeddable":true,"href":"https:\/\/olemosaic.com\/pt-pt\/wp-json\/wp\/v2\/product_brand?post=28994"},{"taxonomy":"product_cat","embeddable":true,"href":"https:\/\/olemosaic.com\/pt-pt\/wp-json\/wp\/v2\/product_cat?post=28994"},{"taxonomy":"product_tag","embeddable":true,"href":"https:\/\/olemosaic.com\/pt-pt\/wp-json\/wp\/v2\/product_tag?post=28994"}],"curies":[{"name":"wp","href":"https:\/\/api.w.org\/{rel}","templated":true}]}}