{"id":28993,"date":"2025-02-20T23:30:00","date_gmt":"2025-02-20T22:30:00","guid":{"rendered":"http:\/\/olemosaic.com\/producto\/bol-de-coco-beige-camello-lanzarote\/"},"modified":"2025-07-25T18:42:50","modified_gmt":"2025-07-25T16:42:50","slug":"taca-de-coco-bege-camelo-lanzarote","status":"publish","type":"product","link":"https:\/\/olemosaic.com\/pt-pt\/produto\/taca-de-coco-bege-camelo-lanzarote\/","title":{"rendered":"Ta\u00e7a de coco bege. Camelo. Lanzarote."},"content":{"rendered":"<p>Esta ta\u00e7a de coco bege com design de camelos \u00e9 uma recorda\u00e7\u00e3o atraente que captura a ess\u00eancia de Lanzarote, uma das joias vulc\u00e2nicas das Ilhas Can\u00e1rias. Fabricada com coco natural, o seu acabamento brilhante real\u00e7a os tons subtis de bege e creme, criando uma est\u00e9tica quente e acolhedora. A ta\u00e7a est\u00e1 decorada com motivos de camelos, que evocam a fauna t\u00edpica da ilha e a sua paisagem des\u00e9rtica, simbolizando a liga\u00e7\u00e3o entre a cultura local e o seu ambiente natural.<\/p>\n<p>Esta elegante ta\u00e7a n\u00e3o \u00e9 apenas um elemento decorativo requintado, mas tamb\u00e9m pode ser utilizada diariamente, transformando cada refei\u00e7\u00e3o numa experi\u00eancia que recorda a beleza de Lanzarote. O seu design muito especial, inspirado na fauna can\u00e1ria, torna-a uma recorda\u00e7\u00e3o ideal para quem procura levar um peda\u00e7o da ilha para casa. Cada ta\u00e7a representa o artesanato aut\u00eantico da regi\u00e3o, sublinhando a sua relev\u00e2ncia cultural como uma recorda\u00e7\u00e3o significativa das tradi\u00e7\u00f5es locais.<\/p>\n<p>Na Ol\u00e9 Mosaic, especializamo-nos na distribui\u00e7\u00e3o de recorda\u00e7\u00f5es por grosso, oferecendo produtos aut\u00eanticos que celebram a cultura de Espanha e Portugal. A ta\u00e7a de coco com camelos \u00e9 uma excelente op\u00e7\u00e3o para lojas de presentes tur\u00edsticos que desejem oferecer artigos \u00fanicos e de qualidade, que liguem os turistas \u00e0 riqueza cultural de Lanzarote e ao seu ambiente.<\/p>\n","protected":false},"excerpt":{"rendered":"<p>Ta\u00e7a de coco bege com um design muito especial de camelos, inspirada na fauna de Lanzarote. Esta elegante ta\u00e7a apresenta um acabamento natural de coco, adornada com motivos de camelos que evocam a paisagem vulc\u00e2nica da ilha. Os tons subtis de bege e creme conferem calor, enquanto o seu acabamento brilhante real\u00e7a a beleza do material. Ideal para decora\u00e7\u00e3o ou uso quotidiano, este produto reflete a ess\u00eancia cultural de Lanzarote.<\/p>\n","protected":false},"featured_media":12002,"template":"","meta":{"_acf_changed":false},"product_brand":[],"product_cat":[513],"product_tag":[516],"class_list":{"0":"post-28993","1":"product","2":"type-product","3":"status-publish","4":"has-post-thumbnail","6":"product_cat-bols","7":"product_tag-animais","8":"pa_ciudad-lanzarote","9":"pa_motivo-camelos","10":"pa_pais-espana","12":"first","13":"instock","14":"shipping-taxable","15":"product-type-simple"},"acf":[],"_links":{"self":[{"href":"https:\/\/olemosaic.com\/pt-pt\/wp-json\/wp\/v2\/product\/28993","targetHints":{"allow":["GET"]}}],"collection":[{"href":"https:\/\/olemosaic.com\/pt-pt\/wp-json\/wp\/v2\/product"}],"about":[{"href":"https:\/\/olemosaic.com\/pt-pt\/wp-json\/wp\/v2\/types\/product"}],"wp:featuredmedia":[{"embeddable":true,"href":"https:\/\/olemosaic.com\/pt-pt\/wp-json\/wp\/v2\/media\/12002"}],"wp:attachment":[{"href":"https:\/\/olemosaic.com\/pt-pt\/wp-json\/wp\/v2\/media?parent=28993"}],"wp:term":[{"taxonomy":"product_brand","embeddable":true,"href":"https:\/\/olemosaic.com\/pt-pt\/wp-json\/wp\/v2\/product_brand?post=28993"},{"taxonomy":"product_cat","embeddable":true,"href":"https:\/\/olemosaic.com\/pt-pt\/wp-json\/wp\/v2\/product_cat?post=28993"},{"taxonomy":"product_tag","embeddable":true,"href":"https:\/\/olemosaic.com\/pt-pt\/wp-json\/wp\/v2\/product_tag?post=28993"}],"curies":[{"name":"wp","href":"https:\/\/api.w.org\/{rel}","templated":true}]}}