{"id":28970,"date":"2025-02-20T23:29:58","date_gmt":"2025-02-20T22:29:58","guid":{"rendered":"http:\/\/olemosaic.com\/producto\/bol-de-coco-azul-salamandra-barcelona-5\/"},"modified":"2025-07-25T18:59:03","modified_gmt":"2025-07-25T16:59:03","slug":"taca-de-coco-azul-salamandra-estilo-mediterranico-barcelona","status":"publish","type":"product","link":"https:\/\/olemosaic.com\/pt-pt\/produto\/taca-de-coco-azul-salamandra-estilo-mediterranico-barcelona\/","title":{"rendered":"Ta\u00e7a de coco azul. Salamandra. Estilo mediterr\u00e2nico. Barcelona."},"content":{"rendered":"<p>Esta ta\u00e7a de coco azul, decorada com uma encantadora salamandra, \u00e9 um fiel reflexo da ess\u00eancia de Barcelona. O seu vibrante fundo azul evoca os c\u00e9us limpos que caracterizam a cidade, enquanto os delicados detalhes em branco perfilam a pe\u00e7a, conferindo um toque de eleg\u00e2ncia e luminosidade. No centro, a representa\u00e7\u00e3o da salamandra, um s\u00edmbolo ic\u00f3nico da obra de Antoni Gaud\u00ed, encarna o esp\u00edrito criativo e colorido da arquitetura modernista barcelonesa. A palavra &#8220;Barcelona&#8221; inscrita na parte inferior da decora\u00e7\u00e3o personaliza a ta\u00e7a, tornando-a uma recorda\u00e7\u00e3o especial que captura a magia da cidade.<\/p>\n<p>A ta\u00e7a \u00e9 elaborada com cuidado a partir de coco, lo que n\u00e3o s\u00f3 lhe confere um car\u00e1ter ecol\u00f3gico, mas tamb\u00e9m uma textura \u00fanica que a diferencia de outros souvenirs. A sua forma org\u00e2nica e as suas cores vivas tornam-na ideal como centro de mesa ou para uso di\u00e1rio, integrando assim um peda\u00e7o de Barcelona em qualquer casa. Como distribuidor de souvenirs por grosso, a Ol\u00e9 Mosaic oferece esta ta\u00e7a de coco azul como uma op\u00e7\u00e3o de destaque para lojas de presentes tur\u00edsticos, ideal para aqueles turistas que procuram recorda\u00e7\u00f5es aut\u00eanticas que representem a sua viagem. Este souvenir \u00e9 uma excelente escolha para recordar a beleza e diversidade cultural de Barcelona.<\/p>\n","protected":false},"excerpt":{"rendered":"<p>Ta\u00e7a de coco azul, decorada com uma salamandra que representa a ic\u00f3nica paisagem de Barcelona. Esta atraente ta\u00e7a, feita de coco, apresenta um vibrante fundo azul com detalhes brancos e uma salamandra como motivo central, evocando o estilo art\u00edstico da cidade. O design inclui a palavra &#8220;Barcelona&#8221;, que lhe confere um toque pessoal e cultural. A sua forma \u00fanica e as suas cores vivas tornam-na um souvenir ideal para recordar a beleza desta cidade.<\/p>\n","protected":false},"featured_media":11751,"template":"","meta":{"_acf_changed":false},"product_brand":[],"product_cat":[513],"product_tag":[516],"class_list":{"0":"post-28970","1":"product","2":"type-product","3":"status-publish","4":"has-post-thumbnail","6":"product_cat-bols","7":"product_tag-animais","8":"pa_ciudad-barcelona","9":"pa_motivo-salamandras","10":"pa_pais-espana","12":"first","13":"instock","14":"shipping-taxable","15":"product-type-simple"},"acf":[],"_links":{"self":[{"href":"https:\/\/olemosaic.com\/pt-pt\/wp-json\/wp\/v2\/product\/28970","targetHints":{"allow":["GET"]}}],"collection":[{"href":"https:\/\/olemosaic.com\/pt-pt\/wp-json\/wp\/v2\/product"}],"about":[{"href":"https:\/\/olemosaic.com\/pt-pt\/wp-json\/wp\/v2\/types\/product"}],"wp:featuredmedia":[{"embeddable":true,"href":"https:\/\/olemosaic.com\/pt-pt\/wp-json\/wp\/v2\/media\/11751"}],"wp:attachment":[{"href":"https:\/\/olemosaic.com\/pt-pt\/wp-json\/wp\/v2\/media?parent=28970"}],"wp:term":[{"taxonomy":"product_brand","embeddable":true,"href":"https:\/\/olemosaic.com\/pt-pt\/wp-json\/wp\/v2\/product_brand?post=28970"},{"taxonomy":"product_cat","embeddable":true,"href":"https:\/\/olemosaic.com\/pt-pt\/wp-json\/wp\/v2\/product_cat?post=28970"},{"taxonomy":"product_tag","embeddable":true,"href":"https:\/\/olemosaic.com\/pt-pt\/wp-json\/wp\/v2\/product_tag?post=28970"}],"curies":[{"name":"wp","href":"https:\/\/api.w.org\/{rel}","templated":true}]}}