{"id":28946,"date":"2025-02-20T23:29:58","date_gmt":"2025-02-20T22:29:58","guid":{"rendered":"http:\/\/olemosaic.com\/producto\/bol-de-coco-azul-delfin-barcelona-5\/"},"modified":"2025-07-25T19:02:15","modified_gmt":"2025-07-25T17:02:15","slug":"taca-de-coco-azul-golfinho-barcelona-5","status":"publish","type":"product","link":"https:\/\/olemosaic.com\/pt-pt\/produto\/taca-de-coco-azul-golfinho-barcelona-5\/","title":{"rendered":"Ta\u00e7a de coco azul. Golfinho. Estilo mediterr\u00e2nico. Barcelona."},"content":{"rendered":"<p>Esta ta\u00e7a de coco azul, decorada com um design encantador de dois golfinhos, \u00e9 uma aut\u00eantica homenagem \u00e0 vida marinha de Barcelona. Com um tom azul vibrante na borda, o interior da ta\u00e7a mostra uma requintada ilustra\u00e7\u00e3o central onde dois elegantes golfinhos se erguem, simbolizando a alegria e a liga\u00e7\u00e3o com o mar Mediterr\u00e2neo. O fundo, adornado com pequenos detalhes em forma de cora\u00e7\u00e3o, confere um efeito visual alegre e acolhedor, evocando o calor das recorda\u00e7\u00f5es estivais na costa catal\u00e3. Cada detalhe brilhante desta pe\u00e7a real\u00e7a a sua singularidade, criando um objeto de decora\u00e7\u00e3o perfeito tanto para o lar como uma recorda\u00e7\u00e3o inesquec\u00edvel da cidade condal.<\/p>\n<p>Esta ta\u00e7a n\u00e3o \u00e9 apenas funcional, mas tamb\u00e9m serve como uma recorda\u00e7\u00e3o representativa da rica vida marinha de Barcelona, onde os golfinhos s\u00e3o um s\u00edmbolo de liberdade e alegria. A autenticidade deste produto torna-o uma escolha ideal para os turistas que procuram pe\u00e7as \u00fanicas que capturem a ess\u00eancia da sua visita \u00e0 cidade. Na Ol\u00e9 Mosaic, somos grossistas de recorda\u00e7\u00f5es de alta qualidade e esta ta\u00e7a de coco azul \u00e9 um excelente produto para lojas de presentes tur\u00edsticos que desejem oferecer algo aut\u00eantico e culturalmente relevante.<\/p>\n","protected":false},"excerpt":{"rendered":"<p>Ta\u00e7a de coco num tom azul vibrante, decorada com um design encantador de dois golfinhos no centro, que simboliza a vida marinha de Barcelona. A pe\u00e7a destaca-se pela sua borda em tons azuis e pelo seu fundo adornado com cora\u00e7\u00f5es coloridos, criando um efeito visual alegre e atraente. A sua superf\u00edcie apresenta detalhes brilhantes, que lhe d\u00e3o um toque distintivo, ideal para a decora\u00e7\u00e3o do lar ou como recorda\u00e7\u00e3o da cidade.<\/p>\n","protected":false},"featured_media":10363,"template":"","meta":{"_acf_changed":false},"product_brand":[],"product_cat":[513],"product_tag":[516],"class_list":{"0":"post-28946","1":"product","2":"type-product","3":"status-publish","4":"has-post-thumbnail","6":"product_cat-bols","7":"product_tag-animais","8":"pa_ciudad-barcelona","9":"pa_motivo-golfinhos","10":"pa_pais-espana","12":"first","13":"instock","14":"shipping-taxable","15":"product-type-simple"},"acf":[],"_links":{"self":[{"href":"https:\/\/olemosaic.com\/pt-pt\/wp-json\/wp\/v2\/product\/28946","targetHints":{"allow":["GET"]}}],"collection":[{"href":"https:\/\/olemosaic.com\/pt-pt\/wp-json\/wp\/v2\/product"}],"about":[{"href":"https:\/\/olemosaic.com\/pt-pt\/wp-json\/wp\/v2\/types\/product"}],"wp:featuredmedia":[{"embeddable":true,"href":"https:\/\/olemosaic.com\/pt-pt\/wp-json\/wp\/v2\/media\/10363"}],"wp:attachment":[{"href":"https:\/\/olemosaic.com\/pt-pt\/wp-json\/wp\/v2\/media?parent=28946"}],"wp:term":[{"taxonomy":"product_brand","embeddable":true,"href":"https:\/\/olemosaic.com\/pt-pt\/wp-json\/wp\/v2\/product_brand?post=28946"},{"taxonomy":"product_cat","embeddable":true,"href":"https:\/\/olemosaic.com\/pt-pt\/wp-json\/wp\/v2\/product_cat?post=28946"},{"taxonomy":"product_tag","embeddable":true,"href":"https:\/\/olemosaic.com\/pt-pt\/wp-json\/wp\/v2\/product_tag?post=28946"}],"curies":[{"name":"wp","href":"https:\/\/api.w.org\/{rel}","templated":true}]}}