{"id":28945,"date":"2025-02-20T23:29:58","date_gmt":"2025-02-20T22:29:58","guid":{"rendered":"http:\/\/olemosaic.com\/producto\/bol-de-coco-azul-caballito-de-mar-5\/"},"modified":"2025-07-25T20:25:17","modified_gmt":"2025-07-25T18:25:17","slug":"taca-de-coco-azul-cavalo-marinho-5","status":"publish","type":"product","link":"https:\/\/olemosaic.com\/pt-pt\/produto\/taca-de-coco-azul-cavalo-marinho-5\/","title":{"rendered":"Ta\u00e7a de coco azul. Cavalo-marinho. Estilo mediterr\u00e2nico."},"content":{"rendered":"<p>Esta ta\u00e7a de coco azul, adornada com um encantador cavalo-marinho, \u00e9 uma pe\u00e7a excecional que cativar\u00e1 qualquer amante do mar. O seu design muito especial apresenta um fundo preto salpicado de tons azuis que evocam a profundidade do oceano, enquanto o cavalo-marinho, pintado meticulosamente num vibrante azul claro, se ergue no centro, acrescentando um toque de magia e natureza marinha. Este acess\u00f3rio, elaborado de forma artesanal, destaca-se pelas suas formas org\u00e2nicas e pelo seu acabamento brilhante, que real\u00e7a os detalhes art\u00edsticos, tornando-o um elemento decorativo e funcional para qualquer lar.<\/p>\n<p>Esta ta\u00e7a reflete tamb\u00e9m a rica cultura mar\u00edtima, especialmente nas regi\u00f5es costeiras, onde o cavalo-marinho simboliza mist\u00e9rio e beleza. Como recorda\u00e7\u00e3o aut\u00eantica, esta ta\u00e7a de coco azul n\u00e3o s\u00f3 serve como um lembrete das maravilhas do oceano, mas tamb\u00e9m representa o artesanato e o cuidado no fabrico de artesanatos locais. Na Ol\u00e9 Mosaic, onde nos especializamos na distribui\u00e7\u00e3o de recorda\u00e7\u00f5es por grosso, oferecemos esta ta\u00e7a marinha como uma op\u00e7\u00e3o ideal para lojas de presentes tur\u00edsticos que procuram produtos \u00fanicos que celebrem a liga\u00e7\u00e3o com a natureza. \u00c9 uma excelente ideia para turistas que procuram uma recorda\u00e7\u00e3o significativa e representativa da sua experi\u00eancia junto ao mar.<\/p>\n","protected":false},"excerpt":{"rendered":"<p>Ta\u00e7a de coco azul decorada com um delicado cavalo-marinho, ideal para completar a sua cole\u00e7\u00e3o de recorda\u00e7\u00f5es marinhas. O seu design muito especial apresenta um fundo preto salpicado de tons azuis que evocam o oceano, com um encantador cavalo-marinho no centro. Esta pe\u00e7a, elaborada \u00e0 m\u00e3o, destaca-se pelas suas formas org\u00e2nicas e pelo seu acabamento brilhante que real\u00e7a os detalhes art\u00edsticos, fazendo desta ta\u00e7a um atraente elemento decorativo ou funcional para qualquer lar.<\/p>\n","protected":false},"featured_media":10171,"template":"","meta":{"_acf_changed":false},"product_brand":[],"product_cat":[513],"product_tag":[516],"class_list":{"0":"post-28945","1":"product","2":"type-product","3":"status-publish","4":"has-post-thumbnail","6":"product_cat-bols","7":"product_tag-animais","8":"pa_motivo-cavalos-marinhos","10":"first","11":"instock","12":"shipping-taxable","13":"product-type-simple"},"acf":[],"_links":{"self":[{"href":"https:\/\/olemosaic.com\/pt-pt\/wp-json\/wp\/v2\/product\/28945","targetHints":{"allow":["GET"]}}],"collection":[{"href":"https:\/\/olemosaic.com\/pt-pt\/wp-json\/wp\/v2\/product"}],"about":[{"href":"https:\/\/olemosaic.com\/pt-pt\/wp-json\/wp\/v2\/types\/product"}],"wp:featuredmedia":[{"embeddable":true,"href":"https:\/\/olemosaic.com\/pt-pt\/wp-json\/wp\/v2\/media\/10171"}],"wp:attachment":[{"href":"https:\/\/olemosaic.com\/pt-pt\/wp-json\/wp\/v2\/media?parent=28945"}],"wp:term":[{"taxonomy":"product_brand","embeddable":true,"href":"https:\/\/olemosaic.com\/pt-pt\/wp-json\/wp\/v2\/product_brand?post=28945"},{"taxonomy":"product_cat","embeddable":true,"href":"https:\/\/olemosaic.com\/pt-pt\/wp-json\/wp\/v2\/product_cat?post=28945"},{"taxonomy":"product_tag","embeddable":true,"href":"https:\/\/olemosaic.com\/pt-pt\/wp-json\/wp\/v2\/product_tag?post=28945"}],"curies":[{"name":"wp","href":"https:\/\/api.w.org\/{rel}","templated":true}]}}