{"id":28944,"date":"2025-02-20T23:29:58","date_gmt":"2025-02-20T22:29:58","guid":{"rendered":"http:\/\/olemosaic.com\/producto\/bol-de-coco-azul-caballito-de-mar-barcelona-5\/"},"modified":"2025-07-25T20:36:02","modified_gmt":"2025-07-25T18:36:02","slug":"taca-de-coco-azul-cavalo-marinho-barcelona-5","status":"publish","type":"product","link":"https:\/\/olemosaic.com\/pt-pt\/produto\/taca-de-coco-azul-cavalo-marinho-barcelona-5\/","title":{"rendered":"Ta\u00e7a de coco azul. Cavalo-marinho. Estilo mediterr\u00e2nico. Barcelona."},"content":{"rendered":"<p>Esta ta\u00e7a de coco azul, decorada com um encantador cavalo-marinho, \u00e9 uma pe\u00e7a requintada que captura a ess\u00eancia mar\u00edtima de Barcelona. Elaborada com t\u00e9cnicas artesanais, apresenta uma cor azul vibrante que evoca as \u00e1guas do Mediterr\u00e2neo, enquanto os detalhes de mosaico que bordam o seu contorno conferem um toque de eleg\u00e2ncia e sofistica\u00e7\u00e3o. No centro, um cavalo-marinho estilizado ergue-se como o protagonista, simbolizando a riqueza da fauna marinha da regi\u00e3o. Este delicado design \u00e9 complementado por um padr\u00e3o de cora\u00e7\u00f5es que emoldura a ilustra\u00e7\u00e3o, criando uma liga\u00e7\u00e3o emocional com a cultura mediterr\u00e2nica.<\/p>\n<p>A ta\u00e7a n\u00e3o \u00e9 apenas um objeto decorativo, mas tamb\u00e9m representa uma recorda\u00e7\u00e3o aut\u00eantica de Barcelona, ideal para turistas que procuram levar um pedacinho da cidade condal. O seu design e colorido tornam-na uma op\u00e7\u00e3o perfeita para aqueles que desejam recordar as vibrantes praias e o estilo de vida mar\u00edtimo da capital catal\u00e3. Na Ol\u00e9 Mosaic, dedicamo-nos \u00e0 distribui\u00e7\u00e3o de recorda\u00e7\u00f5es de qualidade por grosso, e esta ta\u00e7a de coco \u00e9 uma excelente adi\u00e7\u00e3o a qualquer loja de presentes tur\u00edsticos que procure oferecer artigos aut\u00eanticos e representativos da rica heran\u00e7a cultural de Espanha. Com a sua combina\u00e7\u00e3o de arte e funcionalidade, esta ta\u00e7a torna-se um presente perfeito e uma recorda\u00e7\u00e3o que encantar\u00e1 todos.<\/p>\n","protected":false},"excerpt":{"rendered":"<p>Ta\u00e7a de coco azul decorada com um encantador cavalo-marinho, que evoca a ess\u00eancia mar\u00edtima de Barcelona. Este belo artigo, elaborado de forma artesanal, destaca-se pela sua cor azul vibrante e pelos detalhes de mosaico que adornam a borda, conferindo um toque elegante. O design central, que apresenta um cavalo-marinho estilizado, \u00e9 complementado por um padr\u00e3o de cora\u00e7\u00f5es, tornando esta ta\u00e7a uma pe\u00e7a \u00fanica que reflete a cultura mediterr\u00e2nica.<\/p>\n","protected":false},"featured_media":10251,"template":"","meta":{"_acf_changed":false},"product_brand":[],"product_cat":[513],"product_tag":[516],"class_list":{"0":"post-28944","1":"product","2":"type-product","3":"status-publish","4":"has-post-thumbnail","6":"product_cat-bols","7":"product_tag-animais","8":"pa_ciudad-barcelona","9":"pa_motivo-cavalos-marinhos","10":"pa_pais-espana","12":"first","13":"instock","14":"shipping-taxable","15":"product-type-simple"},"acf":[],"_links":{"self":[{"href":"https:\/\/olemosaic.com\/pt-pt\/wp-json\/wp\/v2\/product\/28944","targetHints":{"allow":["GET"]}}],"collection":[{"href":"https:\/\/olemosaic.com\/pt-pt\/wp-json\/wp\/v2\/product"}],"about":[{"href":"https:\/\/olemosaic.com\/pt-pt\/wp-json\/wp\/v2\/types\/product"}],"wp:featuredmedia":[{"embeddable":true,"href":"https:\/\/olemosaic.com\/pt-pt\/wp-json\/wp\/v2\/media\/10251"}],"wp:attachment":[{"href":"https:\/\/olemosaic.com\/pt-pt\/wp-json\/wp\/v2\/media?parent=28944"}],"wp:term":[{"taxonomy":"product_brand","embeddable":true,"href":"https:\/\/olemosaic.com\/pt-pt\/wp-json\/wp\/v2\/product_brand?post=28944"},{"taxonomy":"product_cat","embeddable":true,"href":"https:\/\/olemosaic.com\/pt-pt\/wp-json\/wp\/v2\/product_cat?post=28944"},{"taxonomy":"product_tag","embeddable":true,"href":"https:\/\/olemosaic.com\/pt-pt\/wp-json\/wp\/v2\/product_tag?post=28944"}],"curies":[{"name":"wp","href":"https:\/\/api.w.org\/{rel}","templated":true}]}}