{"id":28943,"date":"2025-02-20T23:29:57","date_gmt":"2025-02-20T22:29:57","guid":{"rendered":"http:\/\/olemosaic.com\/producto\/bol-de-coco-azul-concha-camino-de-santiago-2\/"},"modified":"2025-07-25T18:35:11","modified_gmt":"2025-07-25T16:35:11","slug":"taca-de-coco-azul-concha-caminho-de-santiago-2","status":"publish","type":"product","link":"https:\/\/olemosaic.com\/pt-pt\/produto\/taca-de-coco-azul-concha-caminho-de-santiago-2\/","title":{"rendered":"Ta\u00e7a de coco azul. Concha. Caminho de Santiago. Espanha."},"content":{"rendered":"<p>Esta ta\u00e7a de coco azul, decorada com motivos do Caminho de Santiago, \u00e9 uma pe\u00e7a artesanal que captura a ess\u00eancia desta emblem\u00e1tica rota de peregrina\u00e7\u00e3o. Fabricada com casca de coco, o seu design \u00e9 simultaneamente ecol\u00f3gico e esteticamente atraente. O interior apresenta um belo acabamento cer\u00e2mico pintado \u00e0 m\u00e3o em tons azuis, que evoca a serenidade das \u00e1guas tranquilas que muitos encontraram ao longo do caminho. A parte central da ta\u00e7a \u00e9 adornada com simbologia relacionada com o Caminho, gravada em metal, o que lhe confere um toque distintivo e aut\u00eantico, tornando esta ta\u00e7a uma recorda\u00e7\u00e3o excecional.<\/p>\n<p>A ta\u00e7a \u00e9 ideal n\u00e3o s\u00f3 como um elemento decorativo, mas tamb\u00e9m como um pr\u00e1tico recipiente para guardar pequenos objetos ou at\u00e9 como ponto focal no seu lar. A sua liga\u00e7\u00e3o cultural com o Caminho de Santiago torna-a uma lembran\u00e7a representativa perfeita para quem percorreu alguma das rotas da famosa peregrina\u00e7\u00e3o, ou para aqueles que procuram um peda\u00e7o da rica heran\u00e7a espanhola.<\/p>\n<p>Na Ol\u00e9 Mosaic, sabemos que as recorda\u00e7\u00f5es t\u00eam um valor significativo e esta ta\u00e7a de coco azul oferece uma pe\u00e7a aut\u00eantica e cultural que encantar\u00e1 turistas e lojas de presentes tur\u00edsticos. Como distribuidores de recorda\u00e7\u00f5es e artigos por grosso, oferecemos produtos que celebram a tradi\u00e7\u00e3o e o folclore da nossa terra.<\/p>\n","protected":false},"excerpt":{"rendered":"<p>Ta\u00e7a de coco azul decorada com motivos do Caminho de Santiago, perfeita para recordar esta emblem\u00e1tica rota. Este produto artesanal \u00e9 fabricado com casca de coco e apresenta, no seu interior, um design cer\u00e2mico artesanal, pintado \u00e0 m\u00e3o, em tons azuis, que evoca \u00e1guas tranquilas. No centro, destaca-se uma simbologia relacionada com o caminho, gravada em metal, que lhe d\u00e1 um toque distintivo. Ideal como recorda\u00e7\u00e3o ou para uso decorativo, evoca a ess\u00eancia da peregrina\u00e7\u00e3o.<\/p>\n","protected":false},"featured_media":11941,"template":"","meta":{"_acf_changed":false},"product_brand":[],"product_cat":[513],"product_tag":[],"class_list":{"0":"post-28943","1":"product","2":"type-product","3":"status-publish","4":"has-post-thumbnail","6":"product_cat-bols","7":"pa_ciudad-santiago","8":"pa_motivo-conchas","9":"pa_pais-espana","11":"first","12":"instock","13":"shipping-taxable","14":"product-type-simple"},"acf":[],"_links":{"self":[{"href":"https:\/\/olemosaic.com\/pt-pt\/wp-json\/wp\/v2\/product\/28943","targetHints":{"allow":["GET"]}}],"collection":[{"href":"https:\/\/olemosaic.com\/pt-pt\/wp-json\/wp\/v2\/product"}],"about":[{"href":"https:\/\/olemosaic.com\/pt-pt\/wp-json\/wp\/v2\/types\/product"}],"wp:featuredmedia":[{"embeddable":true,"href":"https:\/\/olemosaic.com\/pt-pt\/wp-json\/wp\/v2\/media\/11941"}],"wp:attachment":[{"href":"https:\/\/olemosaic.com\/pt-pt\/wp-json\/wp\/v2\/media?parent=28943"}],"wp:term":[{"taxonomy":"product_brand","embeddable":true,"href":"https:\/\/olemosaic.com\/pt-pt\/wp-json\/wp\/v2\/product_brand?post=28943"},{"taxonomy":"product_cat","embeddable":true,"href":"https:\/\/olemosaic.com\/pt-pt\/wp-json\/wp\/v2\/product_cat?post=28943"},{"taxonomy":"product_tag","embeddable":true,"href":"https:\/\/olemosaic.com\/pt-pt\/wp-json\/wp\/v2\/product_tag?post=28943"}],"curies":[{"name":"wp","href":"https:\/\/api.w.org\/{rel}","templated":true}]}}