{"id":28942,"date":"2025-02-20T23:29:57","date_gmt":"2025-02-20T22:29:57","guid":{"rendered":"http:\/\/olemosaic.com\/producto\/bol-de-coco-azul-tortuga-barcelona-3\/"},"modified":"2025-07-25T18:59:28","modified_gmt":"2025-07-25T16:59:28","slug":"taca-de-coco-azul-tartaruga-barcelona-3","status":"publish","type":"product","link":"https:\/\/olemosaic.com\/pt-pt\/produto\/taca-de-coco-azul-tartaruga-barcelona-3\/","title":{"rendered":"Ta\u00e7a de coco azul. Tartaruga. Estilo mediterr\u00e2nico. Barcelona."},"content":{"rendered":"<p>Esta ta\u00e7a de coco azul, com um encantador design de tartaruga, evoca a ess\u00eancia de Barcelona. Elaborada com um cuidado artesanal que real\u00e7a a sua qualidade, a ta\u00e7a combina uma mistura de tonalidades azuis e douradas que criam um efeito visual sofisticado e atraente. No centro, uma elegante tartaruga enriquece a est\u00e9tica da ta\u00e7a e simboliza a liga\u00e7\u00e3o com o mar Mediterr\u00e2neo que caracteriza a cidade. Logo abaixo da tartaruga, o nome &#8220;Barcelona&#8221; aparece em letras estilizadas, acrescentando um toque distintivo que reafirma a identidade local.<\/p>\n<p>Esta ta\u00e7a n\u00e3o \u00e9 apenas um objeto decorativo, mas tamb\u00e9m \u00e9 ideal para servir aperitivos, oferecendo funcionalidade e estilo a qualquer reuni\u00e3o. O seu design \u00fanico \u00e9 perfeito para quem procura dar um toque mediterr\u00e2nico ao seu lar, sendo simultaneamente uma excelente recorda\u00e7\u00e3o para recordar uma visita a Barcelona. Os turistas que desejem levar um peda\u00e7o da cultura catal\u00e3 apreciar\u00e3o a sua autenticidade como uma lembran\u00e7a representativa da cidade.<\/p>\n<p>Na Ol\u00e9 Mosaic, especializamo-nos na distribui\u00e7\u00e3o de recorda\u00e7\u00f5es por grosso, e esta ta\u00e7a de coco azul \u00e9 uma op\u00e7\u00e3o excecional para lojas de presentes tur\u00edsticos que procuram produtos aut\u00eanticos e de alta qualidade. Com as nossas ta\u00e7as de coco, n\u00e3o s\u00f3 oferece um artigo decorativo, mas tamb\u00e9m uma pe\u00e7a que narra a rica tradi\u00e7\u00e3o cultural de Barcelona.<\/p>\n","protected":false},"excerpt":{"rendered":"<p>Ta\u00e7a de coco azul com um design de tartaruga inspirado em Barcelona. Esta elegante ta\u00e7a, elaborada com esmero artesanal, apresenta uma mistura de tons azuis e dourados que cria um efeito visual atraente. No centro, destaca-se uma tartaruga que se complementa com o nome &#8220;Barcelona&#8221; em letras estilizadas. Perfeita como pe\u00e7a decorativa ou para servir aperitivos, o seu design \u00fanico acrescenta um toque mediterr\u00e2nico a qualquer espa\u00e7o.<\/p>\n","protected":false},"featured_media":10163,"template":"","meta":{"_acf_changed":false},"product_brand":[],"product_cat":[513],"product_tag":[516],"class_list":{"0":"post-28942","1":"product","2":"type-product","3":"status-publish","4":"has-post-thumbnail","6":"product_cat-bols","7":"product_tag-animais","8":"pa_ciudad-barcelona","9":"pa_motivo-tartarugas","10":"pa_pais-espana","12":"first","13":"instock","14":"shipping-taxable","15":"product-type-simple"},"acf":[],"_links":{"self":[{"href":"https:\/\/olemosaic.com\/pt-pt\/wp-json\/wp\/v2\/product\/28942","targetHints":{"allow":["GET"]}}],"collection":[{"href":"https:\/\/olemosaic.com\/pt-pt\/wp-json\/wp\/v2\/product"}],"about":[{"href":"https:\/\/olemosaic.com\/pt-pt\/wp-json\/wp\/v2\/types\/product"}],"wp:featuredmedia":[{"embeddable":true,"href":"https:\/\/olemosaic.com\/pt-pt\/wp-json\/wp\/v2\/media\/10163"}],"wp:attachment":[{"href":"https:\/\/olemosaic.com\/pt-pt\/wp-json\/wp\/v2\/media?parent=28942"}],"wp:term":[{"taxonomy":"product_brand","embeddable":true,"href":"https:\/\/olemosaic.com\/pt-pt\/wp-json\/wp\/v2\/product_brand?post=28942"},{"taxonomy":"product_cat","embeddable":true,"href":"https:\/\/olemosaic.com\/pt-pt\/wp-json\/wp\/v2\/product_cat?post=28942"},{"taxonomy":"product_tag","embeddable":true,"href":"https:\/\/olemosaic.com\/pt-pt\/wp-json\/wp\/v2\/product_tag?post=28942"}],"curies":[{"name":"wp","href":"https:\/\/api.w.org\/{rel}","templated":true}]}}