{"id":28916,"date":"2025-02-20T23:29:57","date_gmt":"2025-02-20T22:29:57","guid":{"rendered":"http:\/\/olemosaic.com\/producto\/bol-de-coco-azul-sagrada-familia-barcelona-4\/"},"modified":"2025-07-25T19:26:09","modified_gmt":"2025-07-25T17:26:09","slug":"taca-de-coco-azul-sagrada-familia-barcelona-4","status":"publish","type":"product","link":"https:\/\/olemosaic.com\/pt-pt\/produto\/taca-de-coco-azul-sagrada-familia-barcelona-4\/","title":{"rendered":"Ta\u00e7a de coco azul. Sagrada Fam\u00edlia. Gaud\u00ed. Barcelona."},"content":{"rendered":"<p>Esta ta\u00e7a de coco azul, inspirada na ic\u00f3nica Sagrada Fam\u00edlia de Barcelona, \u00e9 uma pe\u00e7a artesanal que encapsula a ess\u00eancia desta vibrante cidade. Fabricada em coco e pintada \u00e0 m\u00e3o, a ta\u00e7a apresenta um design \u00fanico com um rebordo decorado em variados tons azuis que evocam tanto o mar como o c\u00e9u de Barcelona. O seu interior resplandece com um colorido design de pequenos cora\u00e7\u00f5es que lhe conferem um toque alegre e vibrante, tornando-a um elemento decorativo excecional.<\/p>\n<p>No centro da ta\u00e7a destaca-se a silhueta da Sagrada Fam\u00edlia, um dos monumentos mais emblem\u00e1ticos da arquitetura catal\u00e3, acompanhada do texto &#8220;Barcelona&#8221;. Este design n\u00e3o s\u00f3 presta homenagem \u00e0 obra-prima de Antoni Gaud\u00ed, como tamb\u00e9m transforma esta ta\u00e7a num souvenir representativo da cultura e da hist\u00f3ria da cidade. Ideal para os turistas que procuram levar um peda\u00e7o de Barcelona para casa, esta ta\u00e7a \u00e9 perfeita para servir aperitivos ou como pe\u00e7a decorativa em qualquer ambiente.<\/p>\n<p>Na Ol\u00e9 Mosaic, orgulhamo-nos de oferecer souvenirs aut\u00eanticos e detalhados que refletem a rica heran\u00e7a cultural de Espanha. Esta ta\u00e7a de coco \u00e9 uma excelente op\u00e7\u00e3o para lojas de presentes tur\u00edsticos que desejam fornecer produtos \u00fanicos e significativos. Como grossistas de souvenirs, garantimos qualidade e autenticidade em cada pe\u00e7a que distribu\u00edmos.<\/p>\n","protected":false},"excerpt":{"rendered":"<p>Ta\u00e7a de coco azul inspirada na ic\u00f3nica Sagrada Fam\u00edlia de Barcelona. Esta encantadora ta\u00e7a, feita de coco, apresenta um design artesanal, pintado \u00e0 m\u00e3o, com um rebordo decorado em tons azuis e alegres cora\u00e7\u00f5es que lhe d\u00e3o um toque vibrante. No centro, destaca-se a silhueta da Sagrada Fam\u00edlia juntamente com a palavra &#8220;Barcelona&#8221;, o que a torna uma pe\u00e7a perfeita para adicionar um toque cultural a qualquer ambiente. Ideal como recorda\u00e7\u00e3o ou elemento decorativo.<\/p>\n","protected":false},"featured_media":13490,"template":"","meta":{"_acf_changed":false},"product_brand":[],"product_cat":[513],"product_tag":[],"class_list":{"0":"post-28916","1":"product","2":"type-product","3":"status-publish","4":"has-post-thumbnail","6":"product_cat-bols","7":"pa_ciudad-barcelona","8":"pa_motivo-sagrada-familia","9":"pa_pais-espana","11":"first","12":"instock","13":"shipping-taxable","14":"product-type-simple"},"acf":[],"_links":{"self":[{"href":"https:\/\/olemosaic.com\/pt-pt\/wp-json\/wp\/v2\/product\/28916","targetHints":{"allow":["GET"]}}],"collection":[{"href":"https:\/\/olemosaic.com\/pt-pt\/wp-json\/wp\/v2\/product"}],"about":[{"href":"https:\/\/olemosaic.com\/pt-pt\/wp-json\/wp\/v2\/types\/product"}],"wp:featuredmedia":[{"embeddable":true,"href":"https:\/\/olemosaic.com\/pt-pt\/wp-json\/wp\/v2\/media\/13490"}],"wp:attachment":[{"href":"https:\/\/olemosaic.com\/pt-pt\/wp-json\/wp\/v2\/media?parent=28916"}],"wp:term":[{"taxonomy":"product_brand","embeddable":true,"href":"https:\/\/olemosaic.com\/pt-pt\/wp-json\/wp\/v2\/product_brand?post=28916"},{"taxonomy":"product_cat","embeddable":true,"href":"https:\/\/olemosaic.com\/pt-pt\/wp-json\/wp\/v2\/product_cat?post=28916"},{"taxonomy":"product_tag","embeddable":true,"href":"https:\/\/olemosaic.com\/pt-pt\/wp-json\/wp\/v2\/product_tag?post=28916"}],"curies":[{"name":"wp","href":"https:\/\/api.w.org\/{rel}","templated":true}]}}