{"id":28915,"date":"2025-02-20T23:29:57","date_gmt":"2025-02-20T22:29:57","guid":{"rendered":"http:\/\/olemosaic.com\/producto\/bol-de-coco-azul-sagrada-familia-barcelona-3\/"},"modified":"2025-07-25T19:00:38","modified_gmt":"2025-07-25T17:00:38","slug":"taca-de-coco-azul-sagrada-familia-barcelona-3","status":"publish","type":"product","link":"https:\/\/olemosaic.com\/pt-pt\/produto\/taca-de-coco-azul-sagrada-familia-barcelona-3\/","title":{"rendered":"Ta\u00e7a de coco azul. Sagrada Fam\u00edlia. Mosaico. Barcelona."},"content":{"rendered":"<p>Esta ta\u00e7a de coco azul, inspirada na emblem\u00e1tica Sagrada Fam\u00edlia de Barcelona, \u00e9 uma aut\u00eantica homenagem \u00e0 arquitetura e \u00e0 arte da cidade condal. Com um design elegante que evoca os memor\u00e1veis vitrais da famosa bas\u00edlica, apresenta uma paleta de azuis vibrantes, adornada com pequenas gotas em tons variados que conferem profundidade e textura, recriando a luz que se filtra atrav\u00e9s dos vitrais g\u00f3ticos e modernistas. No centro da ta\u00e7a, destaca-se um gr\u00e1fico que representa a Sagrada Fam\u00edlia, complementado com a palavra &#8220;Barcelona&#8221;, que refor\u00e7a a sua liga\u00e7\u00e3o com esta ic\u00f3nica obra-prima de Antoni Gaud\u00ed. O acabamento em coco n\u00e3o s\u00f3 lhe confere um toque artesanal, como tamb\u00e9m garante a sua singularidade, tornando-a uma pe\u00e7a de destaque entre os souvenirs de Barcelona. Esta ta\u00e7a n\u00e3o \u00e9 apenas funcional; \u00e9 uma recorda\u00e7\u00e3o cultural que permite aos turistas levar para casa um peda\u00e7o da hist\u00f3ria e da arte da cidade. Na Ol\u00e9 Mosaic, especializamo-nos na distribui\u00e7\u00e3o de souvenirs por grosso, oferecendo produtos aut\u00eanticos e de alta qualidade que refletem a ess\u00eancia da sua origem. Esta ta\u00e7a de coco azul \u00e9 uma excelente op\u00e7\u00e3o para lojas de presentes tur\u00edsticos que desejem oferecer souvenirs representativos e elegantes de Barcelona.<\/p>\n","protected":false},"excerpt":{"rendered":"<p>Ta\u00e7a de coco azul inspirada na emblem\u00e1tica Sagrada Fam\u00edlia de Barcelona. Esta atraente ta\u00e7a apresenta um design elegante com tons azuis que evocam os memor\u00e1veis vitrais da famosa bas\u00edlica, decorada com pequenas gotas em tons variados que conferem textura e profundidade. No centro, destaca-se um gr\u00e1fico que representa a Sagrada Fam\u00edlia, complementado com a palavra &#8220;Barcelona&#8221;. O seu acabamento em coco confere-lhe um toque artesanal e distintivo.<\/p>\n","protected":false},"featured_media":11857,"template":"","meta":{"_acf_changed":false},"product_brand":[],"product_cat":[513],"product_tag":[],"class_list":{"0":"post-28915","1":"product","2":"type-product","3":"status-publish","4":"has-post-thumbnail","6":"product_cat-bols","7":"pa_ciudad-barcelona","8":"pa_motivo-sagrada-familia","9":"pa_pais-espana","11":"first","12":"instock","13":"shipping-taxable","14":"product-type-simple"},"acf":[],"_links":{"self":[{"href":"https:\/\/olemosaic.com\/pt-pt\/wp-json\/wp\/v2\/product\/28915","targetHints":{"allow":["GET"]}}],"collection":[{"href":"https:\/\/olemosaic.com\/pt-pt\/wp-json\/wp\/v2\/product"}],"about":[{"href":"https:\/\/olemosaic.com\/pt-pt\/wp-json\/wp\/v2\/types\/product"}],"wp:featuredmedia":[{"embeddable":true,"href":"https:\/\/olemosaic.com\/pt-pt\/wp-json\/wp\/v2\/media\/11857"}],"wp:attachment":[{"href":"https:\/\/olemosaic.com\/pt-pt\/wp-json\/wp\/v2\/media?parent=28915"}],"wp:term":[{"taxonomy":"product_brand","embeddable":true,"href":"https:\/\/olemosaic.com\/pt-pt\/wp-json\/wp\/v2\/product_brand?post=28915"},{"taxonomy":"product_cat","embeddable":true,"href":"https:\/\/olemosaic.com\/pt-pt\/wp-json\/wp\/v2\/product_cat?post=28915"},{"taxonomy":"product_tag","embeddable":true,"href":"https:\/\/olemosaic.com\/pt-pt\/wp-json\/wp\/v2\/product_tag?post=28915"}],"curies":[{"name":"wp","href":"https:\/\/api.w.org\/{rel}","templated":true}]}}