{"id":28914,"date":"2025-02-20T23:29:57","date_gmt":"2025-02-20T22:29:57","guid":{"rendered":"http:\/\/olemosaic.com\/producto\/bol-de-coco-azul-isla-tenerife-2\/"},"modified":"2025-07-25T19:00:14","modified_gmt":"2025-07-25T17:00:14","slug":"taca-de-coco-azul-ilha-tenerife-2","status":"publish","type":"product","link":"https:\/\/olemosaic.com\/pt-pt\/produto\/taca-de-coco-azul-ilha-tenerife-2\/","title":{"rendered":"Ta\u00e7a de coco azul. Ilha. Tenerife. Can\u00e1rias. Fundo marinho."},"content":{"rendered":"<p>Esta ta\u00e7a de coco azul \u00e9 uma representa\u00e7\u00e3o requintada da beleza natural de Tenerife, uma das joias do Arquip\u00e9lago Can\u00e1rio. Este elegante artigo apresenta um design cativante em tons azuis que evocam o mar e as ondas do oceano Atl\u00e2ntico. O seu acabamento brilhante real\u00e7a a luz, criando um efeito visual que atrai a aten\u00e7\u00e3o e confere um toque de frescura a qualquer espa\u00e7o. Decorada com motivos de formas redondas que lembram as pedras do litoral can\u00e1rio, esta ta\u00e7a \u00e9 t\u00e3o funcional quanto esteticamente impressionante, ideal para servir aperitivos ou como pe\u00e7a decorativa no lar.<\/p>\n<p>No centro da ta\u00e7a, destaca-se a silhueta da ilha de Tenerife, impressa com um toque artesanal que enfatiza a autenticidade do produto. Este design n\u00e3o s\u00f3 celebra a geografia da ilha, como tamb\u00e9m liga os utilizadores \u00e0 cultura e \u00e0 hist\u00f3ria de Tenerife, tornando esta ta\u00e7a um souvenir representativo que captura a ess\u00eancia da regi\u00e3o. Perfeita para turistas que procuram recorda\u00e7\u00f5es \u00fanicas, esta ta\u00e7a de coco azul \u00e9 uma excelente op\u00e7\u00e3o para lojas de presentes tur\u00edsticos que pretendem oferecer produtos de qualidade e significado cultural. Na Ol\u00e9 Mosaic, orgulhamo-nos de ser distribuidores de artigos aut\u00eanticos como este, garantindo a satisfa\u00e7\u00e3o dos nossos clientes grossistas de souvenirs.<\/p>\n","protected":false},"excerpt":{"rendered":"<p>Ta\u00e7a de coco azul, inspirada na beleza natural da ilha de Tenerife. Esta elegante ta\u00e7a apresenta um design em tons azuis, com um acabamento brilhante que emula as ondas do oceano e est\u00e1 decorada com motivos de formas arredondadas que lembram as pedras do litoral can\u00e1rio. No centro, destaca-se a silhueta da ilha de Tenerife, impressa com um toque artesanal. Ideal para servir ou como pe\u00e7a decorativa, combina funcionalidade e est\u00e9tica numa obra \u00fanica.<\/p>\n","protected":false},"featured_media":11917,"template":"","meta":{"_acf_changed":false},"product_brand":[],"product_cat":[513],"product_tag":[],"class_list":{"0":"post-28914","1":"product","2":"type-product","3":"status-publish","4":"has-post-thumbnail","6":"product_cat-bols","7":"pa_ciudad-tenerife","8":"pa_motivo-ilhas","9":"pa_pais-espana","11":"first","12":"instock","13":"shipping-taxable","14":"product-type-simple"},"acf":[],"_links":{"self":[{"href":"https:\/\/olemosaic.com\/pt-pt\/wp-json\/wp\/v2\/product\/28914","targetHints":{"allow":["GET"]}}],"collection":[{"href":"https:\/\/olemosaic.com\/pt-pt\/wp-json\/wp\/v2\/product"}],"about":[{"href":"https:\/\/olemosaic.com\/pt-pt\/wp-json\/wp\/v2\/types\/product"}],"wp:featuredmedia":[{"embeddable":true,"href":"https:\/\/olemosaic.com\/pt-pt\/wp-json\/wp\/v2\/media\/11917"}],"wp:attachment":[{"href":"https:\/\/olemosaic.com\/pt-pt\/wp-json\/wp\/v2\/media?parent=28914"}],"wp:term":[{"taxonomy":"product_brand","embeddable":true,"href":"https:\/\/olemosaic.com\/pt-pt\/wp-json\/wp\/v2\/product_brand?post=28914"},{"taxonomy":"product_cat","embeddable":true,"href":"https:\/\/olemosaic.com\/pt-pt\/wp-json\/wp\/v2\/product_cat?post=28914"},{"taxonomy":"product_tag","embeddable":true,"href":"https:\/\/olemosaic.com\/pt-pt\/wp-json\/wp\/v2\/product_tag?post=28914"}],"curies":[{"name":"wp","href":"https:\/\/api.w.org\/{rel}","templated":true}]}}