{"id":28852,"date":"2025-02-20T23:29:55","date_gmt":"2025-02-20T22:29:55","guid":{"rendered":"http:\/\/olemosaic.com\/producto\/bol-de-coco-azul-camino-de-santiago\/"},"modified":"2025-07-25T18:45:35","modified_gmt":"2025-07-25T16:45:35","slug":"taca-de-coco-azul-caminho-de-santiago","status":"publish","type":"product","link":"https:\/\/olemosaic.com\/pt-pt\/produto\/taca-de-coco-azul-caminho-de-santiago\/","title":{"rendered":"Ta\u00e7a de coco azul. Caminho de Santiago."},"content":{"rendered":"<p>Esta ta\u00e7a de coco azul \u00e9 uma pe\u00e7a artesanal excecional que celebra a ess\u00eancia do Caminho de Santiago. Com um design deslumbrante em tons azuis vibrantes, esta ta\u00e7a \u00e9 meticulosamente elaborada de forma artesanal, o que real\u00e7a a sua autenticidade como recorda\u00e7\u00e3o representativa. O seu interior mostra um padr\u00e3o distintivo em preto, adornado com uma borda sobreposta de cora\u00e7\u00f5es que real\u00e7a o seu apelo visual e eleg\u00e2ncia. No centro, destaca-se a ic\u00f3nica concha do Caminho de Santiago num acabamento azul brilhante, acompanhada pela frase &#8220;CAMINHO DE SANTIAGO&#8221;, simbolizando a rica tradi\u00e7\u00e3o desta antiga viagem espiritual.<\/p>\n<p>Esta ta\u00e7a n\u00e3o \u00e9 apenas um elemento decorativo, mas tamb\u00e9m uma recorda\u00e7\u00e3o tang\u00edvel de uma das rotas de peregrina\u00e7\u00e3o mais emblem\u00e1ticas do mundo, que atrai milhares de turistas e peregrinos todos os anos. A decora\u00e7\u00e3o vibrante e simb\u00f3lica torna-a uma excelente recorda\u00e7\u00e3o, ideal para aqueles que procuram levar um peda\u00e7o da heran\u00e7a cultural espanhola. Na Ol\u00e9 Mosaic, somos distribuidores de produtos aut\u00eanticos, e esta ta\u00e7a de coco representa perfeitamente a liga\u00e7\u00e3o cultural que os turistas desejam encontrar nas suas recorda\u00e7\u00f5es. \u00c9 uma proposta ideal para lojas de presentes tur\u00edsticos que valorizam a qualidade e a artesania nas suas recorda\u00e7\u00f5es de Espanha.<\/p>\n","protected":false},"excerpt":{"rendered":"<p>Ta\u00e7a de coco azul decorada com motivos do Caminho de Santiago. Esta singular ta\u00e7a apresenta um design em tons azuis, real\u00e7ado com detalhes pretos e uma borda adornada com cora\u00e7\u00f5es. No centro, destaca-se a ic\u00f3nica concha do Caminho de Santiago, juntamente com a frase &#8220;CAMINHO DE SANTIAGO&#8221;, tudo elaborado \u00e0 m\u00e3o com uma t\u00e9cnica que real\u00e7a as suas formas e cores vibrantes. Ideal como recorda\u00e7\u00e3o ou elemento decorativo.<\/p>\n","protected":false},"featured_media":10207,"template":"","meta":{"_acf_changed":false},"product_brand":[],"product_cat":[513],"product_tag":[],"class_list":{"0":"post-28852","1":"product","2":"type-product","3":"status-publish","4":"has-post-thumbnail","6":"product_cat-bols","7":"pa_motivo-caminho-de-santiago","9":"first","10":"instock","11":"shipping-taxable","12":"product-type-simple"},"acf":[],"_links":{"self":[{"href":"https:\/\/olemosaic.com\/pt-pt\/wp-json\/wp\/v2\/product\/28852","targetHints":{"allow":["GET"]}}],"collection":[{"href":"https:\/\/olemosaic.com\/pt-pt\/wp-json\/wp\/v2\/product"}],"about":[{"href":"https:\/\/olemosaic.com\/pt-pt\/wp-json\/wp\/v2\/types\/product"}],"wp:featuredmedia":[{"embeddable":true,"href":"https:\/\/olemosaic.com\/pt-pt\/wp-json\/wp\/v2\/media\/10207"}],"wp:attachment":[{"href":"https:\/\/olemosaic.com\/pt-pt\/wp-json\/wp\/v2\/media?parent=28852"}],"wp:term":[{"taxonomy":"product_brand","embeddable":true,"href":"https:\/\/olemosaic.com\/pt-pt\/wp-json\/wp\/v2\/product_brand?post=28852"},{"taxonomy":"product_cat","embeddable":true,"href":"https:\/\/olemosaic.com\/pt-pt\/wp-json\/wp\/v2\/product_cat?post=28852"},{"taxonomy":"product_tag","embeddable":true,"href":"https:\/\/olemosaic.com\/pt-pt\/wp-json\/wp\/v2\/product_tag?post=28852"}],"curies":[{"name":"wp","href":"https:\/\/api.w.org\/{rel}","templated":true}]}}