{"id":28851,"date":"2025-02-20T23:29:55","date_gmt":"2025-02-20T22:29:55","guid":{"rendered":"http:\/\/olemosaic.com\/producto\/bol-de-coco-azul-mano-4\/"},"modified":"2025-07-25T20:06:29","modified_gmt":"2025-07-25T18:06:29","slug":"taca-de-coco-azul-mao-4","status":"publish","type":"product","link":"https:\/\/olemosaic.com\/pt-pt\/produto\/taca-de-coco-azul-mao-4\/","title":{"rendered":"Ta\u00e7a de coco azul. M\u00e3o. Hamsa."},"content":{"rendered":"<p>Esta ta\u00e7a de coco azul \u00e9 uma pe\u00e7a decorativa exclusiva que une a rica tradi\u00e7\u00e3o artesanal de Gran Canaria com um design vibrante e inspirador. Elaborada \u00e0 m\u00e3o, esta ta\u00e7a destaca-se pela sua magn\u00edfica tonalidade azul, que evoca as \u00e1guas cristalinas do oceano que rodeia a ilha. No seu interior, uma encantadora salamandra desdobra-se rodeada de cora\u00e7\u00f5es em diversos tons azulados, criando um contraste visual cativante que celebra a fauna e flora local.<\/p>\n<p>A aten\u00e7\u00e3o ao detalhe \u00e9 evidente em cada canto desta ta\u00e7a; o acabamento lustroso real\u00e7a a beleza da textura do coco, enquanto as cores do design acrescentam um toque de frescura e exotismo. Esta ta\u00e7a n\u00e3o \u00e9 apenas um objeto decorativo, mas tamb\u00e9m um tributo \u00e0 cultura can\u00e1ria, que presta homenagem \u00e0 rica biodiversidade da ilha, conhecida pela sua beleza natural e pela sua fauna \u00fanica.<\/p>\n<p>Como souvenir representativo de Gran Canaria, esta ta\u00e7a de coco \u00e9 uma excelente op\u00e7\u00e3o para turistas que procuram levar uma recorda\u00e7\u00e3o aut\u00eantica e significativa. Na Ol\u00e9 Mosaic, estamos comprometidos em oferecer souvenirs de qualidade por grosso, e esta ta\u00e7a \u00e9 uma op\u00e7\u00e3o ideal para lojas de presentes tur\u00edsticos que desejem oferecer aos seus clientes uma amostra do patrim\u00f3nio cultural das Ilhas Can\u00e1rias.<\/p>\n","protected":false},"excerpt":{"rendered":"<p>Ta\u00e7a de coco azul, decorada com estilo artesanal, que se destaca pela sua simbologia e design \u00fanico. No seu interior, um padr\u00e3o de cora\u00e7\u00f5es em tons azuis e um motivo central de uma m\u00e3o com um olho evocam influ\u00eancias culturais. Esta original ta\u00e7a \u00e9 ideal como elemento decorativo ou funcional no lar, conferindo um toque vibrante e art\u00edstico a qualquer espa\u00e7o. Perfeita como recorda\u00e7\u00e3o de Espanha ou para os amantes da arte artesanal.<\/p>\n","protected":false},"featured_media":13454,"template":"","meta":{"_acf_changed":false},"product_brand":[],"product_cat":[513],"product_tag":[],"class_list":{"0":"post-28851","1":"product","2":"type-product","3":"status-publish","4":"has-post-thumbnail","6":"product_cat-bols","7":"pa_motivo-maos","9":"first","10":"instock","11":"shipping-taxable","12":"product-type-simple"},"acf":[],"_links":{"self":[{"href":"https:\/\/olemosaic.com\/pt-pt\/wp-json\/wp\/v2\/product\/28851","targetHints":{"allow":["GET"]}}],"collection":[{"href":"https:\/\/olemosaic.com\/pt-pt\/wp-json\/wp\/v2\/product"}],"about":[{"href":"https:\/\/olemosaic.com\/pt-pt\/wp-json\/wp\/v2\/types\/product"}],"wp:featuredmedia":[{"embeddable":true,"href":"https:\/\/olemosaic.com\/pt-pt\/wp-json\/wp\/v2\/media\/13454"}],"wp:attachment":[{"href":"https:\/\/olemosaic.com\/pt-pt\/wp-json\/wp\/v2\/media?parent=28851"}],"wp:term":[{"taxonomy":"product_brand","embeddable":true,"href":"https:\/\/olemosaic.com\/pt-pt\/wp-json\/wp\/v2\/product_brand?post=28851"},{"taxonomy":"product_cat","embeddable":true,"href":"https:\/\/olemosaic.com\/pt-pt\/wp-json\/wp\/v2\/product_cat?post=28851"},{"taxonomy":"product_tag","embeddable":true,"href":"https:\/\/olemosaic.com\/pt-pt\/wp-json\/wp\/v2\/product_tag?post=28851"}],"curies":[{"name":"wp","href":"https:\/\/api.w.org\/{rel}","templated":true}]}}