{"id":28850,"date":"2025-02-20T23:29:55","date_gmt":"2025-02-20T22:29:55","guid":{"rendered":"http:\/\/olemosaic.com\/producto\/bol-de-coco-azul-isla-mallorca-3\/"},"modified":"2025-07-25T19:06:23","modified_gmt":"2025-07-25T17:06:23","slug":"taca-de-coco-azul-ilha-maiorca-3","status":"publish","type":"product","link":"https:\/\/olemosaic.com\/pt-pt\/produto\/taca-de-coco-azul-ilha-maiorca-3\/","title":{"rendered":"Ta\u00e7a de coco azul. Ilha. Maiorca. Espanha."},"content":{"rendered":"<p>Esta ta\u00e7a de coco azul \u00e9 uma obra-prima que reflete a beleza aut\u00eantica da ilha de Maiorca. O seu design, realizado em material de coco, real\u00e7a uma cor azul vibrante que evoca as \u00e1guas cristalinas do Mediterr\u00e2neo, tornando-a um elemento decorativo e funcional excelente para o lar. No seu interior, apresenta-se uma representa\u00e7\u00e3o estilizada da ilha, destacada por uma pintura \u00e0 m\u00e3o que inclui o nome &#8220;MAIORCA&#8221;, rodeado de encantadores cora\u00e7\u00f5es que delineiam a borda da ta\u00e7a, acrescentando um toque de calor e amor a esta pe\u00e7a \u00fanica.<\/p>\n<p>A ta\u00e7a n\u00e3o s\u00f3 se destaca pelo seu apelo visual, mas tamb\u00e9m pela sua liga\u00e7\u00e3o cultural com Maiorca, um destino tur\u00edstico famoso pelas suas paisagens impressionantes, praias de sonho e rica heran\u00e7a mediterr\u00e2nica. Este souvenir \u00e9 ideal para os visitantes que procuram levar um peda\u00e7o da ilha para as suas casas, servindo como uma recorda\u00e7\u00e3o constante das suas mem\u00f3rias de viagem.<\/p>\n<p>Na Ol\u00e9 Mosaic, especializamo-nos na distribui\u00e7\u00e3o de souvenirs por grosso, oferecendo produtos aut\u00eanticos que representam a ess\u00eancia das regi\u00f5es espanholas. Esta ta\u00e7a de coco azul \u00e9 uma excelente op\u00e7\u00e3o para lojas de presentes tur\u00edsticos que desejem destacar na sua oferta artigos artesanais e culturalmente significativos. Como grossista de souvenirs de Maiorca, garantimos que cada pe\u00e7a \u00e9 um s\u00edmbolo de autenticidade e esp\u00edrito insular.<\/p>\n","protected":false},"excerpt":{"rendered":"<p>Ta\u00e7a de coco azul decorada com uma representa\u00e7\u00e3o estilizada da ilha de Maiorca no seu interior. Esta atraente ta\u00e7a, feita de coco, destaca-se pela sua cor azul vibrante e pelo seu design artesanal, pintado \u00e0 m\u00e3o, que inclui motivos de cora\u00e7\u00f5es \u00e0 volta da borda. Perfeita como elemento decorativo ou para guardar objetos pequenos, este produto capta a ess\u00eancia de Maiorca e a sua beleza natural.<\/p>\n","protected":false},"featured_media":10195,"template":"","meta":{"_acf_changed":false},"product_brand":[],"product_cat":[513],"product_tag":[],"class_list":{"0":"post-28850","1":"product","2":"type-product","3":"status-publish","4":"has-post-thumbnail","6":"product_cat-bols","7":"pa_ciudad-mallorca","8":"pa_motivo-ilhas","9":"pa_pais-espana","11":"first","12":"instock","13":"shipping-taxable","14":"product-type-simple"},"acf":[],"_links":{"self":[{"href":"https:\/\/olemosaic.com\/pt-pt\/wp-json\/wp\/v2\/product\/28850","targetHints":{"allow":["GET"]}}],"collection":[{"href":"https:\/\/olemosaic.com\/pt-pt\/wp-json\/wp\/v2\/product"}],"about":[{"href":"https:\/\/olemosaic.com\/pt-pt\/wp-json\/wp\/v2\/types\/product"}],"wp:featuredmedia":[{"embeddable":true,"href":"https:\/\/olemosaic.com\/pt-pt\/wp-json\/wp\/v2\/media\/10195"}],"wp:attachment":[{"href":"https:\/\/olemosaic.com\/pt-pt\/wp-json\/wp\/v2\/media?parent=28850"}],"wp:term":[{"taxonomy":"product_brand","embeddable":true,"href":"https:\/\/olemosaic.com\/pt-pt\/wp-json\/wp\/v2\/product_brand?post=28850"},{"taxonomy":"product_cat","embeddable":true,"href":"https:\/\/olemosaic.com\/pt-pt\/wp-json\/wp\/v2\/product_cat?post=28850"},{"taxonomy":"product_tag","embeddable":true,"href":"https:\/\/olemosaic.com\/pt-pt\/wp-json\/wp\/v2\/product_tag?post=28850"}],"curies":[{"name":"wp","href":"https:\/\/api.w.org\/{rel}","templated":true}]}}