{"id":28839,"date":"2025-02-20T23:29:54","date_gmt":"2025-02-20T22:29:54","guid":{"rendered":"http:\/\/olemosaic.com\/producto\/bol-de-coco-azul-salamandra-tenerife-4\/"},"modified":"2025-07-25T18:34:49","modified_gmt":"2025-07-25T16:34:49","slug":"taca-de-coco-azul-salamandra-tenerife-4","status":"publish","type":"product","link":"https:\/\/olemosaic.com\/pt-pt\/produto\/taca-de-coco-azul-salamandra-tenerife-4\/","title":{"rendered":"Ta\u00e7a de coco azul. Salamandra. Tenerife. Fundo marinho."},"content":{"rendered":"<p>Esta ta\u00e7a de coco azul \u00e9 uma representa\u00e7\u00e3o requintada da ess\u00eancia de Tenerife, concebida para cativar tanto pela sua est\u00e9tica como pelo seu valor cultural. Fabricada a partir de cascas de coco recicladas, esta bela ta\u00e7a apresenta um design marcante pintado \u00e0 m\u00e3o em tons de azul e verde, que simula um mosaico atraente que evoca o oceano e a vegeta\u00e7\u00e3o exuberante da ilha. No centro, uma salamandra elegante, s\u00edmbolo ic\u00f3nico da fauna can\u00e1ria, acrescenta um toque distintivo e atraente, captando a aten\u00e7\u00e3o e a curiosidade de quem a v\u00ea.<\/p>\n<p>O nome &#8220;TENERIFE&#8221; apresenta-se num elegante acabamento em cor de cobre, que contrasta suavemente com os fundos vibrantes da ta\u00e7a. Este souvenir n\u00e3o \u00e9 apenas um elemento decorativo encantador, mas tamb\u00e9m \u00e9 ideal como recipiente para pequenos objetos ou como centro de mesa, oferecendo versatilidade e funcionalidade. Ao escolher esta ta\u00e7a, os turistas n\u00e3o s\u00f3 adquirem um objeto belo, mas tamb\u00e9m uma recorda\u00e7\u00e3o aut\u00eantica da rica heran\u00e7a cultural de Tenerife.<\/p>\n<p>Na Ol\u00e9 Mosaic, estamos comprometidos com a distribui\u00e7\u00e3o de artigos que celebram a autenticidade e a tradi\u00e7\u00e3o. Esta ta\u00e7a de coco azul \u00e9 uma excelente op\u00e7\u00e3o para lojas de presentes tur\u00edsticos que procuram souvenirs que destaquem a singularidade das Ilhas Can\u00e1rias, criando liga\u00e7\u00f5es emocionais e memor\u00e1veis com os visitantes que desejem levar um peda\u00e7o de Tenerife para casa.<\/p>\n","protected":false},"excerpt":{"rendered":"<p>Ta\u00e7a de coco azul decorada com uma salamandra elegante, que representa a ess\u00eancia de Tenerife. Esta ta\u00e7a atraente, elaborada a partir de casca de coco, apresenta um design artesanal, pintado \u00e0 m\u00e3o, em tons de azul e verde que simulam um mosaico, complementado com o nome &#8220;TENERIFE&#8221; em cor de cobre. A salamandra, s\u00edmbolo da fauna can\u00e1ria, destaca-se no centro, conferindo um toque distintivo a esta recorda\u00e7\u00e3o. Ideal para uso decorativo ou como recipiente.<\/p>\n","protected":false},"featured_media":11921,"template":"","meta":{"_acf_changed":false},"product_brand":[],"product_cat":[513],"product_tag":[516],"class_list":{"0":"post-28839","1":"product","2":"type-product","3":"status-publish","4":"has-post-thumbnail","6":"product_cat-bols","7":"product_tag-animais","8":"pa_ciudad-tenerife","9":"pa_motivo-salamandras","10":"pa_pais-espana","12":"first","13":"instock","14":"shipping-taxable","15":"product-type-simple"},"acf":[],"_links":{"self":[{"href":"https:\/\/olemosaic.com\/pt-pt\/wp-json\/wp\/v2\/product\/28839","targetHints":{"allow":["GET"]}}],"collection":[{"href":"https:\/\/olemosaic.com\/pt-pt\/wp-json\/wp\/v2\/product"}],"about":[{"href":"https:\/\/olemosaic.com\/pt-pt\/wp-json\/wp\/v2\/types\/product"}],"wp:featuredmedia":[{"embeddable":true,"href":"https:\/\/olemosaic.com\/pt-pt\/wp-json\/wp\/v2\/media\/11921"}],"wp:attachment":[{"href":"https:\/\/olemosaic.com\/pt-pt\/wp-json\/wp\/v2\/media?parent=28839"}],"wp:term":[{"taxonomy":"product_brand","embeddable":true,"href":"https:\/\/olemosaic.com\/pt-pt\/wp-json\/wp\/v2\/product_brand?post=28839"},{"taxonomy":"product_cat","embeddable":true,"href":"https:\/\/olemosaic.com\/pt-pt\/wp-json\/wp\/v2\/product_cat?post=28839"},{"taxonomy":"product_tag","embeddable":true,"href":"https:\/\/olemosaic.com\/pt-pt\/wp-json\/wp\/v2\/product_tag?post=28839"}],"curies":[{"name":"wp","href":"https:\/\/api.w.org\/{rel}","templated":true}]}}