{"id":28798,"date":"2025-02-20T23:29:53","date_gmt":"2025-02-20T22:29:53","guid":{"rendered":"http:\/\/olemosaic.com\/producto\/bol-de-coco-azul-isla-mallorca-2\/"},"modified":"2025-07-25T20:35:40","modified_gmt":"2025-07-25T18:35:40","slug":"taca-de-coco-azul-ilha-maiorca-2","status":"publish","type":"product","link":"https:\/\/olemosaic.com\/pt-pt\/produto\/taca-de-coco-azul-ilha-maiorca-2\/","title":{"rendered":"Ta\u00e7a de coco azul. Ilha. Maiorca."},"content":{"rendered":"<p>Esta ta\u00e7a de coco azul \u00e9 uma requintada representa\u00e7\u00e3o da beleza mediterr\u00e2nica, inspirada na id\u00edlica ilha de Maiorca. Com o seu design muito especial, esta pe\u00e7a apresenta uma base de cor azul claro, decorada com c\u00edrculos em tons mais intensos que evocam as \u00e1guas cristalinas que banham as costas de Maiorca. No centro, um motivo especial num suave tom acobreado destaca a forma da ilha, fundindo o artesanato tradicional com um estilo contempor\u00e2neo. Cada ta\u00e7a \u00e9 criada \u00e0 m\u00e3o, o que garante que cada pe\u00e7a \u00e9 \u00fanica, acrescentando um toque de autenticidade e qualidade.<\/p>\n<p>Esta ta\u00e7a n\u00e3o \u00e9 apenas um objeto decorativo; tamb\u00e9m \u00e9 funcional e vers\u00e1til, perfeita para servir aperitivos, saladas ou simplesmente como elemento decorativo em casa. O seu design vibrante e colorido transmite o ar festivo e acolhedor de Maiorca, tornando-se uma recorda\u00e7\u00e3o ideal para quem visita a ilha ou procura um presente representativo. Na Ol\u00e9 Mosaic, compreendemos a import\u00e2ncia de oferecer produtos que contem uma hist\u00f3ria, e esta ta\u00e7a de coco azul \u00e9 perfeita para captar a ess\u00eancia de Maiorca e da sua cultura. Como distribuidores de lembran\u00e7as por grosso, garantimos a qualidade e autenticidade em cada pe\u00e7a, fazendo desta ta\u00e7a uma excelente op\u00e7\u00e3o para lojas de presentes tur\u00edsticos que procurem artigos \u00fanicos e significativos.<\/p>\n","protected":false},"excerpt":{"rendered":"<p>Ta\u00e7a de coco azul, inspirada na beleza da ilha de Maiorca. Esta elegante ta\u00e7a apresenta um design \u00fanico com uma base azul claro e c\u00edrculos em tons mais intensos, que evocam as \u00e1guas cristalinas do Mediterr\u00e2neo. Decorada com um motivo distintivo da ilha de Maiorca num suave tom acobreado, cada ta\u00e7a \u00e9 uma pe\u00e7a artesanal que confere um toque mediterr\u00e2nico a qualquer mesa ou canto da casa. Ideal como recorda\u00e7\u00e3o ou para uso di\u00e1rio.<\/p>\n","protected":false},"featured_media":11877,"template":"","meta":{"_acf_changed":false},"product_brand":[],"product_cat":[513],"product_tag":[],"class_list":{"0":"post-28798","1":"product","2":"type-product","3":"status-publish","4":"has-post-thumbnail","6":"product_cat-bols","7":"pa_ciudad-mallorca","8":"pa_motivo-ilhas","9":"pa_pais-espana","11":"first","12":"instock","13":"shipping-taxable","14":"product-type-simple"},"acf":[],"_links":{"self":[{"href":"https:\/\/olemosaic.com\/pt-pt\/wp-json\/wp\/v2\/product\/28798","targetHints":{"allow":["GET"]}}],"collection":[{"href":"https:\/\/olemosaic.com\/pt-pt\/wp-json\/wp\/v2\/product"}],"about":[{"href":"https:\/\/olemosaic.com\/pt-pt\/wp-json\/wp\/v2\/types\/product"}],"wp:featuredmedia":[{"embeddable":true,"href":"https:\/\/olemosaic.com\/pt-pt\/wp-json\/wp\/v2\/media\/11877"}],"wp:attachment":[{"href":"https:\/\/olemosaic.com\/pt-pt\/wp-json\/wp\/v2\/media?parent=28798"}],"wp:term":[{"taxonomy":"product_brand","embeddable":true,"href":"https:\/\/olemosaic.com\/pt-pt\/wp-json\/wp\/v2\/product_brand?post=28798"},{"taxonomy":"product_cat","embeddable":true,"href":"https:\/\/olemosaic.com\/pt-pt\/wp-json\/wp\/v2\/product_cat?post=28798"},{"taxonomy":"product_tag","embeddable":true,"href":"https:\/\/olemosaic.com\/pt-pt\/wp-json\/wp\/v2\/product_tag?post=28798"}],"curies":[{"name":"wp","href":"https:\/\/api.w.org\/{rel}","templated":true}]}}