{"id":28797,"date":"2025-02-20T23:29:53","date_gmt":"2025-02-20T22:29:53","guid":{"rendered":"http:\/\/olemosaic.com\/producto\/bol-de-coco-azul-salamandra-4\/"},"modified":"2025-07-25T20:19:48","modified_gmt":"2025-07-25T18:19:48","slug":"taca-de-coco-azul-salamandra-4","status":"publish","type":"product","link":"https:\/\/olemosaic.com\/pt-pt\/produto\/taca-de-coco-azul-salamandra-4\/","title":{"rendered":"Ta\u00e7a de coco azul. Salamandra. Fundo marinho."},"content":{"rendered":"<p>Esta ta\u00e7a de coco azul \u00e9 uma requintada pe\u00e7a decorativa que reflete a riqueza cultural da regi\u00e3o mediterr\u00e2nica. Concebida com um fundo azul claro, a ta\u00e7a \u00e9 adornada com c\u00edrculos em diversas tonalidades de azul que evocam a serenidade do oceano. No centro, destaca-se uma bela salamandra, com efeito pintado \u00e0 m\u00e3o em tons castanhos sofisticados com detalhes em vermelho vibrante, que confere um toque distintivo e \u00fanico a esta obra-prima artesanal. Esta representa\u00e7\u00e3o animal n\u00e3o s\u00f3 embeleza a ta\u00e7a, como tamb\u00e9m simboliza a liga\u00e7\u00e3o com a flora e fauna do Mediterr\u00e2neo, real\u00e7ando a sua autenticidade e o respeito pela natureza local.<\/p>\n<p>Ideal para servir aperitivos ou como um atraente elemento decorativo em qualquer casa, esta ta\u00e7a de coco azul \u00e9 um reflexo perfeito da tradi\u00e7\u00e3o art\u00edstica da regi\u00e3o. Torna-se assim uma recorda\u00e7\u00e3o indispens\u00e1vel para quem procura lembran\u00e7as que transcendam o comum, conferindo um ar de sofistica\u00e7\u00e3o e cultura mediterr\u00e2nica \u00e0 sua cole\u00e7\u00e3o. Na Ol\u00e9 Mosaic, o nosso compromisso \u00e9 oferecer produtos \u00fanicos por grosso que representem a ess\u00eancia de lugares ic\u00f3nicos. Esta ta\u00e7a \u00e9 uma excelente op\u00e7\u00e3o para lojas de presentes tur\u00edsticos que desejem destacar a autenticidade e qualidade dos seus artigos. Como distribuidor de lembran\u00e7as aut\u00eanticas, garantimos que cada pe\u00e7a, como esta ta\u00e7a, \u00e9 uma homenagem \u00e0 vibrante cultura que a inspira.<\/p>\n","protected":false},"excerpt":{"rendered":"<p>Ta\u00e7a de coco azul decorada com um design de salamandra de design artesanal, pintado \u00e0 m\u00e3o, inspirado na rica flora e fauna mediterr\u00e2nicas. Esta elegante ta\u00e7a apresenta um fundo azul claro adornado com c\u00edrculos de diferentes tons de azul, que evocam o oceano. A salamandra, com tons castanhos e detalhes em vermelho vibrante, acrescenta um toque distintivo e cultural. Perfeita para servir aperitivos ou como pe\u00e7a decorativa em casa.<\/p>\n","protected":false},"featured_media":11833,"template":"","meta":{"_acf_changed":false},"product_brand":[],"product_cat":[513],"product_tag":[516],"class_list":{"0":"post-28797","1":"product","2":"type-product","3":"status-publish","4":"has-post-thumbnail","6":"product_cat-bols","7":"product_tag-animais","8":"pa_motivo-salamandras","10":"first","11":"instock","12":"shipping-taxable","13":"product-type-simple"},"acf":[],"_links":{"self":[{"href":"https:\/\/olemosaic.com\/pt-pt\/wp-json\/wp\/v2\/product\/28797","targetHints":{"allow":["GET"]}}],"collection":[{"href":"https:\/\/olemosaic.com\/pt-pt\/wp-json\/wp\/v2\/product"}],"about":[{"href":"https:\/\/olemosaic.com\/pt-pt\/wp-json\/wp\/v2\/types\/product"}],"wp:featuredmedia":[{"embeddable":true,"href":"https:\/\/olemosaic.com\/pt-pt\/wp-json\/wp\/v2\/media\/11833"}],"wp:attachment":[{"href":"https:\/\/olemosaic.com\/pt-pt\/wp-json\/wp\/v2\/media?parent=28797"}],"wp:term":[{"taxonomy":"product_brand","embeddable":true,"href":"https:\/\/olemosaic.com\/pt-pt\/wp-json\/wp\/v2\/product_brand?post=28797"},{"taxonomy":"product_cat","embeddable":true,"href":"https:\/\/olemosaic.com\/pt-pt\/wp-json\/wp\/v2\/product_cat?post=28797"},{"taxonomy":"product_tag","embeddable":true,"href":"https:\/\/olemosaic.com\/pt-pt\/wp-json\/wp\/v2\/product_tag?post=28797"}],"curies":[{"name":"wp","href":"https:\/\/api.w.org\/{rel}","templated":true}]}}