{"id":28795,"date":"2025-02-20T23:29:53","date_gmt":"2025-02-20T22:29:53","guid":{"rendered":"http:\/\/olemosaic.com\/producto\/bol-de-coco-azul-caballito-de-mar-gran-canaria-2\/"},"modified":"2025-07-25T19:49:32","modified_gmt":"2025-07-25T17:49:32","slug":"taca-de-coco-azul-cavalo-marinho-gran-canaria-2","status":"publish","type":"product","link":"https:\/\/olemosaic.com\/pt-pt\/produto\/taca-de-coco-azul-cavalo-marinho-gran-canaria-2\/","title":{"rendered":"Ta\u00e7a de coco azul. Cavalo-marinho. Gran Canaria. Fundo marinho."},"content":{"rendered":"<p>Esta ta\u00e7a de coco azul \u00e9 uma requintada pe\u00e7a decorativa que capta a ess\u00eancia e a beleza de Gran Canaria. Elaborada principalmente com coco, o seu design pintado \u00e0 m\u00e3o destaca-se em tons azuis e dourados, criando um apelo visual que evoca a clareza das suas \u00e1guas cristalinas. No centro da ta\u00e7a, um elegante cavalo-marinho em tons p\u00farpura emerge com gra\u00e7a, simbolizando a rica vida marinha da regi\u00e3o. A superf\u00edcie da ta\u00e7a \u00e9 adornada com uma decora\u00e7\u00e3o texturizada de formas irregulares que confere um toque org\u00e2nico e art\u00edstico, refletindo a biodiversidade da ilha.<\/p>\n<p>Esta ta\u00e7a n\u00e3o s\u00f3 representa uma lembran\u00e7a aut\u00eantica de Gran Canaria, como tamb\u00e9m oferece uma profunda liga\u00e7\u00e3o cultural, uma vez que os cavalos-marinhos s\u00e3o emblem\u00e1ticos do ambiente marinho das Can\u00e1rias e da cultura local. Como recorda\u00e7\u00e3o representativa da ilha, esta ta\u00e7a \u00e9 ideal para quem procura levar para casa um peda\u00e7o da beleza natural e cultural de Gran Canaria.<\/p>\n<p>Na Ol\u00e9 Mosaic, especializamo-nos na distribui\u00e7\u00e3o de lembran\u00e7as por grosso, e esta ta\u00e7a de coco azul \u00e9 uma excelente op\u00e7\u00e3o para lojas de presentes tur\u00edsticos que desejem oferecer artigos artesanais e aut\u00eanticos aos seus clientes. Com o seu design \u00fanico e a sua relev\u00e2ncia cultural, esta ta\u00e7a \u00e9 uma pe\u00e7a ideal para colecionadores e turistas que procuram lembran\u00e7as de Gran Canaria que contem uma hist\u00f3ria.<\/p>\n","protected":false},"excerpt":{"rendered":"<p>Ta\u00e7a de coco azul com um delicado design de cavalo-marinho, que evoca a ess\u00eancia de Gran Canaria. Este produto, elaborado principalmente com coco, destaca-se pelo seu acabamento de design artesanal, pintado \u00e0 m\u00e3o, em tons azuis e dourados, o que cria um atraente efeito visual. No centro, o cavalo-marinho, em tons p\u00farpura, \u00e9 rodeado por uma decora\u00e7\u00e3o texturizada de formas irregulares. Uma pe\u00e7a elegante, ideal para adornar qualquer espa\u00e7o ou colecionar recorda\u00e7\u00f5es desta bela regi\u00e3o.<\/p>\n","protected":false},"featured_media":10135,"template":"","meta":{"_acf_changed":false},"product_brand":[],"product_cat":[513],"product_tag":[516],"class_list":{"0":"post-28795","1":"product","2":"type-product","3":"status-publish","4":"has-post-thumbnail","6":"product_cat-bols","7":"product_tag-animais","8":"pa_ciudad-gran-canaria","9":"pa_motivo-cavalos-marinhos","10":"pa_pais-espana","12":"first","13":"instock","14":"shipping-taxable","15":"product-type-simple"},"acf":[],"_links":{"self":[{"href":"https:\/\/olemosaic.com\/pt-pt\/wp-json\/wp\/v2\/product\/28795","targetHints":{"allow":["GET"]}}],"collection":[{"href":"https:\/\/olemosaic.com\/pt-pt\/wp-json\/wp\/v2\/product"}],"about":[{"href":"https:\/\/olemosaic.com\/pt-pt\/wp-json\/wp\/v2\/types\/product"}],"wp:featuredmedia":[{"embeddable":true,"href":"https:\/\/olemosaic.com\/pt-pt\/wp-json\/wp\/v2\/media\/10135"}],"wp:attachment":[{"href":"https:\/\/olemosaic.com\/pt-pt\/wp-json\/wp\/v2\/media?parent=28795"}],"wp:term":[{"taxonomy":"product_brand","embeddable":true,"href":"https:\/\/olemosaic.com\/pt-pt\/wp-json\/wp\/v2\/product_brand?post=28795"},{"taxonomy":"product_cat","embeddable":true,"href":"https:\/\/olemosaic.com\/pt-pt\/wp-json\/wp\/v2\/product_cat?post=28795"},{"taxonomy":"product_tag","embeddable":true,"href":"https:\/\/olemosaic.com\/pt-pt\/wp-json\/wp\/v2\/product_tag?post=28795"}],"curies":[{"name":"wp","href":"https:\/\/api.w.org\/{rel}","templated":true}]}}